{"id":126774,"date":"2026-05-09T00:55:59","date_gmt":"2026-05-08T22:55:59","guid":{"rendered":"https:\/\/one-horizon.ch\/product\/novis-7-1\/"},"modified":"2026-05-09T00:55:59","modified_gmt":"2026-05-08T22:55:59","slug":"novis-7-1","status":"publish","type":"product","link":"https:\/\/one-horizon.ch\/fr\/product\/novis-7-1\/","title":{"rendered":"Novis 7.1"},"content":{"rendered":"<p>Le Novis 7.1 de 7clouds allie un design remarquable \u00e0 une fonctionnalit\u00e9 bien pens\u00e9e. La coupe caract\u00e9ristique \u00e0 45\u00b0 sur la t\u00eate du sac \u00e0 dos est une caract\u00e9ristique de design unique de la marque &#8211; et rend ce sac \u00e0 dos urbain imm\u00e9diatement reconnaissable. <\/p>\n<h2>Mat\u00e9riaux durables<\/h2>\n<p>La housse ext\u00e9rieure est fabriqu\u00e9e en toile de bateau imperm\u00e9able (Tarpaulin) et en polyester RPET recycl\u00e9 &#8211; fabriqu\u00e9 \u00e0 partir de bouteilles PET. La doublure int\u00e9rieure en coton r\u00e9sistant et les applications en cuir tann\u00e9 \u00e0 base de plantes compl\u00e8tent le concept de mat\u00e9riaux durables. <\/p>\n<h2>Une organisation intelligente<\/h2>\n<ul>\n<li>Compartiment rembourr\u00e9 pour ordinateur portable de 15 pouces (format vertical) et compartiment pour tablette de 10,5 pouces<\/li>\n<li>2 poches int\u00e9rieures pour t\u00e9l\u00e9phone portable et porte-monnaie<\/li>\n<li>Poche zipp\u00e9e longitudinale \u00e0 l&#8217;ext\u00e9rieur<\/li>\n<li>Convient pour les classeurs A4 &#8211; peut \u00e9galement \u00eatre utilis\u00e9 comme bagage de cabine<\/li>\n<\/ul>\n<h2>Syst\u00e8me de transport flexible<\/h2>\n<p>Des bretelles robustes en sangle de s\u00e9curit\u00e9 automobile, fix\u00e9es \u00e0 des anneaux en D, s&#8217;adaptent parfaitement \u00e0 la forme des \u00e9paules. Une poign\u00e9e solide compl\u00e8te les options de transport. <\/p>\n<h2>Donn\u00e9es techniques<\/h2>\n<ul>\n<li><strong>Dimensions :<\/strong> H38 \u00d7 L29 \u00d7 P11 cm<\/li>\n<li><strong>Volume :<\/strong> 12 litres<\/li>\n<li><strong>Poids :<\/strong> 0.9 kg<\/li>\n<li><strong>Mat\u00e9riau ext\u00e9rieur :<\/strong> B\u00e2che de protection pour bateau &amp; polyester RPET<\/li>\n<li><strong>Mat\u00e9riau int\u00e9rieur :<\/strong> 100% coton<\/li>\n<li><strong>Applications :<\/strong> Cuir tann\u00e9 v\u00e9g\u00e9tal<\/li>\n<li><strong>Production :<\/strong> \u00e9quitable et durable<\/li>\n<\/ul>\n","protected":false},"excerpt":{"rendered":"<p>Sac \u00e0 dos urbain en polyester RPET recycl\u00e9 et b\u00e2che de bateau imperm\u00e9able. Compartiment rembourr\u00e9 pour ordinateur portable 15&#8243;, compartiment pour tablette et syst\u00e8me de bandouli\u00e8re flexible \u00e0 anneaux en D. 12 litres, 0,9 kg &#8211; id\u00e9al pour le travail, l&#8217;universit\u00e9 et les voyages.  <\/p>\n","protected":false},"featured_media":126738,"comment_status":"open","ping_status":"closed","template":"","meta":{"_acf_changed":false},"product_brand":[2984],"product_cat":[867],"product_tag":[],"class_list":{"0":"post-126774","1":"product","2":"type-product","3":"status-publish","4":"has-post-thumbnail","6":"product_brand-7clouds","7":"product_cat-sacs-a-dos","8":"pa_farbe-bleu-gris","9":"pa_farbe-junglegreen-blanc","11":"first","12":"onbackorder","13":"taxable","14":"shipping-taxable","15":"purchasable","16":"product-type-variable"},"acf":[],"_links":{"self":[{"href":"https:\/\/one-horizon.ch\/fr\/wp-json\/wp\/v2\/product\/126774","targetHints":{"allow":["GET"]}}],"collection":[{"href":"https:\/\/one-horizon.ch\/fr\/wp-json\/wp\/v2\/product"}],"about":[{"href":"https:\/\/one-horizon.ch\/fr\/wp-json\/wp\/v2\/types\/product"}],"replies":[{"embeddable":true,"href":"https:\/\/one-horizon.ch\/fr\/wp-json\/wp\/v2\/comments?post=126774"}],"wp:featuredmedia":[{"embeddable":true,"href":"https:\/\/one-horizon.ch\/fr\/wp-json\/wp\/v2\/media\/126738"}],"wp:attachment":[{"href":"https:\/\/one-horizon.ch\/fr\/wp-json\/wp\/v2\/media?parent=126774"}],"wp:term":[{"taxonomy":"product_brand","embeddable":true,"href":"https:\/\/one-horizon.ch\/fr\/wp-json\/wp\/v2\/product_brand?post=126774"},{"taxonomy":"product_cat","embeddable":true,"href":"https:\/\/one-horizon.ch\/fr\/wp-json\/wp\/v2\/product_cat?post=126774"},{"taxonomy":"product_tag","embeddable":true,"href":"https:\/\/one-horizon.ch\/fr\/wp-json\/wp\/v2\/product_tag?post=126774"}],"curies":[{"name":"wp","href":"https:\/\/api.w.org\/{rel}","templated":true}]}}