{"id":126980,"date":"2026-05-11T19:41:48","date_gmt":"2026-05-11T17:41:48","guid":{"rendered":"https:\/\/one-horizon.ch\/product\/agal-7-3-m-grey-junglegreen-camel\/"},"modified":"2026-05-11T19:41:48","modified_gmt":"2026-05-11T17:41:48","slug":"agal-7-3-m-grey-junglegreen-camel","status":"publish","type":"product","link":"https:\/\/one-horizon.ch\/fr\/product\/agal-7-3-m-grey-junglegreen-camel\/","title":{"rendered":"Agal 7.3 M &#8211; grey-junglegreen-camel"},"content":{"rendered":"<p>L&#8217;AGAL 7.3-M est un sac \u00e0 dos polyvalent pour ordinateur portable, fabriqu\u00e9 \u00e0 partir de <strong>95 % de mati\u00e8res premi\u00e8res recycl\u00e9es<\/strong> et adapt\u00e9 \u00e0 la vie quotidienne, au travail, aux voyages et aux loisirs.<br \/>Fabriqu\u00e9 en <strong>r-PET certifi\u00e9 GRS<\/strong> avec un rev\u00eatement \u00e9tanche en PU et TPU, il offre une protection contre les intemp\u00e9ries et une grande durabilit\u00e9.<\/p>\n<p>Il dispose d&#8217;un compartiment rembourr\u00e9 pour ordinateur portable pouvant accueillir des appareils jusqu&#8217;\u00e0 15 pouces, de deux poches int\u00e9rieures et de compartiments avant et arri\u00e8re zipp\u00e9s.<br \/>Les bretelles r\u00e9glables et la sangle pectorale ajustable contribuent au confort de transport, m\u00eame sur de longues distances.<\/p>\n<p><strong>Sp\u00e9cifications<\/strong><br \/>&#8211; <strong>Dimensions (L\/H\/P) :<\/strong> 27 \u00d7 40 \u00d7 12 cm<br \/>&#8211; <strong>Volume :<\/strong> 13,0 l<br \/>&#8211; <strong>Poids :<\/strong> 1000 g<\/p>\n<p><strong>Mat\u00e9riaux :<\/strong><br \/>&#8211; Dessus 1 : r-PET avec rev\u00eatement PU, imperm\u00e9able<br \/>&#8211; Dessus 2 : tarpaulin r-PET avec rev\u00eatement TPU, imperm\u00e9able<br \/>&#8211; Doublure : r-PET<br \/>&#8211; Parties dures : PP recycl\u00e9<br \/>&#8211; Sangles : nylon<br \/>&#8211; Fermetures \u00e0 glissi\u00e8re : YKK<br \/>&#8211; <strong>Certification :<\/strong> GRS &#8211; Global Recycled Standard<br \/>&#8211; <strong>Compartiments :<\/strong> compartiment frontal, compartiment dorsal, 2 poches int\u00e9rieures, compartiment pour ordinateur portable jusqu&#8217;\u00e0 15 pouces<br \/>&#8211; <strong>Options de transport :<\/strong> bretelles r\u00e9glables, sangle de poitrine r\u00e9glable<\/p>\n","protected":false},"excerpt":{"rendered":"<p>Sac \u00e0 dos pour ordinateur portable durable, fabriqu\u00e9 \u00e0 partir de 95% de mat\u00e9riaux recycl\u00e9s certifi\u00e9s GRS et recouvert d&#8217;un rev\u00eatement imperm\u00e9able en PU et TPU. Contient 13 l, offre un compartiment rembourr\u00e9 pour ordinateur portable jusqu&#8217;\u00e0 15 pouces et un syst\u00e8me de portage ergonomique pour le quotidien et les voyages. <\/p>\n","protected":false},"featured_media":126942,"comment_status":"open","ping_status":"closed","template":"","meta":{"_acf_changed":false},"product_brand":[2984],"product_cat":[867],"product_tag":[],"class_list":{"0":"post-126980","1":"product","2":"type-product","3":"status-publish","4":"has-post-thumbnail","6":"product_brand-7clouds","7":"product_cat-sacs-a-dos","9":"first","10":"onbackorder","11":"taxable","12":"shipping-taxable","13":"purchasable","14":"product-type-simple"},"acf":[],"_links":{"self":[{"href":"https:\/\/one-horizon.ch\/fr\/wp-json\/wp\/v2\/product\/126980","targetHints":{"allow":["GET"]}}],"collection":[{"href":"https:\/\/one-horizon.ch\/fr\/wp-json\/wp\/v2\/product"}],"about":[{"href":"https:\/\/one-horizon.ch\/fr\/wp-json\/wp\/v2\/types\/product"}],"replies":[{"embeddable":true,"href":"https:\/\/one-horizon.ch\/fr\/wp-json\/wp\/v2\/comments?post=126980"}],"wp:featuredmedia":[{"embeddable":true,"href":"https:\/\/one-horizon.ch\/fr\/wp-json\/wp\/v2\/media\/126942"}],"wp:attachment":[{"href":"https:\/\/one-horizon.ch\/fr\/wp-json\/wp\/v2\/media?parent=126980"}],"wp:term":[{"taxonomy":"product_brand","embeddable":true,"href":"https:\/\/one-horizon.ch\/fr\/wp-json\/wp\/v2\/product_brand?post=126980"},{"taxonomy":"product_cat","embeddable":true,"href":"https:\/\/one-horizon.ch\/fr\/wp-json\/wp\/v2\/product_cat?post=126980"},{"taxonomy":"product_tag","embeddable":true,"href":"https:\/\/one-horizon.ch\/fr\/wp-json\/wp\/v2\/product_tag?post=126980"}],"curies":[{"name":"wp","href":"https:\/\/api.w.org\/{rel}","templated":true}]}}