{"id":94304,"date":"2024-02-08T22:47:28","date_gmt":"2024-02-08T21:47:28","guid":{"rendered":"https:\/\/one-horizon.ch\/product\/akvo-bottle-gris-fonce\/"},"modified":"2026-04-07T23:18:11","modified_gmt":"2026-04-07T21:18:11","slug":"gourde-akvo","status":"publish","type":"product","link":"https:\/\/one-horizon.ch\/fr\/product\/gourde-akvo\/","title":{"rendered":"Gourde Akvo"},"content":{"rendered":"<p>La bouteille sous vide en acier inoxydable garde votre boisson pr\u00e9f\u00e9r\u00e9e chaude et d\u00e9licieuse pendant 12 heures et froide pendant 24 heures. De plus, la surface int\u00e9rieure \u00e9lectropolie r\u00e9siste \u00e0 la croissance des bact\u00e9ries. Gr\u00e2ce \u00e0 la housse en silicone antid\u00e9rapante amovible, vous ne perdez jamais pied.<\/p>\n<p><strong>Caract\u00e9ristiques<\/strong><\/p>\n<ul>\n<li>Bouteille \u00e0 vide en acier inoxydable<\/li>\n<li>12h chaud &amp; 24h froid<\/li>\n<li>housse en silicone antid\u00e9rapante (amovible)<\/li>\n<li>hygi\u00e8ne, la surface int\u00e9rieure \u00e9lectropolie r\u00e9siste \u00e0 la prolif\u00e9ration des bact\u00e9ries et facilite le nettoyage<\/li>\n<\/ul>\n<p>Nous utilisons des mat\u00e9riaux PET \u00e9cologiquement recycl\u00e9s. Tous sont v\u00e9g\u00e9taliens, exempts de colorants AZO et de m\u00e9taux lourds.<\/p>\n<p><strong>Dimensions et poids<\/strong><\/p>\n<ul>\n<li>Dimensions : 23 x 5 cm<\/li>\n<li>capacit\u00e9 : 500 ml<\/li>\n<\/ul>\n","protected":false},"excerpt":{"rendered":"<p>Bouteille sous vide en acier inoxydable pour 12h de boissons chaudes &amp; 24h de boissons froides. Inhibiteur de croissance bact\u00e9rienne, enveloppe en silicone antid\u00e9rapante, mat\u00e9riau PET \u00e9cologiquement recycl\u00e9, v\u00e9g\u00e9talien, sans AZO ni m\u00e9taux lourds. Dimensions : 23 x 5 cm, 500 ml<\/p>\n","protected":false},"featured_media":100998,"comment_status":"open","ping_status":"closed","template":"","meta":{"_acf_changed":false},"product_brand":[3047],"product_cat":[849],"product_tag":[3292,3295],"class_list":{"0":"post-94304","1":"product","2":"type-product","3":"status-publish","4":"has-post-thumbnail","6":"product_brand-ucon-acrobatics","7":"product_cat-gourdes","8":"product_tag-pour-lui","9":"product_tag-pour-vous","10":"product_shipping_class-colis-jusqua-2-kg","11":"pa_farbe-bleu","12":"pa_farbe-gris-fonce","13":"pa_farbe-nude-fr","14":"pa_farbe-rose","16":"first","17":"instock","18":"taxable","19":"shipping-taxable","20":"purchasable","21":"product-type-variable"},"acf":[],"_links":{"self":[{"href":"https:\/\/one-horizon.ch\/fr\/wp-json\/wp\/v2\/product\/94304","targetHints":{"allow":["GET"]}}],"collection":[{"href":"https:\/\/one-horizon.ch\/fr\/wp-json\/wp\/v2\/product"}],"about":[{"href":"https:\/\/one-horizon.ch\/fr\/wp-json\/wp\/v2\/types\/product"}],"replies":[{"embeddable":true,"href":"https:\/\/one-horizon.ch\/fr\/wp-json\/wp\/v2\/comments?post=94304"}],"wp:featuredmedia":[{"embeddable":true,"href":"https:\/\/one-horizon.ch\/fr\/wp-json\/wp\/v2\/media\/100998"}],"wp:attachment":[{"href":"https:\/\/one-horizon.ch\/fr\/wp-json\/wp\/v2\/media?parent=94304"}],"wp:term":[{"taxonomy":"product_brand","embeddable":true,"href":"https:\/\/one-horizon.ch\/fr\/wp-json\/wp\/v2\/product_brand?post=94304"},{"taxonomy":"product_cat","embeddable":true,"href":"https:\/\/one-horizon.ch\/fr\/wp-json\/wp\/v2\/product_cat?post=94304"},{"taxonomy":"product_tag","embeddable":true,"href":"https:\/\/one-horizon.ch\/fr\/wp-json\/wp\/v2\/product_tag?post=94304"}],"curies":[{"name":"wp","href":"https:\/\/api.w.org\/{rel}","templated":true}]}}