{"id":94307,"date":"2024-02-08T22:47:29","date_gmt":"2024-02-08T21:47:29","guid":{"rendered":"https:\/\/one-horizon.ch\/product\/memobottle-a5\/"},"modified":"2026-04-07T23:18:14","modified_gmt":"2026-04-07T21:18:14","slug":"memobottle-a5","status":"publish","type":"product","link":"https:\/\/one-horizon.ch\/fr\/product\/memobottle-a5\/","title":{"rendered":"Memobottle A5"},"content":{"rendered":"<p>Le Memobottle A5 se glisse parfaitement dans votre sac \u00e0 c\u00f4t\u00e9 de votre iPad, de vos livres et de votre ordinateur portable. Bas\u00e9 sur le format de papier international A5, sa forme ergonomique permet un ajustement de type Tetris. La bouteille m\u00e9mo A5 est le compagnon que vous recherchiez pour rester en bonne sant\u00e9, hydrat\u00e9 et \u00e9l\u00e9gant. Avec une forme \u00e9l\u00e9gante et une apparence minimale, la bouteille m\u00e9mo A5 fera facilement partie de votre routine quotidienne pour rester en bonne sant\u00e9 et hydrat\u00e9.<\/p>\n<p>&nbsp;<\/p>\n<p>L&#8217;ext\u00e9rieur transparent transforme le H20 ordinaire en une \u0153uvre d&#8217;art fascinante et ludique, qui vous encourage \u00e9galement \u00e0 augmenter votre consommation d&#8217;eau quotidienne. Donnez un coup de pouce vitamin\u00e9 \u00e0 chaque gorg\u00e9e en y ajoutant quelques myrtilles ou fraises. Votre bouteille m\u00e9mo A5 est combin\u00e9e \u00e0 un couvercle noir et blanc, le tout enferm\u00e9 dans un emballage recycl\u00e9 de haute qualit\u00e9 ; un cadeau parfait pour vous-m\u00eame ou un \u00eatre cher. Avec une capacit\u00e9 de 750 ml, la bouteille m\u00e9mo A5 vous permet de rester concentr\u00e9 et de travailler de mani\u00e8re plus productive.<\/p>\n<p>&nbsp;<\/p>\n<p><strong>Water.org<\/strong><\/p>\n<p>Chaque Memobottle vendue fournit de l&#8217;eau potable aux personnes dans le besoin pendant 5 mois gr\u00e2ce au partenariat avec Water.org.<\/p>\n","protected":false},"excerpt":{"rendered":"<p>Le Memobottle A5 est le compagnon id\u00e9al de votre quotidien ! Avec sa forme ergonomique et son design minimaliste, elle se glisse parfaitement dans votre poche. La bouteille transparente vous encourage \u00e0 augmenter votre consommation d&#8217;eau quotidienne et fournit de l&#8217;eau potable aux personnes dans le besoin gr\u00e2ce \u00e0 son partenariat avec Water.org.<\/p>\n","protected":false},"featured_media":72527,"comment_status":"open","ping_status":"closed","template":"","meta":{"_acf_changed":false},"product_brand":[3022],"product_cat":[849],"product_tag":[3292,3295],"class_list":{"0":"post-94307","1":"product","2":"type-product","3":"status-publish","4":"has-post-thumbnail","6":"product_brand-memobottle","7":"product_cat-gourdes","8":"product_tag-pour-lui","9":"product_tag-pour-vous","10":"product_shipping_class-colis-jusqua-2-kg","12":"first","13":"instock","14":"taxable","15":"shipping-taxable","16":"purchasable","17":"product-type-simple"},"acf":[],"_links":{"self":[{"href":"https:\/\/one-horizon.ch\/fr\/wp-json\/wp\/v2\/product\/94307","targetHints":{"allow":["GET"]}}],"collection":[{"href":"https:\/\/one-horizon.ch\/fr\/wp-json\/wp\/v2\/product"}],"about":[{"href":"https:\/\/one-horizon.ch\/fr\/wp-json\/wp\/v2\/types\/product"}],"replies":[{"embeddable":true,"href":"https:\/\/one-horizon.ch\/fr\/wp-json\/wp\/v2\/comments?post=94307"}],"wp:featuredmedia":[{"embeddable":true,"href":"https:\/\/one-horizon.ch\/fr\/wp-json\/wp\/v2\/media\/72527"}],"wp:attachment":[{"href":"https:\/\/one-horizon.ch\/fr\/wp-json\/wp\/v2\/media?parent=94307"}],"wp:term":[{"taxonomy":"product_brand","embeddable":true,"href":"https:\/\/one-horizon.ch\/fr\/wp-json\/wp\/v2\/product_brand?post=94307"},{"taxonomy":"product_cat","embeddable":true,"href":"https:\/\/one-horizon.ch\/fr\/wp-json\/wp\/v2\/product_cat?post=94307"},{"taxonomy":"product_tag","embeddable":true,"href":"https:\/\/one-horizon.ch\/fr\/wp-json\/wp\/v2\/product_tag?post=94307"}],"curies":[{"name":"wp","href":"https:\/\/api.w.org\/{rel}","templated":true}]}}