{"id":94311,"date":"2024-02-08T22:47:30","date_gmt":"2024-02-08T21:47:30","guid":{"rendered":"https:\/\/one-horizon.ch\/product\/mevoc-1-vert\/"},"modified":"2026-03-30T00:04:33","modified_gmt":"2026-03-29T22:04:33","slug":"mevoc-1-green","status":"publish","type":"product","link":"https:\/\/one-horizon.ch\/fr\/product\/mevoc-1-green\/","title":{"rendered":"Mevoc 1 &#8211; vert"},"content":{"rendered":"<p>D\u00e9couvrez Mevoc 1 &#8211; votre sac \u00e0 dos durable \u00e0 roulettes pour le travail, l&#8217;universit\u00e9 et les voyages. De haute qualit\u00e9 et tr\u00e8s tendance, il r\u00e9pond \u00e0 tous les besoins. Styl\u00e9 et fonctionnel gr\u00e2ce \u00e0 des d\u00e9tails techniques. Obtenez votre compagnon id\u00e9al !<\/p>\n<\/p>\n<p><strong>Caract\u00e9ristiques<\/strong><\/p>\n<ul>\n<li>Taille : H45 x P17 x L33 cm<\/li>\n<li>litres : 25,2<\/li>\n<li>poids : 1,3 kg<\/li>\n<li>Sac \u00e0 dos pour ordinateur portable \u00e0 roulettes pour \u00e9tudiants<\/li>\n<li>Doublure : 100% coton r\u00e9sistant (fibre naturelle)<\/li>\n<li>Sangles : coton (fibres naturelles)<\/li>\n<li>Applications : cuir tann\u00e9 v\u00e9g\u00e9tal<\/li>\n<li>Housse ext\u00e9rieure : Canvas (fibre naturelle de coton), soft waxed (hydrofuge)<\/li>\n<li>Rolltop s\u00e9curis\u00e9 par 2 crochets de fermeture \u00e0 sangle, r\u00e9glable<\/li>\n<li>1 poign\u00e9e en coton (fibre naturelle) avec application de cuir<\/li>\n<li>Bandouli\u00e8re : rembourr\u00e9e en toile (coton et fibres naturelles)<\/li>\n<li>Dos rembourr\u00e9<\/li>\n<li>poche zipp\u00e9e \u00e0 l&#8217;avant<\/li>\n<li>Poche zipp\u00e9e \u00e0 l&#8217;arri\u00e8re<\/li>\n<li>Raccords : m\u00e9tal<\/li>\n<li>Int\u00e9rieur : Compartiment pour ordinateur portable en toile, rembourr\u00e9, pouvant accueillir jusqu&#8217;\u00e0 15 pouces (39 x 28 cm)<\/li>\n<li>compartiment pour tablette en toile, pouvant accueillir jusqu&#8217;\u00e0 10,5 pouces<\/li>\n<li>2 poches en toile<\/li>\n<\/ul>\n","protected":false},"excerpt":{"rendered":"<p>D\u00e9couvrez le sac \u00e0 dos durable Mevoc 1 Rolltop pour le travail, l&#8217;universit\u00e9 et les voyages. Haut de gamme, tendance, fonctionnel avec des d\u00e9tails techniques. Coton r\u00e9sistant, cuir tann\u00e9 v\u00e9g\u00e9tal, toile imperm\u00e9able. Rolltop, dos rembourr\u00e9, bandouli\u00e8re, compartiment pour ordinateur portable jusqu&#8217;\u00e0 15 pouces. Votre compagnon id\u00e9al !<\/p>\n","protected":false},"featured_media":70427,"comment_status":"open","ping_status":"closed","template":"","meta":{"_acf_changed":false},"product_brand":[3019],"product_cat":[867],"product_tag":[],"class_list":{"0":"post-94311","1":"product","2":"type-product","3":"status-publish","4":"has-post-thumbnail","6":"product_brand-margelisch","7":"product_cat-sacs-a-dos","8":"product_shipping_class-colis-jusqua-2-kg","10":"first","11":"outofstock","12":"taxable","13":"shipping-taxable","14":"purchasable","15":"product-type-simple"},"acf":[],"_links":{"self":[{"href":"https:\/\/one-horizon.ch\/fr\/wp-json\/wp\/v2\/product\/94311","targetHints":{"allow":["GET"]}}],"collection":[{"href":"https:\/\/one-horizon.ch\/fr\/wp-json\/wp\/v2\/product"}],"about":[{"href":"https:\/\/one-horizon.ch\/fr\/wp-json\/wp\/v2\/types\/product"}],"replies":[{"embeddable":true,"href":"https:\/\/one-horizon.ch\/fr\/wp-json\/wp\/v2\/comments?post=94311"}],"wp:featuredmedia":[{"embeddable":true,"href":"https:\/\/one-horizon.ch\/fr\/wp-json\/wp\/v2\/media\/70427"}],"wp:attachment":[{"href":"https:\/\/one-horizon.ch\/fr\/wp-json\/wp\/v2\/media?parent=94311"}],"wp:term":[{"taxonomy":"product_brand","embeddable":true,"href":"https:\/\/one-horizon.ch\/fr\/wp-json\/wp\/v2\/product_brand?post=94311"},{"taxonomy":"product_cat","embeddable":true,"href":"https:\/\/one-horizon.ch\/fr\/wp-json\/wp\/v2\/product_cat?post=94311"},{"taxonomy":"product_tag","embeddable":true,"href":"https:\/\/one-horizon.ch\/fr\/wp-json\/wp\/v2\/product_tag?post=94311"}],"curies":[{"name":"wp","href":"https:\/\/api.w.org\/{rel}","templated":true}]}}