{"id":94324,"date":"2024-02-08T22:47:28","date_gmt":"2024-02-08T21:47:28","guid":{"rendered":"https:\/\/one-horizon.ch\/product\/tropic-box-cure-dents-en-amadou\/"},"modified":"2026-03-30T00:06:06","modified_gmt":"2026-03-29T22:06:06","slug":"boite-tropicale-amadou-cure-dents","status":"publish","type":"product","link":"https:\/\/one-horizon.ch\/fr\/product\/boite-tropicale-amadou-cure-dents\/","title":{"rendered":"Tropic Box &#8211; Cure-dents en amadou"},"content":{"rendered":"<p><strong>Zunder Cure-dents Tropic Box &#8211; Votre excursion dans les plaisirs tropicaux<\/strong><\/p>\n<p>&nbsp;<\/p>\n<p><strong>Immersion dans les vacances &#8211; tous les jours<\/strong><\/p>\n<p>Offrez \u00e0 vos invit\u00e9s et \u00e0 vous-m\u00eame une exp\u00e9rience gustative incomparable avec les cure-dents Zunder Tropic. Chaque bo\u00eete vous transporte gustativement dans un monde o\u00f9 l&#8217;ananas, la p\u00eache, la banane et la goyave jouent une symphonie harmonieuse de fra\u00eecheur tropicale. Ces notes fruit\u00e9es cr\u00e9ent une v\u00e9ritable explosion gustative qui \u00e9voque les journ\u00e9es ensoleill\u00e9es et les plages lointaines.  <\/p>\n<p>&nbsp;<\/p>\n<p><strong>Pr\u00e9sentation exclusive<\/strong><\/p>\n<p>Vos cure-dents Zunder Tropic Box sont pr\u00e9sent\u00e9s dans une bo\u00eete m\u00e9tallique esth\u00e9tique qui non seulement attire l&#8217;attention sur chaque table, mais permet \u00e9galement de conserver les cure-dents frais et parfum\u00e9s. Avec 80 cure-dents par bo\u00eete, vous \u00eates parfaitement \u00e9quip\u00e9 pour surprendre et g\u00e2ter vos invit\u00e9s apr\u00e8s un repas partag\u00e9. <\/p>\n<p>&nbsp;<\/p>\n<p><strong>Id\u00e9al pour les gourmets<\/strong><\/p>\n<p>Nous vous recommandons de savourer le go\u00fbt unique des cure-dents Tropic dans le mois qui suit la premi\u00e8re ouverture du paquet. Gr\u00e2ce \u00e0 la douceur naturelle de l&#8217;extrait de st\u00e9via et \u00e0 la s\u00e9lection d&#8217;ar\u00f4mes exquis, ces cure-dents sont un r\u00e9gal absolu en toute occasion. <\/p>\n<p>&nbsp;<\/p>\n<p><strong>Des ingr\u00e9dients en lesquels vous pouvez avoir confiance<\/strong><\/p>\n<p>Les cure-dents Zunder sont fabriqu\u00e9s en bois de bouleau et sont agr\u00e9ment\u00e9s d&#8217;ar\u00f4mes soigneusement s\u00e9lectionn\u00e9s et d&#8217;extrait de st\u00e9via comme \u00e9dulcorant, pour vous offrir une exp\u00e9rience gustative compl\u00e8te et sans souci.<\/p>\n<p>&nbsp;<\/p>\n<p>Avec la <strong>bo\u00eete de cure-dents Zunder Tropic<\/strong>, vous apportez un air de vacances \u00e0 la maison. Id\u00e9al pour ceux qui attachent de l&#8217;importance \u00e0 la qualit\u00e9, au go\u00fbt et au plaisir durable. Vivez avec chaque cure-dents une petite \u00e9vasion de la vie quotidienne &#8211; Bienvenue au paradis tropical !  <\/p>\n","protected":false},"excerpt":{"rendered":"<p>La bo\u00eete de cure-dents Zunder Tropic offre une exp\u00e9rience gustative tropicale : ananas, p\u00eache, banane et goyave ! 80 cure-dents aromatis\u00e9s dans une bo\u00eete m\u00e9tallique \u00e9l\u00e9gante. Id\u00e9al pour un coup de fra\u00eecheur apr\u00e8s le repas.  <\/p>\n","protected":false},"featured_media":100464,"comment_status":"open","ping_status":"closed","template":"","meta":{"_acf_changed":false},"product_brand":[3052],"product_cat":[663],"product_tag":[],"class_list":{"0":"post-94324","1":"product","2":"type-product","3":"status-publish","4":"has-post-thumbnail","6":"product_brand-zunder-zahnstocher","7":"product_cat-keine-kategorie","8":"product_shipping_class-petit-envoi","10":"first","11":"instock","12":"taxable","13":"shipping-taxable","14":"purchasable","15":"product-type-simple"},"acf":[],"_links":{"self":[{"href":"https:\/\/one-horizon.ch\/fr\/wp-json\/wp\/v2\/product\/94324","targetHints":{"allow":["GET"]}}],"collection":[{"href":"https:\/\/one-horizon.ch\/fr\/wp-json\/wp\/v2\/product"}],"about":[{"href":"https:\/\/one-horizon.ch\/fr\/wp-json\/wp\/v2\/types\/product"}],"replies":[{"embeddable":true,"href":"https:\/\/one-horizon.ch\/fr\/wp-json\/wp\/v2\/comments?post=94324"}],"wp:featuredmedia":[{"embeddable":true,"href":"https:\/\/one-horizon.ch\/fr\/wp-json\/wp\/v2\/media\/100464"}],"wp:attachment":[{"href":"https:\/\/one-horizon.ch\/fr\/wp-json\/wp\/v2\/media?parent=94324"}],"wp:term":[{"taxonomy":"product_brand","embeddable":true,"href":"https:\/\/one-horizon.ch\/fr\/wp-json\/wp\/v2\/product_brand?post=94324"},{"taxonomy":"product_cat","embeddable":true,"href":"https:\/\/one-horizon.ch\/fr\/wp-json\/wp\/v2\/product_cat?post=94324"},{"taxonomy":"product_tag","embeddable":true,"href":"https:\/\/one-horizon.ch\/fr\/wp-json\/wp\/v2\/product_tag?post=94324"}],"curies":[{"name":"wp","href":"https:\/\/api.w.org\/{rel}","templated":true}]}}