{"id":94330,"date":"2024-02-08T22:47:29","date_gmt":"2024-02-08T21:47:29","guid":{"rendered":"https:\/\/one-horizon.ch\/product\/memobottle-mince\/"},"modified":"2026-04-07T23:18:12","modified_gmt":"2026-04-07T21:18:12","slug":"memobottle-slim","status":"publish","type":"product","link":"https:\/\/one-horizon.ch\/fr\/product\/memobottle-slim\/","title":{"rendered":"Memobottle Slim"},"content":{"rendered":"<p>La Memobottle Slim joue dans une ligue \u00e0 part. Son profil mince unique lui permet de se glisser confortablement dans les espaces les plus compacts, tout en vous assurant une bonne hydratation. Certains diront que c&#8217;est de l&#8217;art, mais plus important encore, la Memobottle Slim reste aussi pratique que jamais.<\/p>\n<p>&nbsp;<\/p>\n<p>Si vous souhaitez vous d\u00e9marquer, voici la bouteille d&#8217;eau r\u00e9utilisable qu&#8217;il vous faut. Avec sa forme \u00e9l\u00e9gante et son apparence minimale, la Memobottle Slim fera facilement partie de votre routine quotidienne pour rester en bonne sant\u00e9 et hydrat\u00e9. L&#8217;ext\u00e9rieur transparent transforme le H20 ordinaire en une \u0153uvre d&#8217;art fascinante et ludique, qui vous encourage \u00e9galement \u00e0 augmenter votre consommation d&#8217;eau quotidienne.<\/p>\n<p>&nbsp;<\/p>\n<p>Ajoutez une touche de vitamines \u00e0 chaque gorg\u00e9e en y ajoutant quelques myrtilles ou fraises. Votre Memobottle Slim est \u00e9quip\u00e9 d&#8217;un couvercle en acier inoxydable et se trouve dans un emballage recycl\u00e9 de haute qualit\u00e9. Un cadeau parfait pour vous-m\u00eame ou pour un \u00eatre cher. 450 ml<\/p>\n<p>&nbsp;<\/p>\n<p><strong>Water.org<\/strong><\/p>\n<p>Chaque Memobottle vendue fournit de l&#8217;eau potable aux personnes dans le besoin pendant 5 mois gr\u00e2ce \u00e0 notre partenariat avec Water.org.<\/p>\n","protected":false},"excerpt":{"rendered":"<p>Le Memobottle Slim est d&#8217;une finesse unique et s&#8217;adapte partout. Avec son design \u00e9l\u00e9gant et sa contenance de 450 ml, c&#8217;est la bouteille d&#8217;eau r\u00e9utilisable parfaite. Chaque Memobottle vendue fournit de l&#8217;eau potable aux personnes dans le besoin pendant 5 mois gr\u00e2ce \u00e0 Water.org.<\/p>\n","protected":false},"featured_media":99596,"comment_status":"open","ping_status":"closed","template":"","meta":{"_acf_changed":false},"product_brand":[3022],"product_cat":[849],"product_tag":[3292,3295],"class_list":{"0":"post-94330","1":"product","2":"type-product","3":"status-publish","4":"has-post-thumbnail","6":"product_brand-memobottle","7":"product_cat-gourdes","8":"product_tag-pour-lui","9":"product_tag-pour-vous","10":"product_shipping_class-colis-jusqua-2-kg","12":"first","13":"instock","14":"taxable","15":"shipping-taxable","16":"purchasable","17":"product-type-simple"},"acf":[],"_links":{"self":[{"href":"https:\/\/one-horizon.ch\/fr\/wp-json\/wp\/v2\/product\/94330","targetHints":{"allow":["GET"]}}],"collection":[{"href":"https:\/\/one-horizon.ch\/fr\/wp-json\/wp\/v2\/product"}],"about":[{"href":"https:\/\/one-horizon.ch\/fr\/wp-json\/wp\/v2\/types\/product"}],"replies":[{"embeddable":true,"href":"https:\/\/one-horizon.ch\/fr\/wp-json\/wp\/v2\/comments?post=94330"}],"wp:featuredmedia":[{"embeddable":true,"href":"https:\/\/one-horizon.ch\/fr\/wp-json\/wp\/v2\/media\/99596"}],"wp:attachment":[{"href":"https:\/\/one-horizon.ch\/fr\/wp-json\/wp\/v2\/media?parent=94330"}],"wp:term":[{"taxonomy":"product_brand","embeddable":true,"href":"https:\/\/one-horizon.ch\/fr\/wp-json\/wp\/v2\/product_brand?post=94330"},{"taxonomy":"product_cat","embeddable":true,"href":"https:\/\/one-horizon.ch\/fr\/wp-json\/wp\/v2\/product_cat?post=94330"},{"taxonomy":"product_tag","embeddable":true,"href":"https:\/\/one-horizon.ch\/fr\/wp-json\/wp\/v2\/product_tag?post=94330"}],"curies":[{"name":"wp","href":"https:\/\/api.w.org\/{rel}","templated":true}]}}