{"id":94352,"date":"2024-02-08T22:47:29","date_gmt":"2024-02-08T21:47:29","guid":{"rendered":"https:\/\/one-horizon.ch\/product\/a6-memobottle\/"},"modified":"2026-04-07T23:18:09","modified_gmt":"2026-04-07T21:18:09","slug":"memobottle-a6","status":"publish","type":"product","link":"https:\/\/one-horizon.ch\/fr\/product\/memobottle-a6\/","title":{"rendered":"Memobottle A6"},"content":{"rendered":"<p>La Memobottle A6 se glisse parfaitement dans votre poche, votre sac \u00e0 main ou comme compagnon d&#8217;entra\u00eenement. Sa forme pratique refl\u00e8te le format international du papier A6 et vous permet de passer de la salle de sport au bureau avec le plus de style possible. Cette \u00e9l\u00e9gante Memobottle a la taille parfaite pour vous garder en bonne sant\u00e9, heureux et hydrat\u00e9. Avec une forme \u00e9l\u00e9gante et une apparence minimale, le m\u00e9mo-flacon A6 fera facilement partie de votre routine quotidienne.<\/p>\n<p>&nbsp;<\/p>\n<p>L&#8217;ext\u00e9rieur transparent transforme le H20 ordinaire en une \u0153uvre d&#8217;art fascinante et ludique, qui vous encourage \u00e9galement \u00e0 augmenter votre consommation d&#8217;eau quotidienne. Donnez un coup de pouce vitamin\u00e9 \u00e0 chaque gorg\u00e9e en y ajoutant quelques myrtilles ou fraises. Votre bouteille m\u00e9mo A6 est livr\u00e9e dans un emballage recycl\u00e9 de haute qualit\u00e9 ; un cadeau parfait pour vous-m\u00eame ou un \u00eatre cher.<\/p>\n<p>&nbsp;<\/p>\n<p><strong>375 ml<\/strong><\/p>\n<p>&nbsp;<\/p>\n<p><strong>Water.org<\/strong><\/p>\n<p>Chaque Memobottle vendue fournit de l&#8217;eau potable aux personnes dans le besoin pendant 5 mois gr\u00e2ce \u00e0 notre partenariat avec Water.org.<\/p>\n","protected":false},"excerpt":{"rendered":"<p>La Memobottle A6 est le compagnon id\u00e9al de vos d\u00e9placements. Elle se glisse dans votre poche et pr\u00e9sente un design \u00e9l\u00e9gant et minimaliste avec une capacit\u00e9 de 375 ml. Chaque Memobottle vendue fournit de l&#8217;eau potable aux personnes dans le besoin pendant 5 mois.<\/p>\n","protected":false},"featured_media":99400,"comment_status":"open","ping_status":"closed","template":"","meta":{"_acf_changed":false},"product_brand":[3022],"product_cat":[849],"product_tag":[3292,3295],"class_list":{"0":"post-94352","1":"product","2":"type-product","3":"status-publish","4":"has-post-thumbnail","6":"product_brand-memobottle","7":"product_cat-gourdes","8":"product_tag-pour-lui","9":"product_tag-pour-vous","10":"product_shipping_class-colis-jusqua-2-kg","12":"first","13":"instock","14":"sale","15":"taxable","16":"shipping-taxable","17":"purchasable","18":"product-type-simple"},"acf":[],"_links":{"self":[{"href":"https:\/\/one-horizon.ch\/fr\/wp-json\/wp\/v2\/product\/94352","targetHints":{"allow":["GET"]}}],"collection":[{"href":"https:\/\/one-horizon.ch\/fr\/wp-json\/wp\/v2\/product"}],"about":[{"href":"https:\/\/one-horizon.ch\/fr\/wp-json\/wp\/v2\/types\/product"}],"replies":[{"embeddable":true,"href":"https:\/\/one-horizon.ch\/fr\/wp-json\/wp\/v2\/comments?post=94352"}],"wp:featuredmedia":[{"embeddable":true,"href":"https:\/\/one-horizon.ch\/fr\/wp-json\/wp\/v2\/media\/99400"}],"wp:attachment":[{"href":"https:\/\/one-horizon.ch\/fr\/wp-json\/wp\/v2\/media?parent=94352"}],"wp:term":[{"taxonomy":"product_brand","embeddable":true,"href":"https:\/\/one-horizon.ch\/fr\/wp-json\/wp\/v2\/product_brand?post=94352"},{"taxonomy":"product_cat","embeddable":true,"href":"https:\/\/one-horizon.ch\/fr\/wp-json\/wp\/v2\/product_cat?post=94352"},{"taxonomy":"product_tag","embeddable":true,"href":"https:\/\/one-horizon.ch\/fr\/wp-json\/wp\/v2\/product_tag?post=94352"}],"curies":[{"name":"wp","href":"https:\/\/api.w.org\/{rel}","templated":true}]}}