{"id":94368,"date":"2024-02-08T22:47:28","date_gmt":"2024-02-08T21:47:28","guid":{"rendered":"https:\/\/one-horizon.ch\/product\/mine-de-stylo-a-bille-forme-de-style\/"},"modified":"2026-03-30T00:06:21","modified_gmt":"2026-03-29T22:06:21","slug":"forme-de-mine-de-stylo-a-bille","status":"publish","type":"product","link":"https:\/\/one-horizon.ch\/fr\/product\/forme-de-mine-de-stylo-a-bille\/","title":{"rendered":"Mine de stylo \u00e0 bille (forme de style)"},"content":{"rendered":"<p>En collaboration avec le c\u00e9l\u00e8bre fabricant de mines allemand SCHMIDT Technology, nous avons d\u00e9velopp\u00e9 pour notre stylo \u00e0 bille Stilform la meilleure mine de stylo \u00e0 bille du march\u00e9. La mine Schmidt X Stilform combine les performances d&#8217;une mine de stylo \u00e0 bille traditionnelle avec une sensation d&#8217;\u00e9criture plus douce, similaire \u00e0 celle d&#8217;une mine de roller.<\/p>\n","protected":false},"excerpt":{"rendered":"<p>D\u00e9velopp\u00e9e en collaboration avec SCHMIDT Technology : La mine Schmidt X Stilform &#8211; la meilleure mine de stylo \u00e0 bille sur le march\u00e9. Une performance traditionnelle avec une sensation d&#8217;\u00e9criture douce comme une mine de roller.<\/p>\n","protected":false},"featured_media":100449,"comment_status":"open","ping_status":"closed","template":"","meta":{"_acf_changed":false},"product_brand":[3044],"product_cat":[1279],"product_tag":[],"class_list":{"0":"post-94368","1":"product","2":"type-product","3":"status-publish","4":"has-post-thumbnail","6":"product_brand-stilform","7":"product_cat-stylos","8":"product_shipping_class-petit-envoi","10":"first","11":"instock","12":"taxable","13":"shipping-taxable","14":"purchasable","15":"product-type-variable","16":"has-default-attributes"},"acf":[],"_links":{"self":[{"href":"https:\/\/one-horizon.ch\/fr\/wp-json\/wp\/v2\/product\/94368","targetHints":{"allow":["GET"]}}],"collection":[{"href":"https:\/\/one-horizon.ch\/fr\/wp-json\/wp\/v2\/product"}],"about":[{"href":"https:\/\/one-horizon.ch\/fr\/wp-json\/wp\/v2\/types\/product"}],"replies":[{"embeddable":true,"href":"https:\/\/one-horizon.ch\/fr\/wp-json\/wp\/v2\/comments?post=94368"}],"wp:featuredmedia":[{"embeddable":true,"href":"https:\/\/one-horizon.ch\/fr\/wp-json\/wp\/v2\/media\/100449"}],"wp:attachment":[{"href":"https:\/\/one-horizon.ch\/fr\/wp-json\/wp\/v2\/media?parent=94368"}],"wp:term":[{"taxonomy":"product_brand","embeddable":true,"href":"https:\/\/one-horizon.ch\/fr\/wp-json\/wp\/v2\/product_brand?post=94368"},{"taxonomy":"product_cat","embeddable":true,"href":"https:\/\/one-horizon.ch\/fr\/wp-json\/wp\/v2\/product_cat?post=94368"},{"taxonomy":"product_tag","embeddable":true,"href":"https:\/\/one-horizon.ch\/fr\/wp-json\/wp\/v2\/product_tag?post=94368"}],"curies":[{"name":"wp","href":"https:\/\/api.w.org\/{rel}","templated":true}]}}