{"id":94370,"date":"2024-02-08T22:47:29","date_gmt":"2024-02-08T21:47:29","guid":{"rendered":"https:\/\/one-horizon.ch\/product\/sous-main-medium-blanc\/"},"modified":"2026-04-07T23:18:15","modified_gmt":"2026-04-07T21:18:15","slug":"sous-main-moyen-blanc","status":"publish","type":"product","link":"https:\/\/one-horizon.ch\/fr\/product\/sous-main-moyen-blanc\/","title":{"rendered":"Sous-main Medium &#8211; Blanc"},"content":{"rendered":"<p><strong>Cr\u00e9er une zone ordonn\u00e9e<\/strong><\/p>\n<p>Le tapis de bureau cr\u00e9e une structure visuelle dans votre espace de travail et vous aide \u00e0 organiser vos outils de travail dans une zone d\u00e9finie.<\/p>\n<\/p>\n<p><strong>Emp\u00eacher les piles de papier<\/strong><\/p>\n<p>Sous la couche sup\u00e9rieure se trouve une cachette pratique pour les documents, dans laquelle tu peux ranger les papiers et les notes \u00e9parses afin qu&#8217;ils ne s&#8217;empilent pas.<\/p>\n<\/p>\n<p><strong>Vos outils de travail organis\u00e9s<\/strong><\/p>\n<p>Avec une zone d\u00e9di\u00e9e \u00e0 la papeterie et aux petits accessoires dans la barre d&#8217;outils, vous avez toujours un acc\u00e8s rapide \u00e0 vos outils de travail, chaque fois que vous en avez besoin.<\/p>\n<\/p>\n<p><strong>les c\u00e2bles sont maintenus en place<\/strong><\/p>\n<p>Le support de c\u00e2ble magn\u00e9tique peut \u00eatre d\u00e9plac\u00e9 partout le long de la barre d&#8217;outils pour garder votre c\u00e2ble en place et toujours \u00e0 port\u00e9e de main. Plus d&#8217;enchev\u00eatrement de c\u00e2bles et plus de c\u00e2bles qui tombent de la table !<\/p>\n<\/p>\n<p><strong>Reste en place<\/strong><\/p>\n<p>Le fond en feutre est dot\u00e9 d&#8217;une base antid\u00e9rapante qui l&#8217;emp\u00eache de glisser en cas de chocs ou de secousses accidentelles.<\/p>\n<\/p>\n<p><strong>Orientation r\u00e9versible<\/strong><\/p>\n<p>Le Slim Desk Mat peut \u00eatre positionn\u00e9 des deux c\u00f4t\u00e9s \u00e0 l&#8217;aide de la barre d&#8217;outils afin de convenir aussi bien aux droitiers qu&#8217;aux gauchers.<\/p>\n<\/p>\n<p><strong>Fabriqu\u00e9 pour durer<\/strong><\/p>\n<p>Le tapis de bureau Orbitkey Desk Mat Medium prot\u00e8ge votre bureau contre les rayures, les taches et les d\u00e9versements. Le cuir v\u00e9g\u00e9talien de haute qualit\u00e9 est particuli\u00e8rement durable, hydrofuge et facile \u00e0 essuyer.<\/p>\n<\/p>\n<p><strong>Caract\u00e9ristiques<\/strong><\/p>\n<ul>\n<li>Une solution astucieuse pour organiser et optimiser votre espace de travail.<\/li>\n<li>Cache-documents pour ranger les papiers volants et les notes.<\/li>\n<li>Le support de c\u00e2ble magn\u00e9tique maintient les c\u00e2bles \u00e0 leur place.<\/li>\n<li>La face inf\u00e9rieure antid\u00e9rapante r\u00e9duit les mouvements et les glissements.<\/li>\n<li>Convient aussi bien aux droitiers qu&#8217;aux gauchers.<\/li>\n<li>Fabriqu\u00e9 en cuir v\u00e9g\u00e9talien de haute qualit\u00e9 et en feutre PET 100 % recycl\u00e9.<\/li>\n<\/ul>\n","protected":false},"excerpt":{"rendered":"<p>Orbitkey Desk Mat &#8211; Organise efficacement ton espace de travail avec des caches pour documents, un support magn\u00e9tique pour c\u00e2bles et des zones d\u00e9finies pour la papeterie. En cuir v\u00e9g\u00e9talien et feutre PET recycl\u00e9, antid\u00e9rapant et r\u00e9versible. Disponible en Small, Medium et Large. Prot\u00e8ge des rayures et des taches.<\/p>\n","protected":false},"featured_media":70129,"comment_status":"open","ping_status":"closed","template":"","meta":{"_acf_changed":false},"product_brand":[3032],"product_cat":[1269],"product_tag":[3292,3295],"class_list":{"0":"post-94370","1":"product","2":"type-product","3":"status-publish","4":"has-post-thumbnail","6":"product_brand-orbitkey","7":"product_cat-sous-mains","8":"product_tag-pour-lui","9":"product_tag-pour-vous","10":"product_shipping_class-colis-jusqua-2-kg","12":"first","13":"outofstock","14":"taxable","15":"shipping-taxable","16":"purchasable","17":"product-type-simple"},"acf":[],"_links":{"self":[{"href":"https:\/\/one-horizon.ch\/fr\/wp-json\/wp\/v2\/product\/94370","targetHints":{"allow":["GET"]}}],"collection":[{"href":"https:\/\/one-horizon.ch\/fr\/wp-json\/wp\/v2\/product"}],"about":[{"href":"https:\/\/one-horizon.ch\/fr\/wp-json\/wp\/v2\/types\/product"}],"replies":[{"embeddable":true,"href":"https:\/\/one-horizon.ch\/fr\/wp-json\/wp\/v2\/comments?post=94370"}],"wp:featuredmedia":[{"embeddable":true,"href":"https:\/\/one-horizon.ch\/fr\/wp-json\/wp\/v2\/media\/70129"}],"wp:attachment":[{"href":"https:\/\/one-horizon.ch\/fr\/wp-json\/wp\/v2\/media?parent=94370"}],"wp:term":[{"taxonomy":"product_brand","embeddable":true,"href":"https:\/\/one-horizon.ch\/fr\/wp-json\/wp\/v2\/product_brand?post=94370"},{"taxonomy":"product_cat","embeddable":true,"href":"https:\/\/one-horizon.ch\/fr\/wp-json\/wp\/v2\/product_cat?post=94370"},{"taxonomy":"product_tag","embeddable":true,"href":"https:\/\/one-horizon.ch\/fr\/wp-json\/wp\/v2\/product_tag?post=94370"}],"curies":[{"name":"wp","href":"https:\/\/api.w.org\/{rel}","templated":true}]}}