{"id":94389,"date":"2024-02-08T22:47:30","date_gmt":"2024-02-08T21:47:30","guid":{"rendered":"https:\/\/one-horizon.ch\/product\/recharge-menthol-cure-dents-en-amadou\/"},"modified":"2026-03-29T22:57:06","modified_gmt":"2026-03-29T20:57:06","slug":"menthol-refill-bag-calamine-cure-dents","status":"publish","type":"product","link":"https:\/\/one-horizon.ch\/fr\/product\/menthol-refill-bag-calamine-cure-dents\/","title":{"rendered":"Recharge menthol &#8211; Cure-dents en amadou"},"content":{"rendered":"<p>Le cure-dents au menthol a un go\u00fbt rafra\u00eechissant et piquant, il tonifie gr\u00e2ce \u00e0 son effet rafra\u00eechissant et assure une haleine fra\u00eeche.<\/p>\n<ul>\n<li>80 cure-dents dans un sac rechargeable pratique.<\/li>\n<li>Ingr\u00e9dients : <em>cure-dents en bouleau, ar\u00f4me<\/em><\/li>\n<\/ul>\n<div id=\"simple-translate\" class=\"simple-translate-system-theme\">\n<div>\n<div class=\"simple-translate-button isShow\" style=\"height: 22px; width: 22px; top: 315px; left: 122px;\"><\/div>\n<div class=\"simple-translate-panel \" style=\"width: 300px; height: 200px; top: 0px; left: 0px; font-size: 13px;\">\n<div class=\"simple-translate-result-wrapper\" style=\"overflow: hidden;\">\n<div class=\"simple-translate-move\"><\/div>\n<div class=\"simple-translate-result-contents\">\n<p class=\"simple-translate-candidate\" dir=\"auto\">\n<\/div>\n<\/div>\n<\/div>\n<\/div>\n<\/div>\n","protected":false},"excerpt":{"rendered":"<p>Cure-dents rafra\u00eechissants au menthol avec effet rafra\u00eechissant pour une haleine fra\u00eeche. 80 pi\u00e8ces dans une bo\u00eete m\u00e9tallique styl\u00e9e. A d\u00e9guster de pr\u00e9f\u00e9rence dans le mois qui suit.<\/p>\n","protected":false},"featured_media":100246,"comment_status":"open","ping_status":"closed","template":"","meta":{"_acf_changed":false},"product_brand":[3052],"product_cat":[945],"product_tag":[],"class_list":{"0":"post-94389","1":"product","2":"type-product","3":"status-publish","4":"has-post-thumbnail","6":"product_brand-zunder-zahnstocher","7":"product_cat-oakywood-fr-2","8":"product_shipping_class-petit-envoi","10":"first","11":"outofstock","12":"taxable","13":"shipping-taxable","14":"purchasable","15":"product-type-simple"},"acf":[],"_links":{"self":[{"href":"https:\/\/one-horizon.ch\/fr\/wp-json\/wp\/v2\/product\/94389","targetHints":{"allow":["GET"]}}],"collection":[{"href":"https:\/\/one-horizon.ch\/fr\/wp-json\/wp\/v2\/product"}],"about":[{"href":"https:\/\/one-horizon.ch\/fr\/wp-json\/wp\/v2\/types\/product"}],"replies":[{"embeddable":true,"href":"https:\/\/one-horizon.ch\/fr\/wp-json\/wp\/v2\/comments?post=94389"}],"wp:featuredmedia":[{"embeddable":true,"href":"https:\/\/one-horizon.ch\/fr\/wp-json\/wp\/v2\/media\/100246"}],"wp:attachment":[{"href":"https:\/\/one-horizon.ch\/fr\/wp-json\/wp\/v2\/media?parent=94389"}],"wp:term":[{"taxonomy":"product_brand","embeddable":true,"href":"https:\/\/one-horizon.ch\/fr\/wp-json\/wp\/v2\/product_brand?post=94389"},{"taxonomy":"product_cat","embeddable":true,"href":"https:\/\/one-horizon.ch\/fr\/wp-json\/wp\/v2\/product_cat?post=94389"},{"taxonomy":"product_tag","embeddable":true,"href":"https:\/\/one-horizon.ch\/fr\/wp-json\/wp\/v2\/product_tag?post=94389"}],"curies":[{"name":"wp","href":"https:\/\/api.w.org\/{rel}","templated":true}]}}