{"id":94404,"date":"2024-02-08T22:47:52","date_gmt":"2024-02-08T21:47:52","guid":{"rendered":"https:\/\/one-horizon.ch\/product\/jasper-medium-backpack-almond\/"},"modified":"2026-04-01T17:46:27","modified_gmt":"2026-04-01T15:46:27","slug":"jasper-medium-almond","status":"publish","type":"product","link":"https:\/\/one-horizon.ch\/fr\/product\/jasper-medium-almond\/","title":{"rendered":"Jasper Medium Sac \u00e0 dos &#8211; Almond"},"content":{"rendered":"<p>Couleur : Almond (Lotus Series)<\/p>\n<p>Sac \u00e0 dos minimaliste pour la journ\u00e9e &#8211; que ce soit en d\u00e9placement \u00e0 v\u00e9lo, pour faire du shopping ou dans la vie nocturne. Le roll-top se ferme avec une boucle m\u00e9tallique et permet un remplissage pratique du sac \u00e0 dos Jasper.<\/p>\n<p><em>En bouteilles PET recycl\u00e9es<\/em><\/p>\n<p><strong>Caract\u00e9ristiques<\/strong><\/p>\n<ul>\n<li>Fermeture par enroulement ou pliage avec boucle m\u00e9tallique et fermeture \u00e0 glissi\u00e8re cach\u00e9e<\/li>\n<li>D\u00e9pliable pour un volume maximal<\/li>\n<li>Acc\u00e8s rapide au compartiment principal gr\u00e2ce \u00e0 une fermeture \u00e9clair verticale<\/li>\n<li>Compartiment pour ordinateur portable en n\u00e9opr\u00e8ne de haute qualit\u00e9 avec deux poches en mesh pour t\u00e9l\u00e9phone et porte-monnaie<\/li>\n<li>Poche ext\u00e9rieure se fermant avec du velcro<\/li>\n<li>Dos renforc\u00e9 avec rembourrage pour plus de confort<\/li>\n<li>Les bretelles r\u00e9glables et rembourr\u00e9es garantissent une tenue confortable du sac \u00e0 dos<\/li>\n<li>Dessous rembourr\u00e9 pour plus de stabilit\u00e9<\/li>\n<li>Logo &#8216;Ucon Acrobatics&#8217; en relief sur le devant<\/li>\n<\/ul>\n","protected":false},"excerpt":{"rendered":"<p>Sac \u00e0 dos minimaliste de jour en Almond (Lotus Series) fabriqu\u00e9 \u00e0 partir de bouteilles PET recycl\u00e9es. Roll-top avec boucle m\u00e9tallique, d\u00e9pliable, acc\u00e8s rapide au compartiment principal, compartiment pour ordinateur portable en n\u00e9opr\u00e8ne, poche ext\u00e9rieure. Dos et bretelles renforc\u00e9s et rembourr\u00e9s, dessous rembourr\u00e9.<\/p>\n","protected":false},"featured_media":100514,"comment_status":"open","ping_status":"closed","template":"","meta":{"_acf_changed":false},"product_brand":[3047],"product_cat":[867],"product_tag":[],"class_list":{"0":"post-94404","1":"product","2":"type-product","3":"status-publish","4":"has-post-thumbnail","6":"product_brand-ucon-acrobatics","7":"product_cat-sacs-a-dos","8":"product_shipping_class-colis-jusqua-2-kg","10":"first","11":"instock","12":"taxable","13":"shipping-taxable","14":"purchasable","15":"product-type-simple"},"acf":[],"_links":{"self":[{"href":"https:\/\/one-horizon.ch\/fr\/wp-json\/wp\/v2\/product\/94404","targetHints":{"allow":["GET"]}}],"collection":[{"href":"https:\/\/one-horizon.ch\/fr\/wp-json\/wp\/v2\/product"}],"about":[{"href":"https:\/\/one-horizon.ch\/fr\/wp-json\/wp\/v2\/types\/product"}],"replies":[{"embeddable":true,"href":"https:\/\/one-horizon.ch\/fr\/wp-json\/wp\/v2\/comments?post=94404"}],"wp:featuredmedia":[{"embeddable":true,"href":"https:\/\/one-horizon.ch\/fr\/wp-json\/wp\/v2\/media\/100514"}],"wp:attachment":[{"href":"https:\/\/one-horizon.ch\/fr\/wp-json\/wp\/v2\/media?parent=94404"}],"wp:term":[{"taxonomy":"product_brand","embeddable":true,"href":"https:\/\/one-horizon.ch\/fr\/wp-json\/wp\/v2\/product_brand?post=94404"},{"taxonomy":"product_cat","embeddable":true,"href":"https:\/\/one-horizon.ch\/fr\/wp-json\/wp\/v2\/product_cat?post=94404"},{"taxonomy":"product_tag","embeddable":true,"href":"https:\/\/one-horizon.ch\/fr\/wp-json\/wp\/v2\/product_tag?post=94404"}],"curies":[{"name":"wp","href":"https:\/\/api.w.org\/{rel}","templated":true}]}}