{"id":94410,"date":"2024-02-08T22:47:51","date_gmt":"2024-02-08T21:47:51","guid":{"rendered":"https:\/\/one-horizon.ch\/product\/flikr-feu\/"},"modified":"2026-04-05T17:58:09","modified_gmt":"2026-04-05T15:58:09","slug":"flikr-fire","status":"publish","type":"product","link":"https:\/\/one-horizon.ch\/fr\/product\/flikr-fire\/","title":{"rendered":"FL\u00ceKR Feu"},"content":{"rendered":"<p><strong>FL\u00ceKR Fire\u00ae : le foyer original \u00e0 l&#8217;alcool isopropylique pour votre maison<\/strong><\/p>\n<p>D\u00e9couvrez l&#8217;ambiance unique d&#8217;un feu qui scintille avec le FL\u00ceKR Fire\u00ae. Ce foyer personnel innovant apporte la convivialit\u00e9 d&#8217;un foyer traditionnel dans votre maison, et ce d&#8217;une mani\u00e8re particuli\u00e8rement accessible. D\u00e9velopp\u00e9 sur plusieurs ann\u00e9es, FL\u00ceKR Fire\u00ae offre une solution \u00e9l\u00e9gante \u00e0 tous ceux qui souhaitent profiter du jeu s\u00e9duisant des flammes, sans installation compliqu\u00e9e ni co\u00fbts \u00e9lev\u00e9s.  <\/p>\n<p>&nbsp;<\/p>\n<p><strong>Principales caract\u00e9ristiques<\/strong><\/p>\n<ul>\n<li><strong>Combustibles :<\/strong> 5 onces d&#8217;alcool isopropylique \u00e0 70% ou 91% sont suffisantes pour le fonctionnement, ce qui permet une dur\u00e9e de combustion d&#8217;environ 50 minutes.<\/li>\n<li><strong>S\u00e9curit\u00e9 et polyvalence :<\/strong> FL\u00ceKR Fire\u00ae ne produit pas de monoxyde de carbone et est s\u00fbr pour la cuisson. La suie minimale reste uniquement \u00e0 l&#8217;endroit o\u00f9 la flamme se trouve en surface. <\/li>\n<li><strong>Chaleur :<\/strong> alors que le foyer diffuse une chaleur agr\u00e9able, vous n&#8217;avez pas besoin de baisser votre chauffage. Profitez d&#8217;une chaleur agr\u00e9able sans faire de compromis. <\/li>\n<li><strong>Facile \u00e0 utiliser :<\/strong> remplissez le r\u00e9cipient d&#8217;alcool isopropylique et allumez la flamme. Pour l&#8217;\u00e9teindre, il suffit de la recouvrir pendant quelques secondes. <\/li>\n<\/ul>\n<p>&nbsp;<\/p>\n<p><strong>Contenu de la livraison<\/strong><\/p>\n<ul>\n<li>FL\u00ceKR Fire\u00ae avec socle en aluminium noir<\/li>\n<li>Manuel d&#8217;utilisation d\u00e9taill\u00e9<\/li>\n<\/ul>\n<p>&nbsp;<\/p>\n<p>Fabriqu\u00e9 aux \u00c9tats-Unis, FL\u00ceKR Fire\u00ae est synonyme de qualit\u00e9 et d&#8217;innovation. Faites entrer chez vous l&#8217;exp\u00e9rience unique d&#8217;un feu scintillant, sans les contraintes d&#8217;un foyer traditionnel. <\/p>\n","protected":false},"excerpt":{"rendered":"<p>FL\u00ceKR Fire\u00ae &#8211; Le foyer isopropylique original pour la maison. Il apporte l&#8217;ambiance d&#8217;un feu vacillant, br\u00fble pendant 50 minutes, ne produit pas de monoxyde de carbone et est s\u00fbr pour cuisiner. Facile \u00e0 utiliser, il produit une chaleur confortable. Parfait pour des soir\u00e9es agr\u00e9ables.   <\/p>\n","protected":false},"featured_media":70567,"comment_status":"open","ping_status":"closed","template":"","meta":{"_acf_changed":false},"product_brand":[3005],"product_cat":[1392],"product_tag":[],"class_list":{"0":"post-94410","1":"product","2":"type-product","3":"status-publish","4":"has-post-thumbnail","6":"product_brand-flikr-fireplace","7":"product_cat-cuisine","8":"product_shipping_class-colis-jusqua-2-kg","10":"first","11":"outofstock","12":"taxable","13":"shipping-taxable","14":"purchasable","15":"product-type-simple"},"acf":[],"_links":{"self":[{"href":"https:\/\/one-horizon.ch\/fr\/wp-json\/wp\/v2\/product\/94410","targetHints":{"allow":["GET"]}}],"collection":[{"href":"https:\/\/one-horizon.ch\/fr\/wp-json\/wp\/v2\/product"}],"about":[{"href":"https:\/\/one-horizon.ch\/fr\/wp-json\/wp\/v2\/types\/product"}],"replies":[{"embeddable":true,"href":"https:\/\/one-horizon.ch\/fr\/wp-json\/wp\/v2\/comments?post=94410"}],"wp:featuredmedia":[{"embeddable":true,"href":"https:\/\/one-horizon.ch\/fr\/wp-json\/wp\/v2\/media\/70567"}],"wp:attachment":[{"href":"https:\/\/one-horizon.ch\/fr\/wp-json\/wp\/v2\/media?parent=94410"}],"wp:term":[{"taxonomy":"product_brand","embeddable":true,"href":"https:\/\/one-horizon.ch\/fr\/wp-json\/wp\/v2\/product_brand?post=94410"},{"taxonomy":"product_cat","embeddable":true,"href":"https:\/\/one-horizon.ch\/fr\/wp-json\/wp\/v2\/product_cat?post=94410"},{"taxonomy":"product_tag","embeddable":true,"href":"https:\/\/one-horizon.ch\/fr\/wp-json\/wp\/v2\/product_tag?post=94410"}],"curies":[{"name":"wp","href":"https:\/\/api.w.org\/{rel}","templated":true}]}}