{"id":94411,"date":"2024-02-08T22:47:53","date_gmt":"2024-02-08T21:47:53","guid":{"rendered":"https:\/\/one-horizon.ch\/product\/gommage-au-sel-pour-le-corps-today-is-your-day\/"},"modified":"2026-04-07T23:17:46","modified_gmt":"2026-04-07T21:17:46","slug":"body-salt-scrub-today-is-your-day","status":"publish","type":"product","link":"https:\/\/one-horizon.ch\/fr\/product\/body-salt-scrub-today-is-your-day\/","title":{"rendered":"Gommage au sel pour le corps &#8211; Today is your Day"},"content":{"rendered":"<p>Donnez de la valeur \u00e0 votre salle de bains ! Le sel de la mer Morte nettoie et rajeunit la peau, d\u00e9tend les muscles et est riche en min\u00e9raux essentiels. Le Body Salt Scrub a un design luxueux, est fabriqu\u00e9 aux Pays-Bas et son r\u00e9cipient est compos\u00e9 \u00e0 100 % de plastique recycl\u00e9.<\/p>\n<\/p>\n<p><strong>Contenu : 250 ml<\/strong><\/p>\n<p><strong>Parfum :<\/strong> Musc de mandarine<\/p>\n<p><strong>Notes de t\u00eate :<\/strong> citron, pamplemousse, groseille rouge.<\/p>\n<p><strong>Notes de c\u0153ur :<\/strong> Fleurs de jasmin, ananas, poire. Notes de fond : bois de c\u00e8dre, musc, ambre<\/p>\n","protected":false},"excerpt":{"rendered":"<p>Donnez de la valeur \u00e0 votre salle de bains ! Le sel de la mer Morte nettoie, rajeunit et d\u00e9tend la peau. Luxueux Body Salt Scrub, 250 ml, fabriqu\u00e9 aux Pays-Bas \u00e0 partir de plastique 100% recycl\u00e9. Parfum : musc de mandarine.  <\/p>\n","protected":false},"featured_media":69195,"comment_status":"open","ping_status":"closed","template":"","meta":{"_acf_changed":false},"product_brand":[3046],"product_cat":[1282],"product_tag":[3295],"class_list":{"0":"post-94411","1":"product","2":"type-product","3":"status-publish","4":"has-post-thumbnail","6":"product_brand-the-gift-label","7":"product_cat-soins-du-corps","8":"product_tag-pour-vous","9":"product_shipping_class-colis-jusqua-2-kg","11":"first","12":"instock","13":"taxable","14":"shipping-taxable","15":"purchasable","16":"product-type-simple"},"acf":[],"_links":{"self":[{"href":"https:\/\/one-horizon.ch\/fr\/wp-json\/wp\/v2\/product\/94411","targetHints":{"allow":["GET"]}}],"collection":[{"href":"https:\/\/one-horizon.ch\/fr\/wp-json\/wp\/v2\/product"}],"about":[{"href":"https:\/\/one-horizon.ch\/fr\/wp-json\/wp\/v2\/types\/product"}],"replies":[{"embeddable":true,"href":"https:\/\/one-horizon.ch\/fr\/wp-json\/wp\/v2\/comments?post=94411"}],"wp:featuredmedia":[{"embeddable":true,"href":"https:\/\/one-horizon.ch\/fr\/wp-json\/wp\/v2\/media\/69195"}],"wp:attachment":[{"href":"https:\/\/one-horizon.ch\/fr\/wp-json\/wp\/v2\/media?parent=94411"}],"wp:term":[{"taxonomy":"product_brand","embeddable":true,"href":"https:\/\/one-horizon.ch\/fr\/wp-json\/wp\/v2\/product_brand?post=94411"},{"taxonomy":"product_cat","embeddable":true,"href":"https:\/\/one-horizon.ch\/fr\/wp-json\/wp\/v2\/product_cat?post=94411"},{"taxonomy":"product_tag","embeddable":true,"href":"https:\/\/one-horizon.ch\/fr\/wp-json\/wp\/v2\/product_tag?post=94411"}],"curies":[{"name":"wp","href":"https:\/\/api.w.org\/{rel}","templated":true}]}}