{"id":94417,"date":"2024-02-08T22:47:52","date_gmt":"2024-02-08T21:47:52","guid":{"rendered":"https:\/\/one-horizon.ch\/product\/ventilateur-portable\/"},"modified":"2026-04-05T17:58:13","modified_gmt":"2026-04-05T15:58:13","slug":"portable-fan","status":"publish","type":"product","link":"https:\/\/one-horizon.ch\/fr\/product\/portable-fan\/","title":{"rendered":"Ventilateur portable"},"content":{"rendered":"<p>Est un ventilateur simple et compact avec une batterie int\u00e9gr\u00e9e. Profite d&#8217;une brise fra\u00eeche pendant 13 heures. Le ventilateur est adapt\u00e9 \u00e0 une utilisation au bureau, dans la chambre \u00e0 coucher ou lors de tes activit\u00e9s en plein air.<\/p>\n","protected":false},"excerpt":{"rendered":"<p>Ventilateur compact avec batterie int\u00e9gr\u00e9e pour 13 heures de brise fra\u00eeche. Id\u00e9al pour le bureau, la chambre \u00e0 coucher ou les activit\u00e9s de plein air.<\/p>\n","protected":false},"featured_media":99879,"comment_status":"open","ping_status":"closed","template":"","meta":{"_acf_changed":false},"product_brand":[3036],"product_cat":[1104],"product_tag":[],"class_list":{"0":"post-94417","1":"product","2":"type-product","3":"status-publish","4":"has-post-thumbnail","6":"product_brand-qushini","7":"product_cat-technique","8":"product_shipping_class-colis-jusqua-2-kg","10":"first","11":"outofstock","12":"taxable","13":"shipping-taxable","14":"purchasable","15":"product-type-variable","16":"has-default-attributes"},"acf":[],"_links":{"self":[{"href":"https:\/\/one-horizon.ch\/fr\/wp-json\/wp\/v2\/product\/94417","targetHints":{"allow":["GET"]}}],"collection":[{"href":"https:\/\/one-horizon.ch\/fr\/wp-json\/wp\/v2\/product"}],"about":[{"href":"https:\/\/one-horizon.ch\/fr\/wp-json\/wp\/v2\/types\/product"}],"replies":[{"embeddable":true,"href":"https:\/\/one-horizon.ch\/fr\/wp-json\/wp\/v2\/comments?post=94417"}],"wp:featuredmedia":[{"embeddable":true,"href":"https:\/\/one-horizon.ch\/fr\/wp-json\/wp\/v2\/media\/99879"}],"wp:attachment":[{"href":"https:\/\/one-horizon.ch\/fr\/wp-json\/wp\/v2\/media?parent=94417"}],"wp:term":[{"taxonomy":"product_brand","embeddable":true,"href":"https:\/\/one-horizon.ch\/fr\/wp-json\/wp\/v2\/product_brand?post=94417"},{"taxonomy":"product_cat","embeddable":true,"href":"https:\/\/one-horizon.ch\/fr\/wp-json\/wp\/v2\/product_cat?post=94417"},{"taxonomy":"product_tag","embeddable":true,"href":"https:\/\/one-horizon.ch\/fr\/wp-json\/wp\/v2\/product_tag?post=94417"}],"curies":[{"name":"wp","href":"https:\/\/api.w.org\/{rel}","templated":true}]}}