{"id":94429,"date":"2024-02-08T22:47:30","date_gmt":"2024-02-08T21:47:30","guid":{"rendered":"https:\/\/one-horizon.ch\/product\/bloc-notes-flowernail\/"},"modified":"2026-04-05T17:57:59","modified_gmt":"2026-04-05T15:57:59","slug":"bloc-notes-flowernail","status":"publish","type":"product","link":"https:\/\/one-horizon.ch\/fr\/product\/bloc-notes-flowernail\/","title":{"rendered":"Bloc-notes FlowerNail"},"content":{"rendered":"<p>FlowerNail M\u00e9mo<\/p>\n<p>Feuille de papier clou\u00e9e sur un bloc de ch\u00eane \u00e0 l&#8217;aide d&#8217;un FlowerNail.<\/p>\n<\/p>\n<p>7 x 14 cm.<\/p>\n<\/p>\n<p>Blocs de rechange disponibles.<\/p>\n","protected":false},"excerpt":{"rendered":"<p>Bloc-notes minimaliste sur bloc de bois de ch\u00eane &#8211; fix\u00e9 par un clou, toujours \u00e0 port\u00e9e de main. Format 7 \u00d7 14 cm, blocs de rechange disponibles. <\/p>\n","protected":false},"featured_media":70519,"comment_status":"open","ping_status":"closed","template":"","meta":{"_acf_changed":false},"product_brand":[3038],"product_cat":[3251],"product_tag":[],"class_list":{"0":"post-94429","1":"product","2":"type-product","3":"status-publish","4":"has-post-thumbnail","6":"product_brand-raumgestalt","7":"product_cat-carnets-de-notes-blocs","8":"product_shipping_class-colis-jusqua-2-kg","10":"first","11":"outofstock","12":"taxable","13":"shipping-taxable","14":"purchasable","15":"product-type-simple"},"acf":[],"_links":{"self":[{"href":"https:\/\/one-horizon.ch\/fr\/wp-json\/wp\/v2\/product\/94429","targetHints":{"allow":["GET"]}}],"collection":[{"href":"https:\/\/one-horizon.ch\/fr\/wp-json\/wp\/v2\/product"}],"about":[{"href":"https:\/\/one-horizon.ch\/fr\/wp-json\/wp\/v2\/types\/product"}],"replies":[{"embeddable":true,"href":"https:\/\/one-horizon.ch\/fr\/wp-json\/wp\/v2\/comments?post=94429"}],"wp:featuredmedia":[{"embeddable":true,"href":"https:\/\/one-horizon.ch\/fr\/wp-json\/wp\/v2\/media\/70519"}],"wp:attachment":[{"href":"https:\/\/one-horizon.ch\/fr\/wp-json\/wp\/v2\/media?parent=94429"}],"wp:term":[{"taxonomy":"product_brand","embeddable":true,"href":"https:\/\/one-horizon.ch\/fr\/wp-json\/wp\/v2\/product_brand?post=94429"},{"taxonomy":"product_cat","embeddable":true,"href":"https:\/\/one-horizon.ch\/fr\/wp-json\/wp\/v2\/product_cat?post=94429"},{"taxonomy":"product_tag","embeddable":true,"href":"https:\/\/one-horizon.ch\/fr\/wp-json\/wp\/v2\/product_tag?post=94429"}],"curies":[{"name":"wp","href":"https:\/\/api.w.org\/{rel}","templated":true}]}}