{"id":94431,"date":"2024-02-08T22:47:52","date_gmt":"2024-02-08T21:47:52","guid":{"rendered":"https:\/\/one-horizon.ch\/product\/lotion-pour-le-corps-en-spray-warm-love\/"},"modified":"2026-04-07T23:17:57","modified_gmt":"2026-04-07T21:17:57","slug":"body-lotion-spray-warm-love","status":"publish","type":"product","link":"https:\/\/one-horizon.ch\/fr\/product\/body-lotion-spray-warm-love\/","title":{"rendered":"Lotion pour le corps en spray &#8211; Warm Love"},"content":{"rendered":"<p>Cette lotion corporelle en spray v\u00e9g\u00e9talienne est l&#8217;une de nos pr\u00e9f\u00e9r\u00e9es. Parfait comme cadeau pour toutes celles qui souhaitent avoir une peau soign\u00e9e et gagner du temps. La lotion corporelle en spray a notre parfum caract\u00e9ristique de mandarine et de musc et donne du peps \u00e0 vos soins corporels au quotidien.<\/p>\n<\/p>\n<p><strong>Contenu : 200 ml<\/strong><\/p>\n<p><strong>Parfum :<\/strong> Musc de mandarine<\/p>\n<p><strong>Notes de t\u00eate :<\/strong> Citron, pamplemousse, groseille rouge<\/p>\n<p><strong>Notes de c\u0153ur :<\/strong> Fleurs de jasmin, ananas, poire Notes de fond : Bois de c\u00e8dre, musc, ambre<\/p>\n","protected":false},"excerpt":{"rendered":"<p>Lait corporel en spray v\u00e9g\u00e9talien au parfum de mandarine et de musc. Parfait comme cadeau pour une peau soign\u00e9e et un gain de temps. Contenu : 200 ml.<\/p>\n","protected":false},"featured_media":69191,"comment_status":"open","ping_status":"closed","template":"","meta":{"_acf_changed":false},"product_brand":[3046],"product_cat":[1382,1282],"product_tag":[3295],"class_list":{"0":"post-94431","1":"product","2":"type-product","3":"status-publish","4":"has-post-thumbnail","6":"product_brand-the-gift-label","7":"product_cat-soins-capillaires","8":"product_cat-soins-du-corps","9":"product_tag-pour-vous","10":"product_shipping_class-colis-jusqua-2-kg","12":"first","13":"instock","14":"taxable","15":"shipping-taxable","16":"purchasable","17":"product-type-simple"},"acf":[],"_links":{"self":[{"href":"https:\/\/one-horizon.ch\/fr\/wp-json\/wp\/v2\/product\/94431","targetHints":{"allow":["GET"]}}],"collection":[{"href":"https:\/\/one-horizon.ch\/fr\/wp-json\/wp\/v2\/product"}],"about":[{"href":"https:\/\/one-horizon.ch\/fr\/wp-json\/wp\/v2\/types\/product"}],"replies":[{"embeddable":true,"href":"https:\/\/one-horizon.ch\/fr\/wp-json\/wp\/v2\/comments?post=94431"}],"wp:featuredmedia":[{"embeddable":true,"href":"https:\/\/one-horizon.ch\/fr\/wp-json\/wp\/v2\/media\/69191"}],"wp:attachment":[{"href":"https:\/\/one-horizon.ch\/fr\/wp-json\/wp\/v2\/media?parent=94431"}],"wp:term":[{"taxonomy":"product_brand","embeddable":true,"href":"https:\/\/one-horizon.ch\/fr\/wp-json\/wp\/v2\/product_brand?post=94431"},{"taxonomy":"product_cat","embeddable":true,"href":"https:\/\/one-horizon.ch\/fr\/wp-json\/wp\/v2\/product_cat?post=94431"},{"taxonomy":"product_tag","embeddable":true,"href":"https:\/\/one-horizon.ch\/fr\/wp-json\/wp\/v2\/product_tag?post=94431"}],"curies":[{"name":"wp","href":"https:\/\/api.w.org\/{rel}","templated":true}]}}