{"id":94432,"date":"2024-02-08T22:47:52","date_gmt":"2024-02-08T21:47:52","guid":{"rendered":"https:\/\/one-horizon.ch\/product\/notabag-recycle-fleur-de-cornouiller\/"},"modified":"2026-03-29T22:55:38","modified_gmt":"2026-03-29T20:55:38","slug":"notabag-recycled-cornflower","status":"publish","type":"product","link":"https:\/\/one-horizon.ch\/fr\/product\/notabag-recycled-cornflower\/","title":{"rendered":"Notabag Recycl\u00e9 &#8211; Fleur de Cornouiller"},"content":{"rendered":"<p>Notabag Recycled &#8211; Cornflower &#8211; Votre partenaire de style de vie durable !<\/p>\n<p>Ce sac astucieux se transforme en sac \u00e0 dos en un clin d&#8217;\u0153il et contribue activement \u00e0 la pr\u00e9servation de la plan\u00e8te en recyclant 12 bouteilles en plastique. Fabriqu\u00e9 en polyester PET 100% recycl\u00e9, il est imperm\u00e9able, lavable en machine et peut supporter jusqu&#8217;\u00e0 20 kg.<\/p>\n<p>Lib\u00e8re tes mains et porte confortablement Notabag Recycled sur ton dos. Elle peut accueillir tous tes snacks ou livres pr\u00e9f\u00e9r\u00e9s et se plie facilement lorsque tu ne l&#8217;utilises pas.<\/p>\n<p>Notabag Recycled &#8211; Ta contribution \u00e0 un style de vie respectueux de l&#8217;environnement, \u00e0 la fois pratique et tendance.<\/p>\n","protected":false},"excerpt":{"rendered":"<p>Notabag Recycled &#8211; Cornflower : Se transforme en sac \u00e0 dos, fabriqu\u00e9 \u00e0 partir de PET 100% recycl\u00e9. Hydrofuge, lavable en machine, supporte jusqu&#8217;\u00e0 20 kg. Peu encombrant, tendance et respectueux de l&#8217;environnement.  <\/p>\n","protected":false},"featured_media":100380,"comment_status":"open","ping_status":"closed","template":"","meta":{"_acf_changed":false},"product_brand":[3028],"product_cat":[1298],"product_tag":[],"class_list":{"0":"post-94432","1":"product","2":"type-product","3":"status-publish","4":"has-post-thumbnail","6":"product_brand-notabag","7":"product_cat-sacs-a-provisions","8":"product_shipping_class-colis-jusqua-2-kg","10":"first","11":"outofstock","12":"taxable","13":"shipping-taxable","14":"purchasable","15":"product-type-simple"},"acf":[],"_links":{"self":[{"href":"https:\/\/one-horizon.ch\/fr\/wp-json\/wp\/v2\/product\/94432","targetHints":{"allow":["GET"]}}],"collection":[{"href":"https:\/\/one-horizon.ch\/fr\/wp-json\/wp\/v2\/product"}],"about":[{"href":"https:\/\/one-horizon.ch\/fr\/wp-json\/wp\/v2\/types\/product"}],"replies":[{"embeddable":true,"href":"https:\/\/one-horizon.ch\/fr\/wp-json\/wp\/v2\/comments?post=94432"}],"wp:featuredmedia":[{"embeddable":true,"href":"https:\/\/one-horizon.ch\/fr\/wp-json\/wp\/v2\/media\/100380"}],"wp:attachment":[{"href":"https:\/\/one-horizon.ch\/fr\/wp-json\/wp\/v2\/media?parent=94432"}],"wp:term":[{"taxonomy":"product_brand","embeddable":true,"href":"https:\/\/one-horizon.ch\/fr\/wp-json\/wp\/v2\/product_brand?post=94432"},{"taxonomy":"product_cat","embeddable":true,"href":"https:\/\/one-horizon.ch\/fr\/wp-json\/wp\/v2\/product_cat?post=94432"},{"taxonomy":"product_tag","embeddable":true,"href":"https:\/\/one-horizon.ch\/fr\/wp-json\/wp\/v2\/product_tag?post=94432"}],"curies":[{"name":"wp","href":"https:\/\/api.w.org\/{rel}","templated":true}]}}