{"id":94433,"date":"2024-02-08T22:47:53","date_gmt":"2024-02-08T21:47:53","guid":{"rendered":"https:\/\/one-horizon.ch\/product\/savon-de-cuisine-you-are-special-1l\/"},"modified":"2026-03-29T22:56:51","modified_gmt":"2026-03-29T20:56:51","slug":"savon-de-cuisine-you-are-special","status":"publish","type":"product","link":"https:\/\/one-horizon.ch\/fr\/product\/savon-de-cuisine-you-are-special\/","title":{"rendered":"Savon de cuisine &#8211; You are special &#8211; 1L"},"content":{"rendered":"<p>Le savon nettoyant pour la cuisine de The Gift Label ne sent pas seulement d\u00e9licieusement le bois de santal &amp; la figue &#8211; sa formule biod\u00e9gradable est \u00e9galement exempte de sulfates et de colorants. Cr\u00e9ez un look &amp; feel luxueux dans votre cuisine. Les bouteilles de 1000 ml sont compos\u00e9es \u00e0 100 % de plastique recycl\u00e9. Bon pour la plan\u00e8te et pour le nettoyage de votre vaisselle.<\/p>\n<\/p>\n<p>Le cadeau parfait \u00e0 offrir ou \u00e0 garder pour soi !<\/p>\n<\/p>\n<p><strong>Contenu : 1000ml<\/strong><\/p>\n<p><strong>Parfum :<\/strong> Bois de santal &amp; figue Notes de t\u00eate : Agrumes, fruit\u00e9, figue<\/p>\n<p><strong>Notes de c\u0153ur :<\/strong> Lys, Jasmin Notes de fond : Bois de santal, Musc<\/p>\n","protected":false},"excerpt":{"rendered":"<p>The Gift Label Savon nettoyant pour la cuisine, parfum bois de santal &amp; figue, biod\u00e9gradable, sans sulfate ni colorant, 1000ml, 100% plastique recycl\u00e9, look &amp; feel luxueux, \u00e9cologique, parfait pour offrir.<\/p>\n","protected":false},"featured_media":69205,"comment_status":"open","ping_status":"closed","template":"","meta":{"_acf_changed":false},"product_brand":[3046],"product_cat":[876],"product_tag":[],"class_list":{"0":"post-94433","1":"product","2":"type-product","3":"status-publish","4":"has-post-thumbnail","6":"product_brand-the-gift-label","7":"product_cat-vivre","8":"product_shipping_class-colis-jusqua-2-kg","10":"first","11":"outofstock","12":"taxable","13":"shipping-taxable","14":"purchasable","15":"product-type-simple"},"acf":[],"_links":{"self":[{"href":"https:\/\/one-horizon.ch\/fr\/wp-json\/wp\/v2\/product\/94433","targetHints":{"allow":["GET"]}}],"collection":[{"href":"https:\/\/one-horizon.ch\/fr\/wp-json\/wp\/v2\/product"}],"about":[{"href":"https:\/\/one-horizon.ch\/fr\/wp-json\/wp\/v2\/types\/product"}],"replies":[{"embeddable":true,"href":"https:\/\/one-horizon.ch\/fr\/wp-json\/wp\/v2\/comments?post=94433"}],"wp:featuredmedia":[{"embeddable":true,"href":"https:\/\/one-horizon.ch\/fr\/wp-json\/wp\/v2\/media\/69205"}],"wp:attachment":[{"href":"https:\/\/one-horizon.ch\/fr\/wp-json\/wp\/v2\/media?parent=94433"}],"wp:term":[{"taxonomy":"product_brand","embeddable":true,"href":"https:\/\/one-horizon.ch\/fr\/wp-json\/wp\/v2\/product_brand?post=94433"},{"taxonomy":"product_cat","embeddable":true,"href":"https:\/\/one-horizon.ch\/fr\/wp-json\/wp\/v2\/product_cat?post=94433"},{"taxonomy":"product_tag","embeddable":true,"href":"https:\/\/one-horizon.ch\/fr\/wp-json\/wp\/v2\/product_tag?post=94433"}],"curies":[{"name":"wp","href":"https:\/\/api.w.org\/{rel}","templated":true}]}}