{"id":94456,"date":"2024-02-08T22:47:53","date_gmt":"2024-02-08T21:47:53","guid":{"rendered":"https:\/\/one-horizon.ch\/product\/savon-pour-les-mains-you-are-special\/"},"modified":"2026-04-07T23:17:43","modified_gmt":"2026-04-07T21:17:43","slug":"savon-pour-les-mains-you-are-special","status":"publish","type":"product","link":"https:\/\/one-horizon.ch\/fr\/product\/savon-pour-les-mains-you-are-special\/","title":{"rendered":"Savon pour les mains &#8211; You are special"},"content":{"rendered":"<p>Ce savon v\u00e9g\u00e9talien prend soin de tes mains et sent bon le kumquat et la vanille bourbon. Les bouteilles en plastique 100% recycl\u00e9es ont de beaux designs et des citations exaltantes. Le cadeau parfait \u00e0 offrir ou \u00e0 garder pour soi !<\/p>\n<p><strong>Contenu : 500 ml<\/strong><\/p>\n<p><strong>Parfum :<\/strong> kumquat &amp; vanille bourbon Notes de t\u00eate : Framboise, kumquat<\/p>\n<p><strong>Notes de c\u0153ur :<\/strong> jasmin, tub\u00e9reuse Notes de fond : Vanille bourbon, Beurre de karit\u00e9<\/p>\n","protected":false},"excerpt":{"rendered":"<p>Savon pour les mains v\u00e9g\u00e9talien au parfum de kumquat &amp; vanille bourbon. 500 ml dans des bouteilles en plastique 100% recycl\u00e9es avec de beaux designs et des citations exaltantes. Id\u00e9al comme cadeau ou \u00e0 garder pour soi.  <\/p>\n","protected":false},"featured_media":69197,"comment_status":"open","ping_status":"closed","template":"","meta":{"_acf_changed":false},"product_brand":[3046],"product_cat":[1378],"product_tag":[3295],"class_list":{"0":"post-94456","1":"product","2":"type-product","3":"status-publish","4":"has-post-thumbnail","6":"product_brand-the-gift-label","7":"product_cat-soin-des-mains","8":"product_tag-pour-vous","9":"product_shipping_class-colis-jusqua-2-kg","11":"first","12":"instock","13":"taxable","14":"shipping-taxable","15":"purchasable","16":"product-type-simple"},"acf":[],"_links":{"self":[{"href":"https:\/\/one-horizon.ch\/fr\/wp-json\/wp\/v2\/product\/94456","targetHints":{"allow":["GET"]}}],"collection":[{"href":"https:\/\/one-horizon.ch\/fr\/wp-json\/wp\/v2\/product"}],"about":[{"href":"https:\/\/one-horizon.ch\/fr\/wp-json\/wp\/v2\/types\/product"}],"replies":[{"embeddable":true,"href":"https:\/\/one-horizon.ch\/fr\/wp-json\/wp\/v2\/comments?post=94456"}],"wp:featuredmedia":[{"embeddable":true,"href":"https:\/\/one-horizon.ch\/fr\/wp-json\/wp\/v2\/media\/69197"}],"wp:attachment":[{"href":"https:\/\/one-horizon.ch\/fr\/wp-json\/wp\/v2\/media?parent=94456"}],"wp:term":[{"taxonomy":"product_brand","embeddable":true,"href":"https:\/\/one-horizon.ch\/fr\/wp-json\/wp\/v2\/product_brand?post=94456"},{"taxonomy":"product_cat","embeddable":true,"href":"https:\/\/one-horizon.ch\/fr\/wp-json\/wp\/v2\/product_cat?post=94456"},{"taxonomy":"product_tag","embeddable":true,"href":"https:\/\/one-horizon.ch\/fr\/wp-json\/wp\/v2\/product_tag?post=94456"}],"curies":[{"name":"wp","href":"https:\/\/api.w.org\/{rel}","templated":true}]}}