{"id":94458,"date":"2024-02-08T22:47:52","date_gmt":"2024-02-08T21:47:52","guid":{"rendered":"https:\/\/one-horizon.ch\/product\/savon-au-sel-mandarine-bergamote-rosemary-cedre\/"},"modified":"2026-03-29T22:55:34","modified_gmt":"2026-03-29T20:55:34","slug":"savon-au-sel-mandarin-bergamote-rosemary-cedar","status":"publish","type":"product","link":"https:\/\/one-horizon.ch\/fr\/product\/savon-au-sel-mandarin-bergamote-rosemary-cedar\/","title":{"rendered":"Savon au sel &#8211; Mandarine, Bergamote, Rosemary &amp; C\u00e8dre"},"content":{"rendered":"<p>Un num\u00e9ro fruit\u00e9 avec des notes herbac\u00e9es et des notes bois\u00e9es arrondies. Le sel avec un grain plus gros donne du glamour et encore plus d&#8217;avantages sal\u00e9s que nos barres normales.<\/p>\n<p>Utilisez-le dans la douche \u00e0 la place du gel, dans la baignoire ou \u00e0 c\u00f4t\u00e9 de l&#8217;\u00e9vier de votre salle de bains ou de votre cuisine. Ce savon laisse une sensation de peau nettoy\u00e9e, fra\u00eeche et hydrat\u00e9e.<\/p>\n<p><strong>Poids : 120g<\/strong><\/p>\n<p><strong>sans parab\u00e8nes &#8211; sans huile de palme &#8211; non test\u00e9 sur les animaux &#8211; v\u00e9g\u00e9talien<\/strong><\/p>\n<p>Ici, pas de place pour le plastique &#8211; tous les savons sont vendus dans des bo\u00eetes fabriqu\u00e9es \u00e0 partir de gobelets de caf\u00e9 recycl\u00e9s. 100 % recycl\u00e9 et recyclable.<\/p>\n<p>Fait \u00e0 la main et unique &#8211; le poids du savon peut varier de quelques grammes et les designs diff\u00e8rent naturellement par pi\u00e8ce<\/p>\n<p><strong>Mode d&#8217;emploi<\/strong><\/p>\n<p>Faites mousser le savon entre vos mains et lavez-les avec la mousse \u00e9paisse et luxueuse.<\/p>\n<p>Si vous aimez appliquer le savon directement sur votre peau, il est conseill\u00e9 de le placer dans un sachet de savon en coton afin de prot\u00e9ger les parties sensibles des grains de sel qui grattent facilement.<\/p>\n","protected":false},"excerpt":{"rendered":"<p>Savon fruit\u00e9 avec des notes d&#8217;herbes et de bois, gros sel. Utilisation dans la douche, la baignoire ou le lavabo. Laisse une sensation de peau nettoy\u00e9e, fra\u00eeche et hydrat\u00e9e.<\/p>\n","protected":false},"featured_media":99373,"comment_status":"open","ping_status":"closed","template":"","meta":{"_acf_changed":false},"product_brand":[3000],"product_cat":[1378],"product_tag":[],"class_list":{"0":"post-94458","1":"product","2":"type-product","3":"status-publish","4":"has-post-thumbnail","6":"product_brand-dook","7":"product_cat-soin-des-mains","8":"product_shipping_class-colis-jusqua-2-kg","10":"first","11":"outofstock","12":"sale","13":"taxable","14":"shipping-taxable","15":"purchasable","16":"product-type-simple"},"acf":[],"_links":{"self":[{"href":"https:\/\/one-horizon.ch\/fr\/wp-json\/wp\/v2\/product\/94458","targetHints":{"allow":["GET"]}}],"collection":[{"href":"https:\/\/one-horizon.ch\/fr\/wp-json\/wp\/v2\/product"}],"about":[{"href":"https:\/\/one-horizon.ch\/fr\/wp-json\/wp\/v2\/types\/product"}],"replies":[{"embeddable":true,"href":"https:\/\/one-horizon.ch\/fr\/wp-json\/wp\/v2\/comments?post=94458"}],"wp:featuredmedia":[{"embeddable":true,"href":"https:\/\/one-horizon.ch\/fr\/wp-json\/wp\/v2\/media\/99373"}],"wp:attachment":[{"href":"https:\/\/one-horizon.ch\/fr\/wp-json\/wp\/v2\/media?parent=94458"}],"wp:term":[{"taxonomy":"product_brand","embeddable":true,"href":"https:\/\/one-horizon.ch\/fr\/wp-json\/wp\/v2\/product_brand?post=94458"},{"taxonomy":"product_cat","embeddable":true,"href":"https:\/\/one-horizon.ch\/fr\/wp-json\/wp\/v2\/product_cat?post=94458"},{"taxonomy":"product_tag","embeddable":true,"href":"https:\/\/one-horizon.ch\/fr\/wp-json\/wp\/v2\/product_tag?post=94458"}],"curies":[{"name":"wp","href":"https:\/\/api.w.org\/{rel}","templated":true}]}}