{"id":94461,"date":"2024-02-08T22:47:30","date_gmt":"2024-02-08T21:47:30","guid":{"rendered":"https:\/\/one-horizon.ch\/product\/orbitkey-multi-tool-v2\/"},"modified":"2026-04-05T17:57:56","modified_gmt":"2026-04-05T15:57:56","slug":"orbitkey-multi-tool-v2","status":"publish","type":"product","link":"https:\/\/one-horizon.ch\/fr\/product\/orbitkey-multi-tool-v2\/","title":{"rendered":"Orbitkey Multi-Tool V2"},"content":{"rendered":"<p><strong>Un petit outil pratique<\/strong><\/p>\n<p>Quelle que soit la situation dans laquelle vous vous trouvez &#8211; que vous deviez ouvrir un emballage ou une bouteille &#8211; vous avez toujours le bon outil \u00e0 port\u00e9e de main.<\/p>\n<p><strong>Mince et durable<\/strong><\/p>\n<p>Durable et fabriqu\u00e9 en acier inoxydable 420 solide avec un rev\u00eatement en titane durable. Tout ce que vous attendez d&#8217;un outil multifonctionnel, et plus encore.<\/p>\n<p><strong>S&#8217;adapte \u00e0 votre organiseur \u00e0 cl\u00e9s<\/strong><\/p>\n<p>Un profil mince et peu encombrant qui s&#8217;int\u00e8gre parfaitement dans votre Key Organiser.<\/p>\n<p><strong>Caract\u00e9ristiques<\/strong><\/p>\n<ul>\n<li>9 outils en 1, avec un profil mince.<\/li>\n<li>Boxcutter, d\u00e9capsuleur, pied-de-biche, tournevis plat, tournevis PH2 Phillips, coupe-papier, r\u00e8gle m\u00e9trique, r\u00e8gle imp\u00e9riale et lime grossi\u00e8re.<\/li>\n<li>Dimensions de l&#8217;Orbitkey Multi-Tool : 63 x 18 x 2 mm.<\/li>\n<\/ul>\n","protected":false},"excerpt":{"rendered":"<p>Outil multifonctionnel maniable : 9 outils dans un profil mince. Fabriqu\u00e9 en acier inoxydable 420 robuste avec rev\u00eatement en titane. Parfait pour les d\u00e9placements &#8211; se glisse dans n&#8217;importe quel organiseur \u00e0 cl\u00e9s.<\/p>\n","protected":false},"featured_media":70487,"comment_status":"open","ping_status":"closed","template":"","meta":{"_acf_changed":false},"product_brand":[3032],"product_cat":[1310],"product_tag":[],"class_list":{"0":"post-94461","1":"product","2":"type-product","3":"status-publish","4":"has-post-thumbnail","6":"product_brand-orbitkey","7":"product_cat-accessoires-fr-2","8":"product_shipping_class-petit-envoi","9":"pa_farbe-argent","10":"pa_farbe-noir","12":"first","13":"instock","14":"taxable","15":"shipping-taxable","16":"purchasable","17":"product-type-variable","18":"has-default-attributes"},"acf":[],"_links":{"self":[{"href":"https:\/\/one-horizon.ch\/fr\/wp-json\/wp\/v2\/product\/94461","targetHints":{"allow":["GET"]}}],"collection":[{"href":"https:\/\/one-horizon.ch\/fr\/wp-json\/wp\/v2\/product"}],"about":[{"href":"https:\/\/one-horizon.ch\/fr\/wp-json\/wp\/v2\/types\/product"}],"replies":[{"embeddable":true,"href":"https:\/\/one-horizon.ch\/fr\/wp-json\/wp\/v2\/comments?post=94461"}],"wp:featuredmedia":[{"embeddable":true,"href":"https:\/\/one-horizon.ch\/fr\/wp-json\/wp\/v2\/media\/70487"}],"wp:attachment":[{"href":"https:\/\/one-horizon.ch\/fr\/wp-json\/wp\/v2\/media?parent=94461"}],"wp:term":[{"taxonomy":"product_brand","embeddable":true,"href":"https:\/\/one-horizon.ch\/fr\/wp-json\/wp\/v2\/product_brand?post=94461"},{"taxonomy":"product_cat","embeddable":true,"href":"https:\/\/one-horizon.ch\/fr\/wp-json\/wp\/v2\/product_cat?post=94461"},{"taxonomy":"product_tag","embeddable":true,"href":"https:\/\/one-horizon.ch\/fr\/wp-json\/wp\/v2\/product_tag?post=94461"}],"curies":[{"name":"wp","href":"https:\/\/api.w.org\/{rel}","templated":true}]}}