{"id":94474,"date":"2024-02-08T22:47:30","date_gmt":"2024-02-08T21:47:30","guid":{"rendered":"https:\/\/one-horizon.ch\/product\/totem-notabag-mustard\/"},"modified":"2026-04-01T18:02:05","modified_gmt":"2026-04-01T16:02:05","slug":"notabag-tote-mustard","status":"publish","type":"product","link":"https:\/\/one-horizon.ch\/fr\/product\/notabag-tote-mustard\/","title":{"rendered":"Totem Notabag &#8211; Mustard"},"content":{"rendered":"<p>D\u00e9couvre le Notabag Tote &#8211; le sac \u00e0 provisions pliable parfait, fabriqu\u00e9 \u00e0 partir de mat\u00e9riaux recycl\u00e9s, pour tes aventures quotidiennes. L\u00e9ger, durable et r\u00e9sistant \u00e0 l&#8217;eau. Les cl\u00e9s et le porte-monnaie trouvent leur place dans la poche int\u00e9rieure, et lorsque tu n&#8217;en as pas besoin, le totem se range facilement. Un cadeau pratique et tendance pour toutes les occasions. Procure-toi-le maintenant et fais l&#8217;exp\u00e9rience de la fonctionnalit\u00e9 et du style en un.<\/p>\n<\/p>\n<p><strong>Caract\u00e9ristiques<\/strong><\/p>\n<p>&#8211; Taille : 39cm de large et 32,5cm de haut (sans les bretelles)<br \/>&#8211; Longueur des bretelles : 24cm<br \/>&#8211; Poche int\u00e9rieure : 14\u00d711 cm <br \/>&#8211; Hydrofuge &amp; lavable en machine<br \/>&#8211; 100% polyester PET recycl\u00e9<br \/>&#8211; Supporte jusqu&#8217;\u00e0 20 kg  <\/p>\n","protected":false},"excerpt":{"rendered":"<p>Sac \u00e0 provisions pliable fabriqu\u00e9 \u00e0 partir de mat\u00e9riaux recycl\u00e9s. L\u00e9ger, durable, r\u00e9sistant \u00e0 l&#8217;eau. Poche int\u00e9rieure pour les cl\u00e9s et le porte-monnaie. Taille : 39&#215;32,5 cm, longueur de la bretelle : 24 cm. Supporte jusqu&#8217;\u00e0 20 kg.<\/p>\n","protected":false},"featured_media":70459,"comment_status":"open","ping_status":"closed","template":"","meta":{"_acf_changed":false},"product_brand":[3028],"product_cat":[1298],"product_tag":[],"class_list":{"0":"post-94474","1":"product","2":"type-product","3":"status-publish","4":"has-post-thumbnail","6":"product_brand-notabag","7":"product_cat-sacs-a-provisions","8":"product_shipping_class-colis-jusqua-2-kg","10":"first","11":"instock","12":"taxable","13":"shipping-taxable","14":"purchasable","15":"product-type-simple"},"acf":[],"_links":{"self":[{"href":"https:\/\/one-horizon.ch\/fr\/wp-json\/wp\/v2\/product\/94474","targetHints":{"allow":["GET"]}}],"collection":[{"href":"https:\/\/one-horizon.ch\/fr\/wp-json\/wp\/v2\/product"}],"about":[{"href":"https:\/\/one-horizon.ch\/fr\/wp-json\/wp\/v2\/types\/product"}],"replies":[{"embeddable":true,"href":"https:\/\/one-horizon.ch\/fr\/wp-json\/wp\/v2\/comments?post=94474"}],"wp:featuredmedia":[{"embeddable":true,"href":"https:\/\/one-horizon.ch\/fr\/wp-json\/wp\/v2\/media\/70459"}],"wp:attachment":[{"href":"https:\/\/one-horizon.ch\/fr\/wp-json\/wp\/v2\/media?parent=94474"}],"wp:term":[{"taxonomy":"product_brand","embeddable":true,"href":"https:\/\/one-horizon.ch\/fr\/wp-json\/wp\/v2\/product_brand?post=94474"},{"taxonomy":"product_cat","embeddable":true,"href":"https:\/\/one-horizon.ch\/fr\/wp-json\/wp\/v2\/product_cat?post=94474"},{"taxonomy":"product_tag","embeddable":true,"href":"https:\/\/one-horizon.ch\/fr\/wp-json\/wp\/v2\/product_tag?post=94474"}],"curies":[{"name":"wp","href":"https:\/\/api.w.org\/{rel}","templated":true}]}}