{"id":94475,"date":"2024-02-08T22:47:52","date_gmt":"2024-02-08T21:47:52","guid":{"rendered":"https:\/\/one-horizon.ch\/product\/creme-pour-le-corps-today-is-your-day\/"},"modified":"2026-04-07T23:17:48","modified_gmt":"2026-04-07T21:17:48","slug":"body-cream-today-is-your-day","status":"publish","type":"product","link":"https:\/\/one-horizon.ch\/fr\/product\/body-cream-today-is-your-day\/","title":{"rendered":"Cr\u00e8me pour le corps &#8211; Today is your Day"},"content":{"rendered":"<p>Cette cr\u00e8me corporelle nourrissante est v\u00e9g\u00e9talienne et soigne la peau avec de l&#8217;huile d&#8217;argan et de la vitamine E. Cr\u00e9ez une routine compl\u00e8te de soins corporels avec ce d\u00e9licieux soin corporel au parfum de mandarine musqu\u00e9e. La cr\u00e8me pour le corps a un design luxueux, est fabriqu\u00e9e aux Pays-Bas et le r\u00e9cipient est compos\u00e9 \u00e0 100 % de plastique recycl\u00e9.<\/p>\n<\/p>\n<p><strong>Contenu : 250 ml<\/strong><\/p>\n<p><strong>Parfum :<\/strong> Musc de mandarine<\/p>\n<p><strong>Notes de t\u00eate :<\/strong> citron, pamplemousse, groseille rouge.<\/p>\n<p><strong>Notes de c\u0153ur :<\/strong> Fleurs de jasmin, ananas, poire. Notes de fond : bois de c\u00e8dre, musc, ambre<\/p>\n","protected":false},"excerpt":{"rendered":"<p>Cr\u00e8me corporelle nourrissante v\u00e9g\u00e9talienne \u00e0 l&#8217;huile d&#8217;argan et \u00e0 la vitamine E. Parfum : musc de mandarine. Design luxueux, r\u00e9cipient en plastique 100% recycl\u00e9. Contenu : 250 ml.<\/p>\n","protected":false},"featured_media":69193,"comment_status":"open","ping_status":"closed","template":"","meta":{"_acf_changed":false},"product_brand":[3046],"product_cat":[1282],"product_tag":[3295],"class_list":{"0":"post-94475","1":"product","2":"type-product","3":"status-publish","4":"has-post-thumbnail","6":"product_brand-the-gift-label","7":"product_cat-soins-du-corps","8":"product_tag-pour-vous","9":"product_shipping_class-colis-jusqua-2-kg","11":"first","12":"instock","13":"taxable","14":"shipping-taxable","15":"purchasable","16":"product-type-simple"},"acf":[],"_links":{"self":[{"href":"https:\/\/one-horizon.ch\/fr\/wp-json\/wp\/v2\/product\/94475","targetHints":{"allow":["GET"]}}],"collection":[{"href":"https:\/\/one-horizon.ch\/fr\/wp-json\/wp\/v2\/product"}],"about":[{"href":"https:\/\/one-horizon.ch\/fr\/wp-json\/wp\/v2\/types\/product"}],"replies":[{"embeddable":true,"href":"https:\/\/one-horizon.ch\/fr\/wp-json\/wp\/v2\/comments?post=94475"}],"wp:featuredmedia":[{"embeddable":true,"href":"https:\/\/one-horizon.ch\/fr\/wp-json\/wp\/v2\/media\/69193"}],"wp:attachment":[{"href":"https:\/\/one-horizon.ch\/fr\/wp-json\/wp\/v2\/media?parent=94475"}],"wp:term":[{"taxonomy":"product_brand","embeddable":true,"href":"https:\/\/one-horizon.ch\/fr\/wp-json\/wp\/v2\/product_brand?post=94475"},{"taxonomy":"product_cat","embeddable":true,"href":"https:\/\/one-horizon.ch\/fr\/wp-json\/wp\/v2\/product_cat?post=94475"},{"taxonomy":"product_tag","embeddable":true,"href":"https:\/\/one-horizon.ch\/fr\/wp-json\/wp\/v2\/product_tag?post=94475"}],"curies":[{"name":"wp","href":"https:\/\/api.w.org\/{rel}","templated":true}]}}