{"id":94482,"date":"2024-02-08T22:47:51","date_gmt":"2024-02-08T21:47:51","guid":{"rendered":"https:\/\/one-horizon.ch\/product\/petit-plateau-oakyblocks\/"},"modified":"2026-03-29T22:55:46","modified_gmt":"2026-03-29T20:55:46","slug":"small-tray-oakyblocks","status":"publish","type":"product","link":"https:\/\/one-horizon.ch\/fr\/product\/small-tray-oakyblocks\/","title":{"rendered":"Petit plateau (OakyBlocks)"},"content":{"rendered":"<p><strong>Toutes les notes \u00e0 port\u00e9e de main<\/strong><\/p>\n<p>Sticky Notes Tray &#8211; un plateau en bois compact, sp\u00e9cialement con\u00e7u pour les notes autocollantes de taille standard. Au lieu de cacher vos Sticky Notes dans des tiroirs, placez-les avec style sur ce plateau de bureau. Ainsi, vous avez toujours vos notes importantes \u00e0 port\u00e9e de main lorsque vous en avez besoin. Le Sticky Notes Tray peut \u00eatre utilis\u00e9 seul ou combin\u00e9 avec d&#8217;autres OakyBlocks.<\/p>\n<p>&nbsp;<\/p>\n<p><strong>Aimants int\u00e9gr\u00e9s<\/strong><\/p>\n<p>Gr\u00e2ce aux aimants int\u00e9gr\u00e9s, le Sticky Notes Tray peut \u00eatre reli\u00e9 de mani\u00e8re transparente \u00e0 d&#8217;autres \u00e9l\u00e9ments de la s\u00e9rie OakyBlocks pour cr\u00e9er votre solution d&#8217;organisation personnalis\u00e9e.<\/p>\n<p>&nbsp;<\/p>\n<p><strong>Approfondissement pratique<\/strong><\/p>\n<p>Un petit renfoncement sur un c\u00f4t\u00e9 facilite le retrait des notes et augmente la convivialit\u00e9 de cette tablette.<\/p>\n<p>&nbsp;<\/p>\n<p><strong>Un maintien s\u00fbr<\/strong><\/p>\n<p>Le dessous de la tablette bloc-notes est recouvert de li\u00e8ge, ce qui \u00e9vite les rayures sur votre bureau et permet \u00e0 la tablette de reposer en toute s\u00e9curit\u00e9 sur la surface.<\/p>\n<p>&nbsp;<\/p>\n<p><strong>Comment fonctionnent les OakyBlocks<\/strong><\/p>\n<p>Le Sticky Notes Tray fait partie de la famille OakyBlocks, une s\u00e9rie d&#8217;accessoires en bois qui peuvent \u00eatre reli\u00e9s entre eux par des aimants. Cr\u00e9ez des solutions d&#8217;organisation personnalis\u00e9es avec diff\u00e9rents modules et tailles.<\/p>\n","protected":false},"excerpt":{"rendered":"<p>Toutes les notes \u00e0 port\u00e9e de main Sticky Notes Tray &#8211; un plateau en bois compact, sp\u00e9cialement con\u00e7u pour les notes autocollantes de taille standard. Au lieu de cacher vos Sticky Notes dans des tiroirs, placez-les avec style sur ce plateau de bureau. Ainsi, vous avez toujours vos notes importantes \u00e0 port\u00e9e de main lorsque [&hellip;]<\/p>\n","protected":false},"featured_media":70525,"comment_status":"open","ping_status":"closed","template":"","meta":{"_acf_changed":false},"product_brand":[3029],"product_cat":[945,855,1302],"product_tag":[],"class_list":{"0":"post-94482","1":"product","2":"type-product","3":"status-publish","4":"has-post-thumbnail","6":"product_brand-oakywood","7":"product_cat-oakywood-fr-2","8":"product_cat-office-fr","9":"product_cat-rangement","10":"product_shipping_class-colis-jusqua-2-kg","11":"pa_holz-bois-de-chene","12":"pa_holz-noir","13":"pa_holz-noyer","15":"first","16":"outofstock","17":"taxable","18":"shipping-taxable","19":"purchasable","20":"product-type-variable","21":"has-default-attributes"},"acf":[],"_links":{"self":[{"href":"https:\/\/one-horizon.ch\/fr\/wp-json\/wp\/v2\/product\/94482","targetHints":{"allow":["GET"]}}],"collection":[{"href":"https:\/\/one-horizon.ch\/fr\/wp-json\/wp\/v2\/product"}],"about":[{"href":"https:\/\/one-horizon.ch\/fr\/wp-json\/wp\/v2\/types\/product"}],"replies":[{"embeddable":true,"href":"https:\/\/one-horizon.ch\/fr\/wp-json\/wp\/v2\/comments?post=94482"}],"wp:featuredmedia":[{"embeddable":true,"href":"https:\/\/one-horizon.ch\/fr\/wp-json\/wp\/v2\/media\/70525"}],"wp:attachment":[{"href":"https:\/\/one-horizon.ch\/fr\/wp-json\/wp\/v2\/media?parent=94482"}],"wp:term":[{"taxonomy":"product_brand","embeddable":true,"href":"https:\/\/one-horizon.ch\/fr\/wp-json\/wp\/v2\/product_brand?post=94482"},{"taxonomy":"product_cat","embeddable":true,"href":"https:\/\/one-horizon.ch\/fr\/wp-json\/wp\/v2\/product_cat?post=94482"},{"taxonomy":"product_tag","embeddable":true,"href":"https:\/\/one-horizon.ch\/fr\/wp-json\/wp\/v2\/product_tag?post=94482"}],"curies":[{"name":"wp","href":"https:\/\/api.w.org\/{rel}","templated":true}]}}