{"id":94483,"date":"2024-02-08T22:47:53","date_gmt":"2024-02-08T21:47:53","guid":{"rendered":"https:\/\/one-horizon.ch\/product\/rouleau-de-massage-en-liege\/"},"modified":"2026-04-01T18:15:08","modified_gmt":"2026-04-01T16:15:08","slug":"rouleau-de-massage-en-liege","status":"publish","type":"product","link":"https:\/\/one-horizon.ch\/fr\/product\/rouleau-de-massage-en-liege\/","title":{"rendered":"Rouleau de massage en li\u00e8ge"},"content":{"rendered":"<p>Le Myga Cork Roller est un appareil d&#8217;automassage parfait pour les groupes musculaires plus importants comme le dos et les jambes. Le Myga Cork Roller couvre une plus grande surface et soulage ainsi rapidement la douleur. Gr\u00e2ce \u00e0 son profil plus bas et \u00e0 sa r\u00e9sistance, notre rouleau de li\u00e8ge peut \u00eatre utilis\u00e9 sous les mollets, les quadriceps et les adducteurs, contrairement aux autres types de mousse \u00e0 profil haut.<\/p>\n<p>Il peut \u00eatre utilis\u00e9 pour une grande vari\u00e9t\u00e9 d&#8217;exercices, y compris le yoga, le Pilates, l&#8217;entra\u00eenement du corps entier comme le CrossFit, le HITT et l&#8217;entra\u00eenement \u00e0 la course.<\/p>\n<p>Le rouleau de li\u00e8ge Myga est livr\u00e9 avec un sac de transport pratique en coton \u00e0 cordelette.<\/p>\n<\/p>\n<p>Mat\u00e9riau : 100 % li\u00e8ge naturel<\/p>\n<p>Dimensions : 10 x 30 cm<\/p>\n","protected":false},"excerpt":{"rendered":"<p>Le Myga Cork Roller est un appareil d&#8217;automassage parfait pour les groupes musculaires plus importants comme le dos et les jambes. Le Myga Cork Roller couvre une plus grande surface et soulage ainsi rapidement la douleur. Gr\u00e2ce \u00e0 son profil plus bas et \u00e0 sa r\u00e9sistance, notre rouleau de li\u00e8ge peut \u00eatre utilis\u00e9 sous les [&hellip;]<\/p>\n","protected":false},"featured_media":69209,"comment_status":"open","ping_status":"closed","template":"","meta":{"_acf_changed":false},"product_brand":[3117],"product_cat":[1293],"product_tag":[],"class_list":{"0":"post-94483","1":"product","2":"type-product","3":"status-publish","4":"has-post-thumbnail","6":"product_brand-myga","7":"product_cat-equipement-sportif","8":"product_shipping_class-colis-jusqua-2-kg","10":"first","11":"outofstock","12":"taxable","13":"shipping-taxable","14":"purchasable","15":"product-type-simple"},"acf":[],"_links":{"self":[{"href":"https:\/\/one-horizon.ch\/fr\/wp-json\/wp\/v2\/product\/94483","targetHints":{"allow":["GET"]}}],"collection":[{"href":"https:\/\/one-horizon.ch\/fr\/wp-json\/wp\/v2\/product"}],"about":[{"href":"https:\/\/one-horizon.ch\/fr\/wp-json\/wp\/v2\/types\/product"}],"replies":[{"embeddable":true,"href":"https:\/\/one-horizon.ch\/fr\/wp-json\/wp\/v2\/comments?post=94483"}],"wp:featuredmedia":[{"embeddable":true,"href":"https:\/\/one-horizon.ch\/fr\/wp-json\/wp\/v2\/media\/69209"}],"wp:attachment":[{"href":"https:\/\/one-horizon.ch\/fr\/wp-json\/wp\/v2\/media?parent=94483"}],"wp:term":[{"taxonomy":"product_brand","embeddable":true,"href":"https:\/\/one-horizon.ch\/fr\/wp-json\/wp\/v2\/product_brand?post=94483"},{"taxonomy":"product_cat","embeddable":true,"href":"https:\/\/one-horizon.ch\/fr\/wp-json\/wp\/v2\/product_cat?post=94483"},{"taxonomy":"product_tag","embeddable":true,"href":"https:\/\/one-horizon.ch\/fr\/wp-json\/wp\/v2\/product_tag?post=94483"}],"curies":[{"name":"wp","href":"https:\/\/api.w.org\/{rel}","templated":true}]}}