{"id":94502,"date":"2024-02-08T22:47:53","date_gmt":"2024-02-08T21:47:53","guid":{"rendered":"https:\/\/one-horizon.ch\/product\/lotion-pour-les-mains-you-are-special\/"},"modified":"2026-04-07T23:17:46","modified_gmt":"2026-04-07T21:17:46","slug":"lotion-pour-les-mains-you-are-special","status":"publish","type":"product","link":"https:\/\/one-horizon.ch\/fr\/product\/lotion-pour-les-mains-you-are-special\/","title":{"rendered":"Lotion pour les mains &#8211; You are special"},"content":{"rendered":"<p>Cette lotion pour les mains v\u00e9g\u00e9talienne prend soin de tes mains et sent bon le kumquat &amp; la vanille bourbon. Les bouteilles en plastique 100% recycl\u00e9es ont de beaux designs et des citations exaltantes.<\/p>\n<\/p>\n<p>Le cadeau parfait \u00e0 offrir ou \u00e0 garder pour soi !<\/p>\n<\/p>\n<p><strong>Contenu : 250ml<\/strong><\/p>\n<p><strong>Parfum :<\/strong> kumquat &amp; vanille bourbon Notes de t\u00eate : framboise, kumquat<\/p>\n<p><strong>Notes de c\u0153ur :<\/strong> jasmin, tub\u00e9reuse Notes de fond : vanille bourbon, beurre de karit\u00e9<\/p>\n","protected":false},"excerpt":{"rendered":"<p>Lotion pour les mains v\u00e9g\u00e9talienne au parfum de kumquat &amp; de vanille bourbon. Dans des bouteilles en plastique 100% recycl\u00e9es avec de beaux designs et citations. Contenu : 250ml. Parfait pour offrir ou garder pour soi.<\/p>\n","protected":false},"featured_media":69201,"comment_status":"open","ping_status":"closed","template":"","meta":{"_acf_changed":false},"product_brand":[3046],"product_cat":[1378],"product_tag":[3359,3295],"class_list":{"0":"post-94502","1":"product","2":"type-product","3":"status-publish","4":"has-post-thumbnail","6":"product_brand-the-gift-label","7":"product_cat-soin-des-mains","8":"product_tag-anniversaire","9":"product_tag-pour-vous","10":"product_shipping_class-colis-jusqua-2-kg","12":"first","13":"instock","14":"taxable","15":"shipping-taxable","16":"purchasable","17":"product-type-simple"},"acf":[],"_links":{"self":[{"href":"https:\/\/one-horizon.ch\/fr\/wp-json\/wp\/v2\/product\/94502","targetHints":{"allow":["GET"]}}],"collection":[{"href":"https:\/\/one-horizon.ch\/fr\/wp-json\/wp\/v2\/product"}],"about":[{"href":"https:\/\/one-horizon.ch\/fr\/wp-json\/wp\/v2\/types\/product"}],"replies":[{"embeddable":true,"href":"https:\/\/one-horizon.ch\/fr\/wp-json\/wp\/v2\/comments?post=94502"}],"wp:featuredmedia":[{"embeddable":true,"href":"https:\/\/one-horizon.ch\/fr\/wp-json\/wp\/v2\/media\/69201"}],"wp:attachment":[{"href":"https:\/\/one-horizon.ch\/fr\/wp-json\/wp\/v2\/media?parent=94502"}],"wp:term":[{"taxonomy":"product_brand","embeddable":true,"href":"https:\/\/one-horizon.ch\/fr\/wp-json\/wp\/v2\/product_brand?post=94502"},{"taxonomy":"product_cat","embeddable":true,"href":"https:\/\/one-horizon.ch\/fr\/wp-json\/wp\/v2\/product_cat?post=94502"},{"taxonomy":"product_tag","embeddable":true,"href":"https:\/\/one-horizon.ch\/fr\/wp-json\/wp\/v2\/product_tag?post=94502"}],"curies":[{"name":"wp","href":"https:\/\/api.w.org\/{rel}","templated":true}]}}