{"id":94503,"date":"2024-02-08T22:47:52","date_gmt":"2024-02-08T21:47:52","guid":{"rendered":"https:\/\/one-horizon.ch\/product\/trousse-de-toilette-hello-new-day\/"},"modified":"2026-04-29T21:45:47","modified_gmt":"2026-04-29T19:45:47","slug":"kosmetiktasche-hello-new-day","status":"publish","type":"product","link":"https:\/\/one-horizon.ch\/fr\/product\/kosmetiktasche-hello-new-day\/","title":{"rendered":"Trousse de toilette &#8211; Hello New Day"},"content":{"rendered":"<p>La trousse de toilette Eulenschnitt &#8220;Hello New Day&#8221; est fabriqu\u00e9e en <strong>papier lavable<\/strong> &#8211; l\u00e9g\u00e8re, durable et polyvalente.<\/p>\n<h2>Mat\u00e9riaux et entretien<\/h2>\n<ul>\n<li><strong>Mat\u00e9riau :<\/strong> papier lavable (Kraft Paper) &#8211; l\u00e9ger et ind\u00e9chirable<\/li>\n<li><strong>Nettoyage :<\/strong> Rincez simplement sous l&#8217;eau courante.<\/li>\n<li><strong>Impression :<\/strong> motif &#8220;Hello New Day<\/li>\n<\/ul>\n<h2>Domaines d&#8217;application<\/h2>\n<ul>\n<li>Trousse de maquillage, trousse de toilette<\/li>\n<li>Sac \u00e0 bijoux<\/li>\n<li>Trousse \u00e0 crayons<\/li>\n<li>Rangement pour les petits objets<\/li>\n<\/ul>\n<h2>D\u00e9tails techniques<\/h2>\n<ul>\n<li>Mat\u00e9riau : Papier lavable (Kraft Paper)<\/li>\n<li>Design : Eulenschnitt<\/li>\n<\/ul>\n","protected":false},"excerpt":{"rendered":"<p>&#8220;Hello New Day&#8221; Sac en papier lavable de Eulenschnitt &#8211; super l\u00e9ger, r\u00e9sistant et facile \u00e0 rincer. Polyvalente, elle peut \u00eatre utilis\u00e9e comme trousse de toilette, de bijoux ou de plumes. En mat\u00e9riau 100% recyclable.  <\/p>\n","protected":false},"featured_media":70587,"comment_status":"open","ping_status":"closed","template":"","meta":{"_acf_changed":false},"product_brand":[3004],"product_cat":[1294],"product_tag":[],"class_list":{"0":"post-94503","1":"product","2":"type-product","3":"status-publish","4":"has-post-thumbnail","6":"product_brand-eulenschnitt","7":"product_cat-necessaires-fr","8":"product_shipping_class-petit-envoi","10":"first","11":"instock","12":"taxable","13":"shipping-taxable","14":"purchasable","15":"product-type-simple"},"acf":[],"_links":{"self":[{"href":"https:\/\/one-horizon.ch\/fr\/wp-json\/wp\/v2\/product\/94503","targetHints":{"allow":["GET"]}}],"collection":[{"href":"https:\/\/one-horizon.ch\/fr\/wp-json\/wp\/v2\/product"}],"about":[{"href":"https:\/\/one-horizon.ch\/fr\/wp-json\/wp\/v2\/types\/product"}],"replies":[{"embeddable":true,"href":"https:\/\/one-horizon.ch\/fr\/wp-json\/wp\/v2\/comments?post=94503"}],"wp:featuredmedia":[{"embeddable":true,"href":"https:\/\/one-horizon.ch\/fr\/wp-json\/wp\/v2\/media\/70587"}],"wp:attachment":[{"href":"https:\/\/one-horizon.ch\/fr\/wp-json\/wp\/v2\/media?parent=94503"}],"wp:term":[{"taxonomy":"product_brand","embeddable":true,"href":"https:\/\/one-horizon.ch\/fr\/wp-json\/wp\/v2\/product_brand?post=94503"},{"taxonomy":"product_cat","embeddable":true,"href":"https:\/\/one-horizon.ch\/fr\/wp-json\/wp\/v2\/product_cat?post=94503"},{"taxonomy":"product_tag","embeddable":true,"href":"https:\/\/one-horizon.ch\/fr\/wp-json\/wp\/v2\/product_tag?post=94503"}],"curies":[{"name":"wp","href":"https:\/\/api.w.org\/{rel}","templated":true}]}}