{"id":94516,"date":"2024-02-08T22:47:30","date_gmt":"2024-02-08T21:47:30","guid":{"rendered":"https:\/\/one-horizon.ch\/product\/adapt-fast-charger\/"},"modified":"2026-04-01T17:55:18","modified_gmt":"2026-04-01T15:55:18","slug":"kreafunk-adapt-fast-charger","status":"publish","type":"product","link":"https:\/\/one-horizon.ch\/fr\/product\/kreafunk-adapt-fast-charger\/","title":{"rendered":"aDapt Fast Charger"},"content":{"rendered":"<p>Le Kreafunk aDapt Fast Charger dispose d&#8217;une sortie USB A et C, ce qui permet un chargement rapide et efficace \u00e0 la maison, au bureau ou en d\u00e9placement.<\/p>\n<p><strong>Caract\u00e9ristiques<\/strong><\/p>\n<ul>\n<li>Dimensions : 32*32*33 mm<\/li>\n<li>Poids : 50g<\/li>\n<li>Port USB : Type A et C<\/li>\n<li>Entr\u00e9e : 100-240V, AC 0.5A 50\/60Hz<\/li>\n<li>Sortie (type C) : 5V\/3A, 9V\/2.22A, 12V\/1.67A, 20W<\/li>\n<li>Sortie (type A) : 5V\/3A,9V\/2A,12V\/1.5A ,18W<\/li>\n<li>Puissance totale : 20W<\/li>\n<li>Plug : UE<\/li>\n<\/ul>\n","protected":false},"excerpt":{"rendered":"<p>Adaptateur secteur compact avec sortie USB A et C pour un chargement rapide et efficace \u00e0 la maison, au bureau ou en d\u00e9placement. Prise europ\u00e9enne.<\/p>\n","protected":false},"featured_media":70515,"comment_status":"open","ping_status":"closed","template":"","meta":{"_acf_changed":false},"product_brand":[3016],"product_cat":[1304],"product_tag":[],"class_list":{"0":"post-94516","1":"product","2":"type-product","3":"status-publish","4":"has-post-thumbnail","6":"product_brand-kreafunk","7":"product_cat-adaptateur","8":"product_shipping_class-colis-jusqua-2-kg","10":"first","11":"instock","12":"taxable","13":"shipping-taxable","14":"purchasable","15":"product-type-simple"},"acf":[],"_links":{"self":[{"href":"https:\/\/one-horizon.ch\/fr\/wp-json\/wp\/v2\/product\/94516","targetHints":{"allow":["GET"]}}],"collection":[{"href":"https:\/\/one-horizon.ch\/fr\/wp-json\/wp\/v2\/product"}],"about":[{"href":"https:\/\/one-horizon.ch\/fr\/wp-json\/wp\/v2\/types\/product"}],"replies":[{"embeddable":true,"href":"https:\/\/one-horizon.ch\/fr\/wp-json\/wp\/v2\/comments?post=94516"}],"wp:featuredmedia":[{"embeddable":true,"href":"https:\/\/one-horizon.ch\/fr\/wp-json\/wp\/v2\/media\/70515"}],"wp:attachment":[{"href":"https:\/\/one-horizon.ch\/fr\/wp-json\/wp\/v2\/media?parent=94516"}],"wp:term":[{"taxonomy":"product_brand","embeddable":true,"href":"https:\/\/one-horizon.ch\/fr\/wp-json\/wp\/v2\/product_brand?post=94516"},{"taxonomy":"product_cat","embeddable":true,"href":"https:\/\/one-horizon.ch\/fr\/wp-json\/wp\/v2\/product_cat?post=94516"},{"taxonomy":"product_tag","embeddable":true,"href":"https:\/\/one-horizon.ch\/fr\/wp-json\/wp\/v2\/product_tag?post=94516"}],"curies":[{"name":"wp","href":"https:\/\/api.w.org\/{rel}","templated":true}]}}