{"id":94524,"date":"2024-02-08T22:48:12","date_gmt":"2024-02-08T21:48:12","guid":{"rendered":"https:\/\/one-horizon.ch\/product\/clip-mini\/"},"modified":"2026-04-22T20:30:58","modified_gmt":"2026-04-22T18:30:58","slug":"clip-mini","status":"publish","type":"product","link":"https:\/\/one-horizon.ch\/fr\/product\/clip-mini\/","title":{"rendered":"Clip Mini"},"content":{"rendered":"<p>Transportez vos cl\u00e9s confortablement et sans prendre beaucoup de place. \u00c9l\u00e9gant et fin, le Clip Mini est un mousqueton minimaliste qui vous permet de toujours avoir un acc\u00e8s facile \u00e0 vos cl\u00e9s. Gr\u00e2ce \u00e0 notre syst\u00e8me Quick Snap Lock (brevet en cours), vous pouvez attacher et d\u00e9tacher les cl\u00e9s sans effort.<\/p>\n<p><strong>Rapide et s\u00fbr<\/strong><\/p>\n<div>\n<div>\n<div>\n<div>\n<div>\n<div>\n<div>Le syst\u00e8me Quick Snap Lock (brevet en cours) permet d&#8217;ajouter ou d&#8217;enlever facilement des cl\u00e9s. Le m\u00e9canisme de fermeture durable en acier inoxydable maintient vos cl\u00e9s bien en place<\/div>\n<div><\/div>\n<\/div>\n<\/div>\n<\/div>\n<\/div>\n<\/div>\n<\/div>\n<p><strong>Mince. Lisse. Lin\u00e9aire.<\/strong><\/p>\n<div>\n<div>\n<div>Dites adieu \u00e0 l&#8217;encombrement et aux mousquetons traditionnels avec le Clip Mini minimaliste, qui se distingue par sa forme l\u00e9g\u00e8re et son profil ultra-mince.<\/div>\n<\/div>\n<\/div>\n<p><strong>Confortable \u00e0 porter<\/strong><\/p>\n<p>Le Clip Mini est dot\u00e9 d&#8217;un mousqueton lisse avec une large ouverture \u00e0 d\u00e9clic qui s&#8217;attache facilement \u00e0 un passant de ceinture ou \u00e0 un sac, gardant ainsi vos cl\u00e9s \u00e0 port\u00e9e de main pour un acc\u00e8s rapide et facile.<\/p>\n","protected":false},"excerpt":{"rendered":"<p>Le Clip Mini est un mousqueton minimaliste qui permet d&#8217;acc\u00e9der facilement aux cl\u00e9s. Le syst\u00e8me Quick Snap Lock permet d&#8217;ajouter ou d&#8217;enlever des cl\u00e9s sans effort. Le mousqueton en acier inoxydable, fin et a\u00e9rodynamique, se fixe facilement aux passants de ceinture ou aux sacs.<\/p>\n","protected":false},"featured_media":100344,"comment_status":"open","ping_status":"closed","template":"","meta":{"_acf_changed":false},"product_brand":[3032],"product_cat":[1310],"product_tag":[],"class_list":{"0":"post-94524","1":"product","2":"type-product","3":"status-publish","4":"has-post-thumbnail","6":"product_brand-orbitkey","7":"product_cat-accessoires-fr-2","8":"product_shipping_class-colis-jusqua-2-kg","9":"pa_farbe-argent","10":"pa_farbe-noir","12":"first","13":"instock","14":"taxable","15":"shipping-taxable","16":"purchasable","17":"product-type-variable","18":"has-default-attributes"},"acf":[],"_links":{"self":[{"href":"https:\/\/one-horizon.ch\/fr\/wp-json\/wp\/v2\/product\/94524","targetHints":{"allow":["GET"]}}],"collection":[{"href":"https:\/\/one-horizon.ch\/fr\/wp-json\/wp\/v2\/product"}],"about":[{"href":"https:\/\/one-horizon.ch\/fr\/wp-json\/wp\/v2\/types\/product"}],"replies":[{"embeddable":true,"href":"https:\/\/one-horizon.ch\/fr\/wp-json\/wp\/v2\/comments?post=94524"}],"wp:featuredmedia":[{"embeddable":true,"href":"https:\/\/one-horizon.ch\/fr\/wp-json\/wp\/v2\/media\/100344"}],"wp:attachment":[{"href":"https:\/\/one-horizon.ch\/fr\/wp-json\/wp\/v2\/media?parent=94524"}],"wp:term":[{"taxonomy":"product_brand","embeddable":true,"href":"https:\/\/one-horizon.ch\/fr\/wp-json\/wp\/v2\/product_brand?post=94524"},{"taxonomy":"product_cat","embeddable":true,"href":"https:\/\/one-horizon.ch\/fr\/wp-json\/wp\/v2\/product_cat?post=94524"},{"taxonomy":"product_tag","embeddable":true,"href":"https:\/\/one-horizon.ch\/fr\/wp-json\/wp\/v2\/product_tag?post=94524"}],"curies":[{"name":"wp","href":"https:\/\/api.w.org\/{rel}","templated":true}]}}