{"id":94528,"date":"2024-02-08T22:48:32","date_gmt":"2024-02-08T21:48:32","guid":{"rendered":"https:\/\/one-horizon.ch\/product\/aboom\/"},"modified":"2026-04-02T00:18:50","modified_gmt":"2026-04-01T22:18:50","slug":"kreafunk-aboom-plus","status":"publish","type":"product","link":"https:\/\/one-horizon.ch\/fr\/product\/kreafunk-aboom-plus\/","title":{"rendered":"aBoom+"},"content":{"rendered":"<p>Faites bouger tout le monde avec le magnifique haut-parleur aBOOM Plus de Kreafunk. Le haut-parleur Bluetooth super puissant illumine toutes les f\u00eates et donne le ton en toute occasion. Durable, merveilleusement portable et avec un son au-del\u00e0 de sa taille. C&#8217;est une enceinte pleine de surprises. Comme le mode int\u00e9rieur et ext\u00e9rieur, qui offre \u00e0 votre musique les meilleures conditions possibles, quelle que soit votre position. Son aspect esth\u00e9tique lui permet m\u00eame de s&#8217;int\u00e9grer parfaitement entre vos livres dans une biblioth\u00e8que. La dur\u00e9e de jeu peut atteindre 20 heures, la f\u00eate continue donc encore et encore. Et une \u00e9valuation r\u00e9sistante aux \u00e9claboussures (IPX5) signifie que vous n&#8217;avez pas \u00e0 vous soucier des gouttes de pluie. Vous pouvez \u00e9galement connecter deux haut-parleurs Kreafunk aBOOM Plus pour obtenir un son st\u00e9r\u00e9o. Ce sera l&#8217;exp\u00e9rience musicale ultime &#8211; et vous aurez l&#8217;impression d&#8217;\u00eatre au premier rang de votre concert pr\u00e9f\u00e9r\u00e9.<\/p>\n<p><strong>Caract\u00e9ristiques<\/strong><\/p>\n<ul>\n<li>Jusqu&#8217;\u00e0 30 heures de jeu<\/li>\n<li>Bluetooth 5.0<\/li>\n<li>Port\u00e9e jusqu&#8217;\u00e0 10 m<\/li>\n<li>Lecture st\u00e9r\u00e9o (TWS)<\/li>\n<li>Temps de charge : 3-4 heures (USB)<\/li>\n<li>puissance d&#8217;entr\u00e9e : 5V \/ 2A<\/li>\n<li>R\u00e9sistant \u00e0 l&#8217;eau (IPX5)<\/li>\n<li>Dimensions : 240 *180*112 mm<\/li>\n<li>Poids : 3000 g<\/li>\n<\/ul>\n","protected":false},"excerpt":{"rendered":"<p>Puissant haut-parleur Bluetooth avec mode int\u00e9rieur et ext\u00e9rieur &#8211; 30 heures d&#8217;autonomie de la batterie, \u00e9tanche IPX5, TWS st\u00e9r\u00e9o avec un deuxi\u00e8me appareil. Une puissance sonore de 3 kg pour les garden-parties et les f\u00eates, \u00e0 l&#8217;int\u00e9rieur comme \u00e0 l&#8217;ext\u00e9rieur. <\/p>\n","protected":false},"featured_media":69637,"comment_status":"open","ping_status":"closed","template":"","meta":{"_acf_changed":false},"product_brand":[3016],"product_cat":[1023],"product_tag":[],"class_list":{"0":"post-94528","1":"product","2":"type-product","3":"status-publish","4":"has-post-thumbnail","6":"product_brand-kreafunk","7":"product_cat-haut-parleur","8":"product_shipping_class-colis-jusqua-2-kg","9":"pa_farbe-noir","10":"pa_farbe-stone-fr","12":"first","13":"outofstock","14":"taxable","15":"shipping-taxable","16":"purchasable","17":"product-type-variable","18":"has-default-attributes"},"acf":[],"_links":{"self":[{"href":"https:\/\/one-horizon.ch\/fr\/wp-json\/wp\/v2\/product\/94528","targetHints":{"allow":["GET"]}}],"collection":[{"href":"https:\/\/one-horizon.ch\/fr\/wp-json\/wp\/v2\/product"}],"about":[{"href":"https:\/\/one-horizon.ch\/fr\/wp-json\/wp\/v2\/types\/product"}],"replies":[{"embeddable":true,"href":"https:\/\/one-horizon.ch\/fr\/wp-json\/wp\/v2\/comments?post=94528"}],"wp:featuredmedia":[{"embeddable":true,"href":"https:\/\/one-horizon.ch\/fr\/wp-json\/wp\/v2\/media\/69637"}],"wp:attachment":[{"href":"https:\/\/one-horizon.ch\/fr\/wp-json\/wp\/v2\/media?parent=94528"}],"wp:term":[{"taxonomy":"product_brand","embeddable":true,"href":"https:\/\/one-horizon.ch\/fr\/wp-json\/wp\/v2\/product_brand?post=94528"},{"taxonomy":"product_cat","embeddable":true,"href":"https:\/\/one-horizon.ch\/fr\/wp-json\/wp\/v2\/product_cat?post=94528"},{"taxonomy":"product_tag","embeddable":true,"href":"https:\/\/one-horizon.ch\/fr\/wp-json\/wp\/v2\/product_tag?post=94528"}],"curies":[{"name":"wp","href":"https:\/\/api.w.org\/{rel}","templated":true}]}}