{"id":94546,"date":"2024-02-08T22:48:14","date_gmt":"2024-02-08T21:48:14","guid":{"rendered":"https:\/\/one-horizon.ch\/product\/belis-7-1-junglegreen-grey-gris-jungle\/"},"modified":"2026-03-30T00:02:48","modified_gmt":"2026-03-29T22:02:48","slug":"belis-7-1-junglegreen-grey","status":"publish","type":"product","link":"https:\/\/one-horizon.ch\/fr\/product\/belis-7-1-junglegreen-grey\/","title":{"rendered":"Belis 7.1 &#8211; junglegreen-grey (gris jungle)"},"content":{"rendered":"<p>Le sac \u00e0 dos pour ordinateur portable de ville Belis 7.1 allie un design chic \u00e0 des mat\u00e9riaux respectueux de l&#8217;environnement.<\/p>\n<p>Belis 7.1 incarne la sobri\u00e9t\u00e9, un design fonctionnel clair et la durabilit\u00e9. Ce sac \u00e0 dos est le compagnon id\u00e9al pour les voyages, le travail et les \u00e9tudes. La housse ext\u00e9rieure du sac \u00e0 dos pour ordinateur portable est compos\u00e9e d&#8217;une b\u00e2che de bateau hydrofuge et de polyester recycl\u00e9 (RPET), fabriqu\u00e9 \u00e0 partir de bouteilles PET recycl\u00e9es. Les applications en cuir sont fabriqu\u00e9es \u00e0 partir de cuir tann\u00e9 de mani\u00e8re \u00e9cologique et v\u00e9g\u00e9tale et le sac \u00e0 dos est produit dans des conditions \u00e9quitables.<\/p>\n<p>Ce sac \u00e0 dos Styler robuste allie style et fonctionnalit\u00e9 et est \u00e0 la fois tendance et \u00e9cologique. Un sac \u00e0 dos id\u00e9al pour les personnes qui appr\u00e9cient les produits lifestyle de qualit\u00e9 et les id\u00e9es de cadeaux pratiques et tendance pour toutes les occasions.<\/p>\n<p>Procure-toi le sac \u00e0 dos pour ordinateur portable Belis 7.1 City et contribue \u00e0 la durabilit\u00e9 avec style.<\/p>\n<p><strong>Caract\u00e9ristiques<\/strong><\/p>\n<ul>\n<li>Taille : H37 x P9 x L27cm<\/li>\n<li>litres : 9<\/li>\n<li>poids : 0.8kg<\/li>\n<li>\u00e0 l&#8217;ext\u00e9rieur : Poche zipp\u00e9e \u00e0 l&#8217;avant<\/li>\n<li>Int\u00e9rieur : 2 poches<\/li>\n<li>Compartiment pour ordinateur portable 14&#8243; rembourr\u00e9 (format vertical) et compartiment pour tablette 10,5&#8243; rembourr\u00e9<\/li>\n<\/ul>\n","protected":false},"excerpt":{"rendered":"<p>Belis 7.1 : Sac \u00e0 dos pour ordinateur portable de ville chic et \u00e9cologique. H37xP9xL27cm, 9L, 0.8kg. Imperm\u00e9able, mat\u00e9riaux recycl\u00e9s, cuir tann\u00e9 \u00e0 base de plantes. Compartiment pour ordinateur portable 14&#8243; et tablette 10,5&#8243;. Id\u00e9al pour les voyages, le travail, les \u00e9tudes.    <\/p>\n","protected":false},"featured_media":69523,"comment_status":"open","ping_status":"closed","template":"","meta":{"_acf_changed":false},"product_brand":[2984],"product_cat":[867],"product_tag":[],"class_list":{"0":"post-94546","1":"product","2":"type-product","3":"status-publish","4":"has-post-thumbnail","6":"product_brand-7clouds","7":"product_cat-sacs-a-dos","8":"product_shipping_class-colis-jusqua-2-kg","10":"first","11":"onbackorder","12":"taxable","13":"shipping-taxable","14":"purchasable","15":"product-type-simple"},"acf":[],"_links":{"self":[{"href":"https:\/\/one-horizon.ch\/fr\/wp-json\/wp\/v2\/product\/94546","targetHints":{"allow":["GET"]}}],"collection":[{"href":"https:\/\/one-horizon.ch\/fr\/wp-json\/wp\/v2\/product"}],"about":[{"href":"https:\/\/one-horizon.ch\/fr\/wp-json\/wp\/v2\/types\/product"}],"replies":[{"embeddable":true,"href":"https:\/\/one-horizon.ch\/fr\/wp-json\/wp\/v2\/comments?post=94546"}],"wp:featuredmedia":[{"embeddable":true,"href":"https:\/\/one-horizon.ch\/fr\/wp-json\/wp\/v2\/media\/69523"}],"wp:attachment":[{"href":"https:\/\/one-horizon.ch\/fr\/wp-json\/wp\/v2\/media?parent=94546"}],"wp:term":[{"taxonomy":"product_brand","embeddable":true,"href":"https:\/\/one-horizon.ch\/fr\/wp-json\/wp\/v2\/product_brand?post=94546"},{"taxonomy":"product_cat","embeddable":true,"href":"https:\/\/one-horizon.ch\/fr\/wp-json\/wp\/v2\/product_cat?post=94546"},{"taxonomy":"product_tag","embeddable":true,"href":"https:\/\/one-horizon.ch\/fr\/wp-json\/wp\/v2\/product_tag?post=94546"}],"curies":[{"name":"wp","href":"https:\/\/api.w.org\/{rel}","templated":true}]}}