{"id":94547,"date":"2024-02-08T22:48:31","date_gmt":"2024-02-08T21:48:31","guid":{"rendered":"https:\/\/one-horizon.ch\/product\/gomme\/"},"modified":"2026-04-05T17:58:25","modified_gmt":"2026-04-05T15:58:25","slug":"gomme-stilform","status":"publish","type":"product","link":"https:\/\/one-horizon.ch\/fr\/product\/gomme-stilform\/","title":{"rendered":"Gomme"},"content":{"rendered":"<p>La gomme t\u00e9tra\u00e8dre de Reuleaux est un compl\u00e9ment pratique pour votre bureau. Il offre une gomme pr\u00e9cise dans un design minimaliste. Parfait pour le <a href=\"https:\/\/one-horizon.ch\/fr\/product\/aeon-aluminium\/\" target=\"_blank\" rel=\"noopener\">stylo AEON<\/a> de Stilform.<\/p>\n","protected":false},"excerpt":{"rendered":"<p>Gomme Reuleaux-T\u00e9tra\u00e8dre pour un gommage pr\u00e9cis dans un design minimaliste. Parfait pour le stylo AEON de Stilform.<\/p>\n","protected":false},"featured_media":70873,"comment_status":"open","ping_status":"closed","template":"","meta":{"_acf_changed":false},"product_brand":[3044],"product_cat":[3253],"product_tag":[],"class_list":{"0":"post-94547","1":"product","2":"type-product","3":"status-publish","4":"has-post-thumbnail","6":"product_brand-stilform","7":"product_cat-rangement-organiseur","8":"product_shipping_class-petit-envoi","10":"first","11":"instock","12":"taxable","13":"shipping-taxable","14":"purchasable","15":"product-type-simple"},"acf":[],"_links":{"self":[{"href":"https:\/\/one-horizon.ch\/fr\/wp-json\/wp\/v2\/product\/94547","targetHints":{"allow":["GET"]}}],"collection":[{"href":"https:\/\/one-horizon.ch\/fr\/wp-json\/wp\/v2\/product"}],"about":[{"href":"https:\/\/one-horizon.ch\/fr\/wp-json\/wp\/v2\/types\/product"}],"replies":[{"embeddable":true,"href":"https:\/\/one-horizon.ch\/fr\/wp-json\/wp\/v2\/comments?post=94547"}],"wp:featuredmedia":[{"embeddable":true,"href":"https:\/\/one-horizon.ch\/fr\/wp-json\/wp\/v2\/media\/70873"}],"wp:attachment":[{"href":"https:\/\/one-horizon.ch\/fr\/wp-json\/wp\/v2\/media?parent=94547"}],"wp:term":[{"taxonomy":"product_brand","embeddable":true,"href":"https:\/\/one-horizon.ch\/fr\/wp-json\/wp\/v2\/product_brand?post=94547"},{"taxonomy":"product_cat","embeddable":true,"href":"https:\/\/one-horizon.ch\/fr\/wp-json\/wp\/v2\/product_cat?post=94547"},{"taxonomy":"product_tag","embeddable":true,"href":"https:\/\/one-horizon.ch\/fr\/wp-json\/wp\/v2\/product_tag?post=94547"}],"curies":[{"name":"wp","href":"https:\/\/api.w.org\/{rel}","templated":true}]}}