{"id":94585,"date":"2024-02-08T22:48:33","date_gmt":"2024-02-08T21:48:33","guid":{"rendered":"https:\/\/one-horizon.ch\/product\/diffuseur-en-beton-feuille-de-figuier-et-melon\/"},"modified":"2026-04-20T01:08:08","modified_gmt":"2026-04-19T23:08:08","slug":"beton-diffuseur-feuille-de-figuier-et-melon","status":"publish","type":"product","link":"https:\/\/one-horizon.ch\/fr\/product\/beton-diffuseur-feuille-de-figuier-et-melon\/","title":{"rendered":"Diffuseur en b\u00e9ton Feuille de figuier et melon"},"content":{"rendered":"<p>Le diffuseur en b\u00e9ton Chickidee, parfum\u00e9 \u00e0 la feuille de figuier et au melon, diffuse des ar\u00f4mes naturels en douceur et durablement dans votre maison &#8211; jusqu&#8217;\u00e0 6 mois.<\/p>\n<h2>Ingr\u00e9dients naturels<\/h2>\n<p>Fabriqu\u00e9 \u00e0 partir de <strong>85 % de solvant botanique naturel<\/strong> et de 15 % d&#8217;huile parfum\u00e9e &#8211; \u00e9quilibr\u00e9 et sans additif synth\u00e9tique.<\/p>\n<ul>\n<li><strong>Parfum :<\/strong> feuille de figuier et melon &#8211; frais, terreux et vivifiant<\/li>\n<li><strong>R\u00e9cipient :<\/strong> R\u00e9cipient en b\u00e9ton fait main, gris<\/li>\n<li><strong>Dur\u00e9e :<\/strong> Jusqu&#8217;\u00e0 6 mois de parfum d&#8217;ambiance continu<\/li>\n<\/ul>\n<h2>D\u00e9tails techniques<\/h2>\n<ul>\n<li>Contenu : 110 ml<\/li>\n<li>Hauteur : 25 cm, diam\u00e8tre : 7,5 cm<\/li>\n<li>Mat\u00e9riau : b\u00e9ton<\/li>\n<\/ul>\n","protected":false},"excerpt":{"rendered":"<p>Chickidee Beton Diffuseur Feuille de figuier et melon &#8211; parfum naturel frais compos\u00e9 de 85 % de solvant botanique et de 15 % d&#8217;huile parfum\u00e9e. Jusqu&#8217;\u00e0 6 mois de parfum d&#8217;ambiance, contenance 110 ml. R\u00e9cipient en b\u00e9ton fait \u00e0 la main, H 25 cm \u00d7 \u00d8 7,5 cm.  <\/p>\n","protected":false},"featured_media":69657,"comment_status":"open","ping_status":"closed","template":"","meta":{"_acf_changed":false},"product_brand":[3118],"product_cat":[1325],"product_tag":[3295],"class_list":{"0":"post-94585","1":"product","2":"type-product","3":"status-publish","4":"has-post-thumbnail","6":"product_brand-chickidee-homeware-ltd","7":"product_cat-diffuseurs-sprays-dambiance","8":"product_tag-pour-vous","9":"product_shipping_class-colis-jusqua-2-kg","11":"first","12":"instock","13":"taxable","14":"shipping-taxable","15":"purchasable","16":"product-type-simple"},"acf":[],"_links":{"self":[{"href":"https:\/\/one-horizon.ch\/fr\/wp-json\/wp\/v2\/product\/94585","targetHints":{"allow":["GET"]}}],"collection":[{"href":"https:\/\/one-horizon.ch\/fr\/wp-json\/wp\/v2\/product"}],"about":[{"href":"https:\/\/one-horizon.ch\/fr\/wp-json\/wp\/v2\/types\/product"}],"replies":[{"embeddable":true,"href":"https:\/\/one-horizon.ch\/fr\/wp-json\/wp\/v2\/comments?post=94585"}],"wp:featuredmedia":[{"embeddable":true,"href":"https:\/\/one-horizon.ch\/fr\/wp-json\/wp\/v2\/media\/69657"}],"wp:attachment":[{"href":"https:\/\/one-horizon.ch\/fr\/wp-json\/wp\/v2\/media?parent=94585"}],"wp:term":[{"taxonomy":"product_brand","embeddable":true,"href":"https:\/\/one-horizon.ch\/fr\/wp-json\/wp\/v2\/product_brand?post=94585"},{"taxonomy":"product_cat","embeddable":true,"href":"https:\/\/one-horizon.ch\/fr\/wp-json\/wp\/v2\/product_cat?post=94585"},{"taxonomy":"product_tag","embeddable":true,"href":"https:\/\/one-horizon.ch\/fr\/wp-json\/wp\/v2\/product_tag?post=94585"}],"curies":[{"name":"wp","href":"https:\/\/api.w.org\/{rel}","templated":true}]}}