{"id":94588,"date":"2024-02-08T22:48:13","date_gmt":"2024-02-08T21:48:13","guid":{"rendered":"https:\/\/one-horizon.ch\/product\/mini-ventilateur-de-bureau\/"},"modified":"2026-04-05T17:58:24","modified_gmt":"2026-04-05T15:58:24","slug":"mini-desk-fan","status":"publish","type":"product","link":"https:\/\/one-horizon.ch\/fr\/product\/mini-desk-fan\/","title":{"rendered":"Mini ventilateur de bureau"},"content":{"rendered":"<p>Le Mini Desk Fan est un ventilateur compact \u00e0 trois vitesses qui tourne \u00e0 360\u00b0. Il suffit de le brancher pour obtenir une brise rafra\u00eechissante. Peut \u00eatre r\u00e9gl\u00e9 et tourn\u00e9.<\/p>\n","protected":false},"excerpt":{"rendered":"<p>Mini Desk Fan &#8211; Ventilateur compact \u00e0 3 vitesses et rotation \u00e0 360\u00b0. Il suffit de le brancher pour obtenir une brise rafra\u00eechissante. R\u00e9glable et pivotant.<\/p>\n","protected":false},"featured_media":100044,"comment_status":"open","ping_status":"closed","template":"","meta":{"_acf_changed":false},"product_brand":[3036],"product_cat":[1104],"product_tag":[],"class_list":{"0":"post-94588","1":"product","2":"type-product","3":"status-publish","4":"has-post-thumbnail","6":"product_brand-qushini","7":"product_cat-technique","8":"product_shipping_class-colis-jusqua-2-kg","9":"pa_farbe-jaune","10":"pa_farbe-rose","12":"first","13":"outofstock","14":"taxable","15":"shipping-taxable","16":"purchasable","17":"product-type-variable","18":"has-default-attributes"},"acf":[],"_links":{"self":[{"href":"https:\/\/one-horizon.ch\/fr\/wp-json\/wp\/v2\/product\/94588","targetHints":{"allow":["GET"]}}],"collection":[{"href":"https:\/\/one-horizon.ch\/fr\/wp-json\/wp\/v2\/product"}],"about":[{"href":"https:\/\/one-horizon.ch\/fr\/wp-json\/wp\/v2\/types\/product"}],"replies":[{"embeddable":true,"href":"https:\/\/one-horizon.ch\/fr\/wp-json\/wp\/v2\/comments?post=94588"}],"wp:featuredmedia":[{"embeddable":true,"href":"https:\/\/one-horizon.ch\/fr\/wp-json\/wp\/v2\/media\/100044"}],"wp:attachment":[{"href":"https:\/\/one-horizon.ch\/fr\/wp-json\/wp\/v2\/media?parent=94588"}],"wp:term":[{"taxonomy":"product_brand","embeddable":true,"href":"https:\/\/one-horizon.ch\/fr\/wp-json\/wp\/v2\/product_brand?post=94588"},{"taxonomy":"product_cat","embeddable":true,"href":"https:\/\/one-horizon.ch\/fr\/wp-json\/wp\/v2\/product_cat?post=94588"},{"taxonomy":"product_tag","embeddable":true,"href":"https:\/\/one-horizon.ch\/fr\/wp-json\/wp\/v2\/product_tag?post=94588"}],"curies":[{"name":"wp","href":"https:\/\/api.w.org\/{rel}","templated":true}]}}