{"id":94589,"date":"2024-02-08T22:48:12","date_gmt":"2024-02-08T21:48:12","guid":{"rendered":"https:\/\/one-horizon.ch\/product\/orbitkey-clip-2-0-argente\/"},"modified":"2026-04-06T19:21:03","modified_gmt":"2026-04-06T17:21:03","slug":"orbitkey-clip-2-0-argent","status":"publish","type":"product","link":"https:\/\/one-horizon.ch\/fr\/product\/orbitkey-clip-2-0-argent\/","title":{"rendered":"Orbitkey Clip 2.0 &#8211; Argent\u00e9"},"content":{"rendered":"<p><strong>Plus de bricolage<\/strong><\/p>\n<p>Le syst\u00e8me magn\u00e9tique s\u00e9curis\u00e9 de fermeture rapide Fidlock\u00ae vous permet d&#8217;acc\u00e9der facilement \u00e0 vos cl\u00e9s sans avoir \u00e0 fouiller dans vos poches ou vos sacs, ni m\u00eame \u00e0 d\u00e9faire le mousqueton.<\/p>\n<p><strong>Facile \u00e0 transporter, encore plus facile \u00e0 utiliser<\/strong><\/p>\n<p>Notre nouveau clip am\u00e9lior\u00e9 a \u00e9t\u00e9 con\u00e7u avec une forme lisse et a\u00e9rodynamique pour une utilisation confortable et une large ouverture de porte pour un clipsage facile sur les passants de ceinture et les sacs.<\/p>\n<p><strong>Optimiser le portage<\/strong><\/p>\n<p>L&#8217;anneau en D ouvert et amovible vous permet d&#8217;ajouter ou d&#8217;enlever facilement votre organiseur \u00e0 cl\u00e9s, vos cl\u00e9s et vos pendentifs &#8211; et rend superflu l&#8217;utilisation d&#8217;un porte-cl\u00e9s suppl\u00e9mentaire.<\/p>\n<p><strong>La structure compl\u00e8te<\/strong><\/p>\n<p>Con\u00e7u pour fonctionner encore mieux avec votre Key Organiser &#8211; vous pouvez dire adieu une fois pour toutes aux cl\u00e9s bruyantes et encombrantes.<\/p>\n<p><strong>Caract\u00e9ristiques<\/strong><\/p>\n<ul>\n<li>Le moyen le plus rapide et le plus simple d&#8217;acc\u00e9der \u00e0 vos cl\u00e9s.<\/li>\n<li>Design a\u00e9rodynamique pour plus de confort.<\/li>\n<li>Syst\u00e8me de fermeture rapide magn\u00e9tique s\u00e9curis\u00e9 Fidlock\u00ae.<\/li>\n<li>Anneau en D ouvert facile \u00e0 utiliser.<\/li>\n<li>A clipser sur les passants de ceinture et les poches.<\/li>\n<li>D\u00e9velopp\u00e9 avec Carryology.<\/li>\n<\/ul>\n","protected":false},"excerpt":{"rendered":"<p>Le clip Orbitkey offre un acc\u00e8s rapide et facile aux cl\u00e9s gr\u00e2ce \u00e0 la fermeture magn\u00e9tique rapide Fidlock\u00ae et \u00e0 son design a\u00e9rodynamique. Se clipse facilement sur les passants de ceinture et les poches. Anneau en D ouvert pour ajouter ou retirer facilement des cl\u00e9s et des pendentifs. Parfait pour l&#8217;organisateur de cl\u00e9s.<\/p>\n","protected":false},"featured_media":73949,"comment_status":"open","ping_status":"closed","template":"","meta":{"_acf_changed":false},"product_brand":[3032],"product_cat":[3276],"product_tag":[],"class_list":{"0":"post-94589","1":"product","2":"type-product","3":"status-publish","4":"has-post-thumbnail","6":"product_brand-orbitkey","7":"product_cat-carry-essentials","8":"product_shipping_class-colis-jusqua-2-kg","10":"first","11":"onbackorder","12":"taxable","13":"shipping-taxable","14":"purchasable","15":"product-type-simple"},"acf":[],"_links":{"self":[{"href":"https:\/\/one-horizon.ch\/fr\/wp-json\/wp\/v2\/product\/94589","targetHints":{"allow":["GET"]}}],"collection":[{"href":"https:\/\/one-horizon.ch\/fr\/wp-json\/wp\/v2\/product"}],"about":[{"href":"https:\/\/one-horizon.ch\/fr\/wp-json\/wp\/v2\/types\/product"}],"replies":[{"embeddable":true,"href":"https:\/\/one-horizon.ch\/fr\/wp-json\/wp\/v2\/comments?post=94589"}],"wp:featuredmedia":[{"embeddable":true,"href":"https:\/\/one-horizon.ch\/fr\/wp-json\/wp\/v2\/media\/73949"}],"wp:attachment":[{"href":"https:\/\/one-horizon.ch\/fr\/wp-json\/wp\/v2\/media?parent=94589"}],"wp:term":[{"taxonomy":"product_brand","embeddable":true,"href":"https:\/\/one-horizon.ch\/fr\/wp-json\/wp\/v2\/product_brand?post=94589"},{"taxonomy":"product_cat","embeddable":true,"href":"https:\/\/one-horizon.ch\/fr\/wp-json\/wp\/v2\/product_cat?post=94589"},{"taxonomy":"product_tag","embeddable":true,"href":"https:\/\/one-horizon.ch\/fr\/wp-json\/wp\/v2\/product_tag?post=94589"}],"curies":[{"name":"wp","href":"https:\/\/api.w.org\/{rel}","templated":true}]}}