{"id":94600,"date":"2024-02-08T22:48:14","date_gmt":"2024-02-08T21:48:14","guid":{"rendered":"https:\/\/one-horizon.ch\/product\/orbitkey-nest\/"},"modified":"2026-04-05T17:58:21","modified_gmt":"2026-04-05T15:58:21","slug":"orbitkey-nest","status":"publish","type":"product","link":"https:\/\/one-horizon.ch\/fr\/product\/orbitkey-nest\/","title":{"rendered":"Orbitkey Nest"},"content":{"rendered":"<ul>\n<li>Un organisateur de bureau portable et personnalisable avec un chargeur sans fil int\u00e9gr\u00e9.<\/li>\n<li>Adaptez le rangement avec des cloisons mobiles.<\/li>\n<li>Un organisateur de bureau portable et personnalisable avec un chargeur sans fil int\u00e9gr\u00e9.<\/li>\n<li>Charni\u00e8re unique \u00e0 double fonction qui sert \u00e9galement de boucle de stylo.<\/li>\n<li>Rangement d\u00e9di\u00e9 pour les cartes et les objets en vrac.<\/li>\n<\/ul>\n<p>&nbsp;<\/p>\n<p><strong>Une maison pour tous vos essentiels<\/strong><\/p>\n<p>Rangez facilement toutes vos affaires de tous les jours dans le nid. S\u00e9parez l&#8217;\u00e9tag\u00e8re sup\u00e9rieure de l&#8217;espace de rangement int\u00e9rieur pour pouvoir trouver facilement les objets lorsque vous travaillez sur votre bureau.<\/p>\n<p>&nbsp;<\/p>\n<p><strong>Toujours charg\u00e9<\/strong><\/p>\n<p>Le chargeur sans fil int\u00e9gr\u00e9 dans le couvercle maintient vos appareils charg\u00e9s pendant que vous travaillez &#8211; ils sont ainsi toujours pr\u00eats \u00e0 l&#8217;emploi.<\/p>\n<p>&nbsp;<\/p>\n<p><strong>Rangement pour cartes et objets en vrac<\/strong><\/p>\n<p>Rangez les cartes que vous n&#8217;utilisez pas souvent dans le couvercle pour faire de la place dans votre portefeuille. Une poche \u00e9lastique est \u00e9galement incluse pour les petits objets qui ont tendance \u00e0 s&#8217;\u00e9garer.<\/p>\n<p>&nbsp;<\/p>\n<p><strong>M\u00e9canisme de charni\u00e8re \u00e0 deux fonctions<\/strong><\/p>\n<p>Soulevez le couvercle ou ouvrez-le comme un livre pour acc\u00e9der au compartiment int\u00e9rieur. L&#8217;int\u00e9rieur rembourr\u00e9 de mousse prot\u00e8ge vos affaires lors de vos trajets quotidiens.<\/p>\n<p>&nbsp;<\/p>\n<p><strong>Cloison de s\u00e9paration personnalisable<\/strong><\/p>\n<p>Les cloisons mobiles vous permettent d&#8217;adapter les compartiments \u00e0 vos besoins sp\u00e9cifiques.<\/p>\n","protected":false},"excerpt":{"rendered":"<p>L&#8217;organisateur de bureau portable avec chargeur sans fil int\u00e9gr\u00e9 offre des solutions de rangement personnalis\u00e9es pour vos essentiels. Des s\u00e9parateurs adaptables, un passant pour stylo unique et des compartiments propres pour les cartes et les petits objets en font le compagnon id\u00e9al pour un poste de travail bien rang\u00e9.<\/p>\n","protected":false},"featured_media":69541,"comment_status":"open","ping_status":"closed","template":"","meta":{"_acf_changed":false},"product_brand":[3032],"product_cat":[962,3253],"product_tag":[],"class_list":{"0":"post-94600","1":"product","2":"type-product","3":"status-publish","4":"has-post-thumbnail","6":"product_brand-orbitkey","7":"product_cat-accessoires-de-charge","8":"product_cat-rangement-organiseur","9":"product_shipping_class-colis-jusqua-2-kg","10":"pa_farbe-gris-clair","11":"pa_farbe-noir","13":"first","14":"instock","15":"sale","16":"taxable","17":"shipping-taxable","18":"purchasable","19":"product-type-variable","20":"has-default-attributes"},"acf":[],"_links":{"self":[{"href":"https:\/\/one-horizon.ch\/fr\/wp-json\/wp\/v2\/product\/94600","targetHints":{"allow":["GET"]}}],"collection":[{"href":"https:\/\/one-horizon.ch\/fr\/wp-json\/wp\/v2\/product"}],"about":[{"href":"https:\/\/one-horizon.ch\/fr\/wp-json\/wp\/v2\/types\/product"}],"replies":[{"embeddable":true,"href":"https:\/\/one-horizon.ch\/fr\/wp-json\/wp\/v2\/comments?post=94600"}],"wp:featuredmedia":[{"embeddable":true,"href":"https:\/\/one-horizon.ch\/fr\/wp-json\/wp\/v2\/media\/69541"}],"wp:attachment":[{"href":"https:\/\/one-horizon.ch\/fr\/wp-json\/wp\/v2\/media?parent=94600"}],"wp:term":[{"taxonomy":"product_brand","embeddable":true,"href":"https:\/\/one-horizon.ch\/fr\/wp-json\/wp\/v2\/product_brand?post=94600"},{"taxonomy":"product_cat","embeddable":true,"href":"https:\/\/one-horizon.ch\/fr\/wp-json\/wp\/v2\/product_cat?post=94600"},{"taxonomy":"product_tag","embeddable":true,"href":"https:\/\/one-horizon.ch\/fr\/wp-json\/wp\/v2\/product_tag?post=94600"}],"curies":[{"name":"wp","href":"https:\/\/api.w.org\/{rel}","templated":true}]}}