{"id":94620,"date":"2024-02-08T22:48:10","date_gmt":"2024-02-08T21:48:10","guid":{"rendered":"https:\/\/one-horizon.ch\/product\/organisateur-de-cles-cuir-pebbled\/"},"modified":"2026-04-07T23:17:31","modified_gmt":"2026-04-07T21:17:31","slug":"orbitkey-pebbled-leather","status":"publish","type":"product","link":"https:\/\/one-horizon.ch\/fr\/product\/orbitkey-pebbled-leather\/","title":{"rendered":"Organisateur de cl\u00e9s Cuir Pebbled"},"content":{"rendered":"<ul>\n<li>Transforme vos cl\u00e9s en une pile ordonn\u00e9e et silencieuse dans l&#8217;Orbitkey Pebbled Leder.<\/li>\n<li>Fabriqu\u00e9 en cuir de haute qualit\u00e9.<\/li>\n<li>M\u00e9canisme de fermeture s\u00fbr et prim\u00e9.<\/li>\n<li>Portez 2 \u00e0 7 cl\u00e9s standard avec des cl\u00e9s de voiture et des pendentifs sur l&#8217;anneau en D.<\/li>\n<\/ul>\n<p><strong>Une palette exquise et raffin\u00e9e<\/strong><\/p>\n<p>Une gamme structur\u00e9e et de bon go\u00fbt d&#8217;organisateurs cl\u00e9s qui respirent l&#8217;\u00e9l\u00e9gance et le luxe.<\/p>\n<p><strong>Pour un look qui dure<\/strong><\/p>\n<p>La belle et subtile finition galet du cuir le rend moins vuln\u00e9rable aux petites \u00e9raflures et \u00e9gratignures.<\/p>\n<p><strong>\u00c9vitez les rayures sur vos objets<\/strong><\/p>\n<p>Transportez vos cl\u00e9s, vos cl\u00e9s de voiture et vos accessoires sans rayer votre t\u00e9l\u00e9phone ou d&#8217;autres objets.<\/p>\n","protected":false},"excerpt":{"rendered":"<p>Organiseur de cl\u00e9s Orbitkey : cuir de haute qualit\u00e9, m\u00e9canisme de fermeture s\u00fbr. Portez 2 \u00e0 7 cl\u00e9s standard et accessoires de mani\u00e8re silencieuse et ordonn\u00e9e. Prot\u00e8ge des rayures et conf\u00e8re un look raffin\u00e9.<\/p>\n","protected":false},"featured_media":69359,"comment_status":"open","ping_status":"closed","template":"","meta":{"_acf_changed":false},"product_brand":[3032],"product_cat":[3276],"product_tag":[3292,3295],"class_list":{"0":"post-94620","1":"product","2":"type-product","3":"status-publish","4":"has-post-thumbnail","6":"product_brand-orbitkey","7":"product_cat-carry-essentials","8":"product_tag-pour-lui","9":"product_tag-pour-vous","10":"product_shipping_class-colis-jusqua-2-kg","11":"pa_farbe-ambre","12":"pa_farbe-caviar-fr","13":"pa_farbe-ecru-fr","15":"first","16":"instock","17":"taxable","18":"shipping-taxable","19":"purchasable","20":"product-type-variable"},"acf":[],"_links":{"self":[{"href":"https:\/\/one-horizon.ch\/fr\/wp-json\/wp\/v2\/product\/94620","targetHints":{"allow":["GET"]}}],"collection":[{"href":"https:\/\/one-horizon.ch\/fr\/wp-json\/wp\/v2\/product"}],"about":[{"href":"https:\/\/one-horizon.ch\/fr\/wp-json\/wp\/v2\/types\/product"}],"replies":[{"embeddable":true,"href":"https:\/\/one-horizon.ch\/fr\/wp-json\/wp\/v2\/comments?post=94620"}],"wp:featuredmedia":[{"embeddable":true,"href":"https:\/\/one-horizon.ch\/fr\/wp-json\/wp\/v2\/media\/69359"}],"wp:attachment":[{"href":"https:\/\/one-horizon.ch\/fr\/wp-json\/wp\/v2\/media?parent=94620"}],"wp:term":[{"taxonomy":"product_brand","embeddable":true,"href":"https:\/\/one-horizon.ch\/fr\/wp-json\/wp\/v2\/product_brand?post=94620"},{"taxonomy":"product_cat","embeddable":true,"href":"https:\/\/one-horizon.ch\/fr\/wp-json\/wp\/v2\/product_cat?post=94620"},{"taxonomy":"product_tag","embeddable":true,"href":"https:\/\/one-horizon.ch\/fr\/wp-json\/wp\/v2\/product_tag?post=94620"}],"curies":[{"name":"wp","href":"https:\/\/api.w.org\/{rel}","templated":true}]}}