{"id":94631,"date":"2024-02-08T22:48:10","date_gmt":"2024-02-08T21:48:10","guid":{"rendered":"https:\/\/one-horizon.ch\/product\/notabag-duffel-noir\/"},"modified":"2026-04-01T18:08:25","modified_gmt":"2026-04-01T16:08:25","slug":"notabag-duffel-noir","status":"publish","type":"product","link":"https:\/\/one-horizon.ch\/fr\/product\/notabag-duffel-noir\/","title":{"rendered":"Notabag Duffel noir"},"content":{"rendered":"<p>Le mod\u00e8le Duffel est \u00e9quip\u00e9 de la sangle multifonctionnelle classique de Notabag, ce qui vous permet de porter votre sac \u00e0 la main, sur l&#8217;\u00e9paule ou sur le dos.<\/p>\n<p>Notabag accorde une grande importance \u00e0 la qualit\u00e9 artisanale et \u00e0 la robustesse des mat\u00e9riaux. La fermeture \u00e9clair \u00e9tanche YKK assortie, les boucles en aluminium mat et le tissu imperm\u00e9able garantissent que votre sac de secours durera de nombreuses ann\u00e9es.<\/p>\n<p>Que ce soit pour le sport ou les voyages, l&#8217;\u00e9quipement minimal s&#8217;av\u00e8re \u00eatre d&#8217;une utilit\u00e9 maximale :<\/p>\n<p><strong>Caract\u00e9ristiques<\/strong><\/p>\n<ul>\n<li>Vos chaussures restent s\u00e9par\u00e9es dans le compartiment \u00e0 chaussures int\u00e9gr\u00e9 et ventil\u00e9.<\/li>\n<li>Retrouvez imm\u00e9diatement vos cl\u00e9s \u00e0 tout moment. Ils s&#8217;attachent directement \u00e0 la fermeture \u00e9clair gr\u00e2ce \u00e0 un mousqueton tr\u00e8s pratique.<\/li>\n<li>Votre t\u00e9l\u00e9phone, votre monnaie et d&#8217;autres petits objets peuvent tous \u00eatre transport\u00e9s dans la poche d\u00e9tachable.<\/li>\n<li>Glissez votre tapis de yoga, votre parapluie ou votre skateboard fin sous les sangles. Pas besoin de mains suppl\u00e9mentaires.<\/li>\n<\/ul>\n","protected":false},"excerpt":{"rendered":"<p>Le mod\u00e8le Duffel de Notabag offre des sangles multifonctionnelles pour la main, l&#8217;\u00e9paule ou le dos. Mat\u00e9riaux robustes, fermeture \u00e0 glissi\u00e8re YKK \u00e9tanche, compartiment \u00e0 chaussures ventil\u00e9, mousqueton pour les cl\u00e9s, poche amovible. Pratique pour le sport et les voyages.  <\/p>\n","protected":false},"featured_media":100011,"comment_status":"open","ping_status":"closed","template":"","meta":{"_acf_changed":false},"product_brand":[3028],"product_cat":[1380],"product_tag":[],"class_list":{"0":"post-94631","1":"product","2":"type-product","3":"status-publish","4":"has-post-thumbnail","6":"product_brand-notabag","7":"product_cat-sacs-de-sport","8":"product_shipping_class-colis-jusqua-2-kg","10":"first","11":"outofstock","12":"sale","13":"taxable","14":"shipping-taxable","15":"purchasable","16":"product-type-simple"},"acf":[],"_links":{"self":[{"href":"https:\/\/one-horizon.ch\/fr\/wp-json\/wp\/v2\/product\/94631","targetHints":{"allow":["GET"]}}],"collection":[{"href":"https:\/\/one-horizon.ch\/fr\/wp-json\/wp\/v2\/product"}],"about":[{"href":"https:\/\/one-horizon.ch\/fr\/wp-json\/wp\/v2\/types\/product"}],"replies":[{"embeddable":true,"href":"https:\/\/one-horizon.ch\/fr\/wp-json\/wp\/v2\/comments?post=94631"}],"wp:featuredmedia":[{"embeddable":true,"href":"https:\/\/one-horizon.ch\/fr\/wp-json\/wp\/v2\/media\/100011"}],"wp:attachment":[{"href":"https:\/\/one-horizon.ch\/fr\/wp-json\/wp\/v2\/media?parent=94631"}],"wp:term":[{"taxonomy":"product_brand","embeddable":true,"href":"https:\/\/one-horizon.ch\/fr\/wp-json\/wp\/v2\/product_brand?post=94631"},{"taxonomy":"product_cat","embeddable":true,"href":"https:\/\/one-horizon.ch\/fr\/wp-json\/wp\/v2\/product_cat?post=94631"},{"taxonomy":"product_tag","embeddable":true,"href":"https:\/\/one-horizon.ch\/fr\/wp-json\/wp\/v2\/product_tag?post=94631"}],"curies":[{"name":"wp","href":"https:\/\/api.w.org\/{rel}","templated":true}]}}