{"id":94633,"date":"2024-02-08T22:48:11","date_gmt":"2024-02-08T21:48:11","guid":{"rendered":"https:\/\/one-horizon.ch\/product\/porte-cles-loop\/"},"modified":"2026-04-07T23:17:27","modified_gmt":"2026-04-07T21:17:27","slug":"loop-keychain","status":"publish","type":"product","link":"https:\/\/one-horizon.ch\/fr\/product\/loop-keychain\/","title":{"rendered":"Porte-cl\u00e9s Loop"},"content":{"rendered":"<ul>\n<li>Gr\u00e2ce \u00e0 la boucle en cuir, vous pouvez porter vos cl\u00e9s confortablement sur le Loop Keychain.<\/li>\n<li>Plus d&#8217;ongles cass\u00e9s. Le porte-cl\u00e9s \u00e0 fermeture rapide vous permet d&#8217;ajouter ou d&#8217;enlever facilement vos cl\u00e9s.<\/li>\n<li>Fabriqu\u00e9 en cuir de haute qualit\u00e9 certifi\u00e9 LWG et en acier inoxydable durable.<\/li>\n<\/ul>\n<p>Vous souhaitez transporter facilement vos cl\u00e9s et autres objets du quotidien sans faire de compromis sur votre style ? Ce porte-cl\u00e9s haut de gamme est fabriqu\u00e9 en cuir certifi\u00e9 LWG et en acier inoxydable poli avec un \u00e9l\u00e9gant bord miroir. Dot\u00e9 de fonctions astucieuses, dont un syst\u00e8me de verrouillage rapide (Quick Snap Lock) en instance de brevet, il permet un acc\u00e8s encore plus pratique \u00e0 vos cl\u00e9s et autres objets du quotidien.<\/p>\n<p><strong>Valorisez votre quotidien<\/strong><\/p>\n<p>Avec une boucle \u00e9l\u00e9gante en cuir nappa de qualit\u00e9 sup\u00e9rieure, rev\u00eatu de mani\u00e8re responsable, et un \u00e9l\u00e9gant porte-cl\u00e9s en acier inoxydable poli, notre porte-cl\u00e9s Loop est le moyen id\u00e9al d&#8217;ajouter une touche d&#8217;\u00e9l\u00e9gance \u00e0 votre quotidien.<\/p>\n<p><strong>Le bout de vos doigts vous en remerciera<\/strong><\/p>\n<p>Dites adieu aux porte-cl\u00e9s frustrants qui vous coincent les doigts et vous cassent les ongles. Gr\u00e2ce \u00e0 notre syst\u00e8me Quick Snap Lock (brevet en cours), le changement de vos cl\u00e9s est pratique et s\u00fbr. Il suffit de tirer et de tourner la fermeture rapide pour attacher ou d\u00e9tacher vos cl\u00e9s. C&#8217;est aussi simple que \u00e7a !<\/p>\n<p><strong>Construit pour durer<\/strong><\/p>\n<p>Lorsqu&#8217;il s&#8217;agit des objets que vous portez sur vous tous les jours, la durabilit\u00e9 n&#8217;est pas n\u00e9gociable. Du cuir luxueux \u00e0 l&#8217;acier inoxydable fin mais robuste, le porte-cl\u00e9s Loop est aussi solide que styl\u00e9.<\/p>\n<p><strong>De magnifiques d\u00e9tails<\/strong><\/p>\n<p>Le porte-cl\u00e9s Loop dispose d&#8217;une surface moul\u00e9e aux bords en miroir pour un look lisse et moderne que vous aurez plaisir \u00e0 sortir de votre poche.<\/p>\n","protected":false},"excerpt":{"rendered":"<p>Porte-cl\u00e9s en boucle \u00e9l\u00e9gant pour un transport confortable des cl\u00e9s. Avec syst\u00e8me Quick Snap Lock. Cuir de haute qualit\u00e9 certifi\u00e9 LWG et acier inoxydable durable. Donnez de l&#8217;\u00e9l\u00e9gance \u00e0 votre quotidien. Acc\u00e8s confortable gr\u00e2ce \u00e0 un syst\u00e8me brevet\u00e9. Construction robuste pour une utilisation quotidienne.<\/p>\n","protected":false},"featured_media":69449,"comment_status":"open","ping_status":"closed","template":"","meta":{"_acf_changed":false},"product_brand":[3032],"product_cat":[1310],"product_tag":[3292,3295],"class_list":{"0":"post-94633","1":"product","2":"type-product","3":"status-publish","4":"has-post-thumbnail","6":"product_brand-orbitkey","7":"product_cat-accessoires-fr-2","8":"product_tag-pour-lui","9":"product_tag-pour-vous","10":"product_shipping_class-colis-jusqua-2-kg","11":"pa_farbe-caramel-fr","12":"pa_farbe-cotton-candy-fr","13":"pa_farbe-noir","14":"pa_farbe-orange-fr","16":"first","17":"instock","18":"taxable","19":"shipping-taxable","20":"purchasable","21":"product-type-variable","22":"has-default-attributes"},"acf":[],"_links":{"self":[{"href":"https:\/\/one-horizon.ch\/fr\/wp-json\/wp\/v2\/product\/94633","targetHints":{"allow":["GET"]}}],"collection":[{"href":"https:\/\/one-horizon.ch\/fr\/wp-json\/wp\/v2\/product"}],"about":[{"href":"https:\/\/one-horizon.ch\/fr\/wp-json\/wp\/v2\/types\/product"}],"replies":[{"embeddable":true,"href":"https:\/\/one-horizon.ch\/fr\/wp-json\/wp\/v2\/comments?post=94633"}],"wp:featuredmedia":[{"embeddable":true,"href":"https:\/\/one-horizon.ch\/fr\/wp-json\/wp\/v2\/media\/69449"}],"wp:attachment":[{"href":"https:\/\/one-horizon.ch\/fr\/wp-json\/wp\/v2\/media?parent=94633"}],"wp:term":[{"taxonomy":"product_brand","embeddable":true,"href":"https:\/\/one-horizon.ch\/fr\/wp-json\/wp\/v2\/product_brand?post=94633"},{"taxonomy":"product_cat","embeddable":true,"href":"https:\/\/one-horizon.ch\/fr\/wp-json\/wp\/v2\/product_cat?post=94633"},{"taxonomy":"product_tag","embeddable":true,"href":"https:\/\/one-horizon.ch\/fr\/wp-json\/wp\/v2\/product_tag?post=94633"}],"curies":[{"name":"wp","href":"https:\/\/api.w.org\/{rel}","templated":true}]}}