{"id":94671,"date":"2024-02-08T22:48:13","date_gmt":"2024-02-08T21:48:13","guid":{"rendered":"https:\/\/one-horizon.ch\/product\/agroove\/"},"modified":"2026-04-07T23:17:31","modified_gmt":"2026-04-07T21:17:31","slug":"kreafunk-agroove-plus","status":"publish","type":"product","link":"https:\/\/one-horizon.ch\/fr\/product\/kreafunk-agroove-plus\/","title":{"rendered":"aGroove+"},"content":{"rendered":"<p>Attendez-vous \u00e0 une clart\u00e9 et une profondeur incroyables qui rempliront n&#8217;importe quelle pi\u00e8ce avec le Kreafunk aGROOVE Plus. La fa\u00e7ade en tissu est un textile recycl\u00e9 doux, compos\u00e9 \u00e0 98 % de bouteilles en plastique Gabriel, ce qui donne \u00e0 l&#8217;enceinte un aspect beau et distinctif.<\/p>\n<p>Gr\u00e2ce \u00e0 la poign\u00e9e int\u00e9gr\u00e9e, vous pouvez facilement transporter le haut-parleur sur votre terrasse, \u00e0 la plage ou lors d&#8217;un pique-nique. Vous pouvez m\u00eame l&#8217;emmener dans votre salle de bain, car il est prot\u00e9g\u00e9 contre les projections d&#8217;eau (classe de protection IPX5). Am\u00e9liorez l&#8217;exp\u00e9rience en couplant deux enceintes aGROOVE pour obtenir un son st\u00e9r\u00e9o &#8211; et vous aurez l&#8217;impression d&#8217;\u00eatre au premier rang de votre concert pr\u00e9f\u00e9r\u00e9. Alors attrape ton haut-parleur Kreafunk aGROOVE Plus et profite d&#8217;une exp\u00e9rience musicale spectaculaire.<\/p>\n","protected":false},"excerpt":{"rendered":"<p>Clart\u00e9 et profondeur incroyables, fa\u00e7ade en tissu \u00e0 98% recycl\u00e9, poign\u00e9e int\u00e9gr\u00e9e, r\u00e9sistant aux \u00e9claboussures (IPX5), peut \u00eatre coupl\u00e9 pour une lecture st\u00e9r\u00e9o. Des exp\u00e9riences musicales spectaculaires.<\/p>\n","protected":false},"featured_media":100502,"comment_status":"open","ping_status":"closed","template":"","meta":{"_acf_changed":false},"product_brand":[3016],"product_cat":[1023],"product_tag":[3292,3295],"class_list":{"0":"post-94671","1":"product","2":"type-product","3":"status-publish","4":"has-post-thumbnail","6":"product_brand-kreafunk","7":"product_cat-haut-parleur","8":"product_tag-pour-lui","9":"product_tag-pour-vous","10":"product_shipping_class-colis-jusqua-2-kg","11":"pa_farbe-bleu","12":"pa_farbe-noir","13":"pa_farbe-sable-divoire","14":"pa_farbe-vert-poussiereux","15":"pa_farbe-vieux-rose","17":"first","18":"onbackorder","19":"taxable","20":"shipping-taxable","21":"purchasable","22":"product-type-variable","23":"has-default-attributes"},"acf":[],"_links":{"self":[{"href":"https:\/\/one-horizon.ch\/fr\/wp-json\/wp\/v2\/product\/94671","targetHints":{"allow":["GET"]}}],"collection":[{"href":"https:\/\/one-horizon.ch\/fr\/wp-json\/wp\/v2\/product"}],"about":[{"href":"https:\/\/one-horizon.ch\/fr\/wp-json\/wp\/v2\/types\/product"}],"replies":[{"embeddable":true,"href":"https:\/\/one-horizon.ch\/fr\/wp-json\/wp\/v2\/comments?post=94671"}],"wp:featuredmedia":[{"embeddable":true,"href":"https:\/\/one-horizon.ch\/fr\/wp-json\/wp\/v2\/media\/100502"}],"wp:attachment":[{"href":"https:\/\/one-horizon.ch\/fr\/wp-json\/wp\/v2\/media?parent=94671"}],"wp:term":[{"taxonomy":"product_brand","embeddable":true,"href":"https:\/\/one-horizon.ch\/fr\/wp-json\/wp\/v2\/product_brand?post=94671"},{"taxonomy":"product_cat","embeddable":true,"href":"https:\/\/one-horizon.ch\/fr\/wp-json\/wp\/v2\/product_cat?post=94671"},{"taxonomy":"product_tag","embeddable":true,"href":"https:\/\/one-horizon.ch\/fr\/wp-json\/wp\/v2\/product_tag?post=94671"}],"curies":[{"name":"wp","href":"https:\/\/api.w.org\/{rel}","templated":true}]}}