{"id":94681,"date":"2024-02-08T22:48:31","date_gmt":"2024-02-08T21:48:31","guid":{"rendered":"https:\/\/one-horizon.ch\/product\/pointe-aeon-eternal\/"},"modified":"2026-04-01T17:55:25","modified_gmt":"2026-04-01T15:55:25","slug":"pointe-aeon-eternal","status":"publish","type":"product","link":"https:\/\/one-horizon.ch\/fr\/product\/pointe-aeon-eternal\/","title":{"rendered":"Pointe AEON Eternal"},"content":{"rendered":"<p>Cette pointe d&#8217;\u00e9criture robuste en m\u00e9tal est exceptionnelle. Gr\u00e2ce \u00e0 son alliage naturel et non toxique Eternal, il produit des marques semblables \u00e0 celles d&#8217;un crayon, qui adh\u00e8rent bien m\u00eame sur les surfaces rugueuses.<\/p>\n<p>La pointe stilform Eternal se caract\u00e9rise par sa longue dur\u00e9e de vie et peut m\u00eame \u00eatre utilis\u00e9e pendant des ann\u00e9es.<\/p>\n<p>D\u00e9couvrez une dentelle qui tient ses promesses.<\/p>\n","protected":false},"excerpt":{"rendered":"<p>La pointe d&#8217;\u00e9criture m\u00e9tallique robuste et naturelle produit des marques semblables \u00e0 celles d&#8217;un crayon, qui adh\u00e8rent bien aux surfaces rugueuses. Longue dur\u00e9e de vie, peut \u00eatre utilis\u00e9 pendant des ann\u00e9es.<\/p>\n","protected":false},"featured_media":72039,"comment_status":"open","ping_status":"closed","template":"","meta":{"_acf_changed":false},"product_brand":[3044],"product_cat":[1279],"product_tag":[],"class_list":{"0":"post-94681","1":"product","2":"type-product","3":"status-publish","4":"has-post-thumbnail","6":"product_brand-stilform","7":"product_cat-stylos","8":"product_shipping_class-petit-envoi","10":"first","11":"instock","12":"taxable","13":"shipping-taxable","14":"purchasable","15":"product-type-simple"},"acf":[],"_links":{"self":[{"href":"https:\/\/one-horizon.ch\/fr\/wp-json\/wp\/v2\/product\/94681","targetHints":{"allow":["GET"]}}],"collection":[{"href":"https:\/\/one-horizon.ch\/fr\/wp-json\/wp\/v2\/product"}],"about":[{"href":"https:\/\/one-horizon.ch\/fr\/wp-json\/wp\/v2\/types\/product"}],"replies":[{"embeddable":true,"href":"https:\/\/one-horizon.ch\/fr\/wp-json\/wp\/v2\/comments?post=94681"}],"wp:featuredmedia":[{"embeddable":true,"href":"https:\/\/one-horizon.ch\/fr\/wp-json\/wp\/v2\/media\/72039"}],"wp:attachment":[{"href":"https:\/\/one-horizon.ch\/fr\/wp-json\/wp\/v2\/media?parent=94681"}],"wp:term":[{"taxonomy":"product_brand","embeddable":true,"href":"https:\/\/one-horizon.ch\/fr\/wp-json\/wp\/v2\/product_brand?post=94681"},{"taxonomy":"product_cat","embeddable":true,"href":"https:\/\/one-horizon.ch\/fr\/wp-json\/wp\/v2\/product_cat?post=94681"},{"taxonomy":"product_tag","embeddable":true,"href":"https:\/\/one-horizon.ch\/fr\/wp-json\/wp\/v2\/product_tag?post=94681"}],"curies":[{"name":"wp","href":"https:\/\/api.w.org\/{rel}","templated":true}]}}