{"id":94683,"date":"2024-02-08T22:48:34","date_gmt":"2024-02-08T21:48:34","guid":{"rendered":"https:\/\/one-horizon.ch\/product\/bougie-en-beton-verveine-feuille-de-figuier\/"},"modified":"2026-04-01T18:08:26","modified_gmt":"2026-04-01T16:08:26","slug":"bougie-en-beton-verveine-feuille-de-figuier","status":"publish","type":"product","link":"https:\/\/one-horizon.ch\/fr\/product\/bougie-en-beton-verveine-feuille-de-figuier\/","title":{"rendered":"Bougie en b\u00e9ton verveine &amp; feuille de figuier"},"content":{"rendered":"<p>Ce parfum a des notes tropicales m\u00e9lang\u00e9es de verveine et de figue qui apportent le meilleur de l&#8217;\u00e9t\u00e9 dans les int\u00e9rieurs, quelle que soit la saison. Ce parfum lumineux et rafra\u00eechissant ravive vos sens avec des notes fruit\u00e9es revitalisantes et exaltantes. Une fois que vous avez br\u00fbl\u00e9 la bougie, le r\u00e9cipient en b\u00e9ton peut \u00eatre utilis\u00e9 comme pot \u00e0 plantes ou comme porte-plume.<\/p>\n<p>Dur\u00e9e de combustion d&#8217;environ 50 heures<\/p>\n<p>Ingr\u00e9dients : 95% cire de soja, 5% huile parfum\u00e9e<\/p>\n<p>Dimensions : hauteur 10,5 cm x largeur 9 cm x longueur 9 cm<\/p>\n<p><em>Ne laissez jamais des bougies allum\u00e9es sans surveillance !<\/em><\/p>\n","protected":false},"excerpt":{"rendered":"<p>Ce parfum a des notes tropicales m\u00e9lang\u00e9es de verveine et de figue qui apportent le meilleur de l&#8217;\u00e9t\u00e9 dans les int\u00e9rieurs, quelle que soit la saison. Ce parfum lumineux et rafra\u00eechissant ravive vos sens avec des notes fruit\u00e9es revitalisantes et exaltantes. Une fois que vous avez br\u00fbl\u00e9 la bougie, le r\u00e9cipient en b\u00e9ton peut \u00eatre [&hellip;]<\/p>\n","protected":false},"featured_media":99794,"comment_status":"open","ping_status":"closed","template":"","meta":{"_acf_changed":false},"product_brand":[3118],"product_cat":[989],"product_tag":[],"class_list":{"0":"post-94683","1":"product","2":"type-product","3":"status-publish","4":"has-post-thumbnail","6":"product_brand-chickidee-homeware-ltd","7":"product_cat-bougies","8":"product_shipping_class-colis-jusqua-2-kg","10":"first","11":"outofstock","12":"taxable","13":"shipping-taxable","14":"purchasable","15":"product-type-simple"},"acf":[],"_links":{"self":[{"href":"https:\/\/one-horizon.ch\/fr\/wp-json\/wp\/v2\/product\/94683","targetHints":{"allow":["GET"]}}],"collection":[{"href":"https:\/\/one-horizon.ch\/fr\/wp-json\/wp\/v2\/product"}],"about":[{"href":"https:\/\/one-horizon.ch\/fr\/wp-json\/wp\/v2\/types\/product"}],"replies":[{"embeddable":true,"href":"https:\/\/one-horizon.ch\/fr\/wp-json\/wp\/v2\/comments?post=94683"}],"wp:featuredmedia":[{"embeddable":true,"href":"https:\/\/one-horizon.ch\/fr\/wp-json\/wp\/v2\/media\/99794"}],"wp:attachment":[{"href":"https:\/\/one-horizon.ch\/fr\/wp-json\/wp\/v2\/media?parent=94683"}],"wp:term":[{"taxonomy":"product_brand","embeddable":true,"href":"https:\/\/one-horizon.ch\/fr\/wp-json\/wp\/v2\/product_brand?post=94683"},{"taxonomy":"product_cat","embeddable":true,"href":"https:\/\/one-horizon.ch\/fr\/wp-json\/wp\/v2\/product_cat?post=94683"},{"taxonomy":"product_tag","embeddable":true,"href":"https:\/\/one-horizon.ch\/fr\/wp-json\/wp\/v2\/product_tag?post=94683"}],"curies":[{"name":"wp","href":"https:\/\/api.w.org\/{rel}","templated":true}]}}