{"id":94687,"date":"2024-02-08T22:48:51","date_gmt":"2024-02-08T21:48:51","guid":{"rendered":"https:\/\/one-horizon.ch\/product\/beton-diffuseur-poire-electrique-figue\/"},"modified":"2026-04-05T17:59:51","modified_gmt":"2026-04-05T15:59:51","slug":"diffuseur-en-beton-poire-electrique-figue","status":"publish","type":"product","link":"https:\/\/one-horizon.ch\/fr\/product\/diffuseur-en-beton-poire-electrique-figue\/","title":{"rendered":"B\u00e9ton Diffuseur Poire \u00e9lectrique Figue"},"content":{"rendered":"<p>Notre diffuseur \u00e9lectrique de poires et de figues est fabriqu\u00e9 \u00e0 partir de substances v\u00e9g\u00e9tales naturelles et d&#8217;huile parfum\u00e9e. Ce diffuseur enrichira merveilleusement votre espace de vie jusqu&#8217;\u00e0 6 mois gr\u00e2ce \u00e0 un m\u00e9lange \u00e9quilibr\u00e9 de feuilles de poirier et de figuier. Ce d\u00e9licieux parfum nous encourage \u00e0 prendre un temps d&#8217;arr\u00eat pour nous concentrer sur la pleine conscience.<\/p>\n<ul>\n<li>110 ml (jusqu&#8217;\u00e0 6 mois)<\/li>\n<li>Ingr\u00e9dients : 85% de solvant botanique naturel, 15% d&#8217;huile parfum\u00e9e<\/li>\n<li>Dimensions : H 25 cm x diam\u00e8tre 7,5 cm<\/li>\n<\/ul>\n","protected":false},"excerpt":{"rendered":"<p>Substances v\u00e9g\u00e9tales naturelles et huile parfum\u00e9e. Parfum jusqu&#8217;\u00e0 6 mois. M\u00e9lange \u00e9quilibr\u00e9 pour la pleine conscience. 110 ml, H25 cm x diam\u00e8tre 7,5 cm.<\/p>\n","protected":false},"featured_media":100314,"comment_status":"open","ping_status":"closed","template":"","meta":{"_acf_changed":false},"product_brand":[3118],"product_cat":[1325],"product_tag":[],"class_list":{"0":"post-94687","1":"product","2":"type-product","3":"status-publish","4":"has-post-thumbnail","6":"product_brand-chickidee-homeware-ltd","7":"product_cat-diffuseurs-sprays-dambiance","8":"product_shipping_class-colis-jusqua-2-kg","10":"first","11":"outofstock","12":"taxable","13":"shipping-taxable","14":"purchasable","15":"product-type-simple"},"acf":[],"_links":{"self":[{"href":"https:\/\/one-horizon.ch\/fr\/wp-json\/wp\/v2\/product\/94687","targetHints":{"allow":["GET"]}}],"collection":[{"href":"https:\/\/one-horizon.ch\/fr\/wp-json\/wp\/v2\/product"}],"about":[{"href":"https:\/\/one-horizon.ch\/fr\/wp-json\/wp\/v2\/types\/product"}],"replies":[{"embeddable":true,"href":"https:\/\/one-horizon.ch\/fr\/wp-json\/wp\/v2\/comments?post=94687"}],"wp:featuredmedia":[{"embeddable":true,"href":"https:\/\/one-horizon.ch\/fr\/wp-json\/wp\/v2\/media\/100314"}],"wp:attachment":[{"href":"https:\/\/one-horizon.ch\/fr\/wp-json\/wp\/v2\/media?parent=94687"}],"wp:term":[{"taxonomy":"product_brand","embeddable":true,"href":"https:\/\/one-horizon.ch\/fr\/wp-json\/wp\/v2\/product_brand?post=94687"},{"taxonomy":"product_cat","embeddable":true,"href":"https:\/\/one-horizon.ch\/fr\/wp-json\/wp\/v2\/product_cat?post=94687"},{"taxonomy":"product_tag","embeddable":true,"href":"https:\/\/one-horizon.ch\/fr\/wp-json\/wp\/v2\/product_tag?post=94687"}],"curies":[{"name":"wp","href":"https:\/\/api.w.org\/{rel}","templated":true}]}}