{"id":94690,"date":"2024-02-08T22:48:53","date_gmt":"2024-02-08T21:48:53","guid":{"rendered":"https:\/\/one-horizon.ch\/product\/match-striker\/"},"modified":"2026-03-30T00:01:26","modified_gmt":"2026-03-29T22:01:26","slug":"match-striker","status":"publish","type":"product","link":"https:\/\/one-horizon.ch\/fr\/product\/match-striker\/","title":{"rendered":"Match Striker"},"content":{"rendered":"<p>Le Match Striker est un r\u00e9cipient simple qui permet de stocker une poign\u00e9e d&#8217;allumettes pouvant \u00eatre enflamm\u00e9es sur n&#8217;importe quelle surface. Les allumettes usag\u00e9es peuvent \u00eatre refroidies sur le plateau. Les r\u00e9sidus s&#8217;enl\u00e8vent facilement avec un soup\u00e7on d&#8217;huile d&#8217;olive.<\/p>\n<p>Attention : pour l&#8217;utiliser, il faut des allumettes qui peuvent \u00eatre allum\u00e9es n&#8217;importe o\u00f9. Nous recommandons les allumettes<a href=\"https:\/\/one-horizon.ch\/fr\/product\/cowboy-matches-allumettes\/\" target=\"_blank\" rel=\"noopener\">&#8220;Cowboy Matches<\/a>&#8220;.<\/p>\n<p>&nbsp;<\/p>\n<p><strong>Instructions d&#8217;entretien et d&#8217;utilisation<\/strong><br \/>\nLes marques de match s&#8217;effacent avec un chiffon doux et un soup\u00e7on d&#8217;huile d&#8217;olive.<\/p>\n","protected":false},"excerpt":{"rendered":"<p>R\u00e9cipient simple pour allumettes en fonte, inflammable sur toute surface, d\u00e9p\u00f4t pour allumettes usag\u00e9es, &#8220;Cowboy Matches&#8221; recommand\u00e9.<\/p>\n","protected":false},"featured_media":99782,"comment_status":"open","ping_status":"closed","template":"","meta":{"_acf_changed":false},"product_brand":[2986],"product_cat":[1297],"product_tag":[],"class_list":{"0":"post-94690","1":"product","2":"type-product","3":"status-publish","4":"has-post-thumbnail","6":"product_brand-areaware","7":"product_cat-accessoires-dinterieur","8":"product_shipping_class-colis-jusqua-2-kg","10":"first","11":"instock","12":"taxable","13":"shipping-taxable","14":"purchasable","15":"product-type-simple"},"acf":[],"_links":{"self":[{"href":"https:\/\/one-horizon.ch\/fr\/wp-json\/wp\/v2\/product\/94690","targetHints":{"allow":["GET"]}}],"collection":[{"href":"https:\/\/one-horizon.ch\/fr\/wp-json\/wp\/v2\/product"}],"about":[{"href":"https:\/\/one-horizon.ch\/fr\/wp-json\/wp\/v2\/types\/product"}],"replies":[{"embeddable":true,"href":"https:\/\/one-horizon.ch\/fr\/wp-json\/wp\/v2\/comments?post=94690"}],"wp:featuredmedia":[{"embeddable":true,"href":"https:\/\/one-horizon.ch\/fr\/wp-json\/wp\/v2\/media\/99782"}],"wp:attachment":[{"href":"https:\/\/one-horizon.ch\/fr\/wp-json\/wp\/v2\/media?parent=94690"}],"wp:term":[{"taxonomy":"product_brand","embeddable":true,"href":"https:\/\/one-horizon.ch\/fr\/wp-json\/wp\/v2\/product_brand?post=94690"},{"taxonomy":"product_cat","embeddable":true,"href":"https:\/\/one-horizon.ch\/fr\/wp-json\/wp\/v2\/product_cat?post=94690"},{"taxonomy":"product_tag","embeddable":true,"href":"https:\/\/one-horizon.ch\/fr\/wp-json\/wp\/v2\/product_tag?post=94690"}],"curies":[{"name":"wp","href":"https:\/\/api.w.org\/{rel}","templated":true}]}}