{"id":94716,"date":"2024-02-08T22:48:34","date_gmt":"2024-02-08T21:48:34","guid":{"rendered":"https:\/\/one-horizon.ch\/product\/lenis-7-1-blanc-junglegreen\/"},"modified":"2026-05-07T08:08:45","modified_gmt":"2026-05-07T06:08:45","slug":"lenis-7-1-white-junglegreen","status":"publish","type":"product","link":"https:\/\/one-horizon.ch\/fr\/product\/lenis-7-1-white-junglegreen\/","title":{"rendered":"Lenis 7.1 &#8211; blanc-junglegreen"},"content":{"rendered":"<p>Sac \u00e0 dos pour ordinateur portable Lenis 7.1 en polyester recycl\u00e9 RPET et b\u00e2che de bateau<\/p>\n<p><strong>Sac \u00e0 dos multifonctionnel : id\u00e9al pour le sport, les voyages et la vie quotidienne<\/strong><\/p>\n<p>D\u00e9couvre le sac \u00e0 dos polyvalent Lenis 7.1 &#8211; ton compagnon styl\u00e9 et pratique, qui offre un espace de rangement surprenant dans de nombreuses poches. Sa coupe caract\u00e9ristique \u00e0 45\u00b0 sur la t\u00eate en fait un v\u00e9ritable point fort du design de 7clouds.<\/p>\n<p>Lenis 7.1 combine habilement un design minimaliste et une coupe raffin\u00e9e, et fait ainsi une d\u00e9claration de mode.<\/p>\n<p><strong>Caract\u00e9ristiques<\/strong><\/p>\n<ul>\n<li>Taille : H41 x P11 x L31cm<\/li>\n<li>Litres : 14.0<\/li>\n<li>Poids : 1.0kg<\/li>\n<li>Classeur DIN A4 grand format (Cabin-Baggage)<\/li>\n<li>\u00e0 l&#8217;ext\u00e9rieur : Poche zipp\u00e9e \u00e0 l&#8217;avant<\/li>\n<li>Int\u00e9rieur : 2 poches<\/li>\n<li>compartiment pour ordinateur portable 15&#8243; rembourr\u00e9 (format vertical) et compartiment pour tablette 10,5&#8243; rembourr\u00e9<\/li>\n<li>Extras : 1 poign\u00e9e, bretelles flexibles gr\u00e2ce au syst\u00e8me d&#8217;anneaux en D<\/li>\n<\/ul>\n<p>D\u00e9couvre le sac \u00e0 dos Lenis 7.1 et fais l&#8217;exp\u00e9rience d&#8217;un compagnon parfait pour toutes les occasions.<\/p>\n","protected":false},"excerpt":{"rendered":"<p>Le Lenis 7.1 est un sac \u00e0 dos polyvalent fabriqu\u00e9 \u00e0 partir de mat\u00e9riaux recycl\u00e9s, d&#8217;une capacit\u00e9 de 14 litres et dot\u00e9 d&#8217;un compartiment rembourr\u00e9 pour ordinateur portable de 15 pouces. Design minimaliste &#8211; id\u00e9al pour le sport, les voyages et les trajets quotidiens entre le domicile et le travail. <\/p>\n","protected":false},"featured_media":69759,"comment_status":"open","ping_status":"closed","template":"","meta":{"_acf_changed":false},"product_brand":[2984],"product_cat":[867],"product_tag":[],"class_list":{"0":"post-94716","1":"product","2":"type-product","3":"status-publish","4":"has-post-thumbnail","6":"product_brand-7clouds","7":"product_cat-sacs-a-dos","8":"product_shipping_class-colis-jusqua-2-kg","10":"first","11":"outofstock","12":"taxable","13":"shipping-taxable","14":"purchasable","15":"product-type-simple"},"acf":[],"_links":{"self":[{"href":"https:\/\/one-horizon.ch\/fr\/wp-json\/wp\/v2\/product\/94716","targetHints":{"allow":["GET"]}}],"collection":[{"href":"https:\/\/one-horizon.ch\/fr\/wp-json\/wp\/v2\/product"}],"about":[{"href":"https:\/\/one-horizon.ch\/fr\/wp-json\/wp\/v2\/types\/product"}],"replies":[{"embeddable":true,"href":"https:\/\/one-horizon.ch\/fr\/wp-json\/wp\/v2\/comments?post=94716"}],"wp:featuredmedia":[{"embeddable":true,"href":"https:\/\/one-horizon.ch\/fr\/wp-json\/wp\/v2\/media\/69759"}],"wp:attachment":[{"href":"https:\/\/one-horizon.ch\/fr\/wp-json\/wp\/v2\/media?parent=94716"}],"wp:term":[{"taxonomy":"product_brand","embeddable":true,"href":"https:\/\/one-horizon.ch\/fr\/wp-json\/wp\/v2\/product_brand?post=94716"},{"taxonomy":"product_cat","embeddable":true,"href":"https:\/\/one-horizon.ch\/fr\/wp-json\/wp\/v2\/product_cat?post=94716"},{"taxonomy":"product_tag","embeddable":true,"href":"https:\/\/one-horizon.ch\/fr\/wp-json\/wp\/v2\/product_tag?post=94716"}],"curies":[{"name":"wp","href":"https:\/\/api.w.org\/{rel}","templated":true}]}}