{"id":94733,"date":"2024-02-08T22:48:50","date_gmt":"2024-02-08T21:48:50","guid":{"rendered":"https:\/\/one-horizon.ch\/product\/organisateur-de-cles-en-cuir\/"},"modified":"2026-04-07T23:16:35","modified_gmt":"2026-04-07T21:16:35","slug":"cuir-orbitkey","status":"publish","type":"product","link":"https:\/\/one-horizon.ch\/fr\/product\/cuir-orbitkey\/","title":{"rendered":"Organisateur de cl\u00e9s en cuir"},"content":{"rendered":"<p><strong>Styl\u00e9 mais fonctionnel<\/strong><\/p>\n<p>L&#8217;organiseur de cl\u00e9s en cuir est compos\u00e9 de pi\u00e8ces \u00e9l\u00e9gantes et luxueuses en cuir top-grain de haute qualit\u00e9 qui r\u00e9sisteront \u00e0 l&#8217;\u00e9preuve du temps.<\/p>\n<p>&nbsp;<\/p>\n<p><strong>Beau et durable<\/strong><\/p>\n<p>L\u00e9g\u00e8rement enduite d&#8217;une finition protectrice pour augmenter la durabilit\u00e9 sans compromettre l&#8217;aspect naturel et le caract\u00e8re du cuir.<\/p>\n<p>&nbsp;<\/p>\n<p><strong>\u00c9vitez les rayures sur vos objets<\/strong><\/p>\n<p>Transportez vos cl\u00e9s, vos cl\u00e9s de voiture et vos accessoires sans rayer votre t\u00e9l\u00e9phone ou d&#8217;autres objets.<\/p>\n<p>&nbsp;<\/p>\n<p><strong>Caract\u00e9ristiques<\/strong><\/p>\n<ul>\n<li>L&#8217;Orbitkey transforme vos cl\u00e9s en une pile ordonn\u00e9e et silencieuse.<\/li>\n<li>Fabriqu\u00e9 en cuir de haute qualit\u00e9.<\/li>\n<li>M\u00e9canisme de fermeture s\u00fbr et prim\u00e9.<\/li>\n<li>Portez 2 \u00e0 7 cl\u00e9s standard avec des cl\u00e9s de voiture et des pendentifs sur l&#8217;anneau en D.<\/li>\n<\/ul>\n","protected":false},"excerpt":{"rendered":"<p>\u00c9l\u00e9gant et fonctionnel : nos organiseurs de cl\u00e9s en cuir de haute qualit\u00e9 transforment vos cl\u00e9s en une pile silencieuse et ordonn\u00e9e. Avec un m\u00e9canisme de fermeture prim\u00e9 et de la place pour 2 \u00e0 7 cl\u00e9s standard ainsi que des cl\u00e9s de voiture et un pendentif sur l&#8217;anneau en D, ils sont durables et s\u00fbrs.<\/p>\n","protected":false},"featured_media":69863,"comment_status":"open","ping_status":"closed","template":"","meta":{"_acf_changed":false},"product_brand":[3032],"product_cat":[3276],"product_tag":[3292,3295],"class_list":{"0":"post-94733","1":"product","2":"type-product","3":"status-publish","4":"has-post-thumbnail","6":"product_brand-orbitkey","7":"product_cat-carry-essentials","8":"product_tag-pour-lui","9":"product_tag-pour-vous","10":"product_shipping_class-colis-jusqua-2-kg","11":"pa_farbe-anthracite-avec-coutures-grises","12":"pa_farbe-cognac-avec-coutures-marron-clair","13":"pa_farbe-espresso-avec-couture-brune","14":"pa_farbe-noir-avec-coutures-noires","15":"pa_farbe-nude-avec-coutures-nude","16":"pa_farbe-pierre-avec-coutures-grises","18":"first","19":"instock","20":"taxable","21":"shipping-taxable","22":"purchasable","23":"product-type-variable"},"acf":[],"_links":{"self":[{"href":"https:\/\/one-horizon.ch\/fr\/wp-json\/wp\/v2\/product\/94733","targetHints":{"allow":["GET"]}}],"collection":[{"href":"https:\/\/one-horizon.ch\/fr\/wp-json\/wp\/v2\/product"}],"about":[{"href":"https:\/\/one-horizon.ch\/fr\/wp-json\/wp\/v2\/types\/product"}],"replies":[{"embeddable":true,"href":"https:\/\/one-horizon.ch\/fr\/wp-json\/wp\/v2\/comments?post=94733"}],"wp:featuredmedia":[{"embeddable":true,"href":"https:\/\/one-horizon.ch\/fr\/wp-json\/wp\/v2\/media\/69863"}],"wp:attachment":[{"href":"https:\/\/one-horizon.ch\/fr\/wp-json\/wp\/v2\/media?parent=94733"}],"wp:term":[{"taxonomy":"product_brand","embeddable":true,"href":"https:\/\/one-horizon.ch\/fr\/wp-json\/wp\/v2\/product_brand?post=94733"},{"taxonomy":"product_cat","embeddable":true,"href":"https:\/\/one-horizon.ch\/fr\/wp-json\/wp\/v2\/product_cat?post=94733"},{"taxonomy":"product_tag","embeddable":true,"href":"https:\/\/one-horizon.ch\/fr\/wp-json\/wp\/v2\/product_tag?post=94733"}],"curies":[{"name":"wp","href":"https:\/\/api.w.org\/{rel}","templated":true}]}}