{"id":94734,"date":"2024-02-08T22:48:34","date_gmt":"2024-02-08T21:48:34","guid":{"rendered":"https:\/\/one-horizon.ch\/product\/amajor\/"},"modified":"2026-04-02T00:18:09","modified_gmt":"2026-04-01T22:18:09","slug":"kreafunk-amajor","status":"publish","type":"product","link":"https:\/\/one-horizon.ch\/fr\/product\/kreafunk-amajor\/","title":{"rendered":"aMajor"},"content":{"rendered":"<p>Avec le haut-parleur aMAJOR de Kreafunk, vous pouvez vous attendre \u00e0 des exp\u00e9riences sonores exceptionnelles. Ce haut-parleur Bluetooth joue dans une ligue \u00e0 part avec ses basses profondes et pr\u00e9cises qui remplissent chaque pi\u00e8ce. Il impressionne par son design circulaire, qui est \u00e9l\u00e9gant et offre les meilleures conditions au son. De plus, il est facile \u00e0 emporter avec soi. Saisissez-le par la lani\u00e8re en cuir, branchez rapidement votre musique et profitez jusqu&#8217;\u00e0 40 heures de musique illimit\u00e9e avec une seule charge. Am\u00e9liorez l&#8217;exp\u00e9rience en couplant deux haut-parleurs Kreafunk aMAJOR pour obtenir un rendu st\u00e9r\u00e9o &#8211; et ce sera comme si vous \u00e9tiez au premier rang de votre concert pr\u00e9f\u00e9r\u00e9. Son \u00e9tanch\u00e9it\u00e9 le rend parfait pour une utilisation dans la salle de bain, sur le balcon ou dans le jardin (classe de protection IPX5). Vous pouvez m\u00eame le recharger sans fil gr\u00e2ce \u00e0 nos chargeurs Qi &#8211; wiCHARGE et wiCHARGE go.<\/p>\n<p><strong>Caract\u00e9ristiques<\/strong><\/p>\n<ul>\n<li>Jusqu&#8217;\u00e0 40 heures de jeu<\/li>\n<li>Bluetooth 5.0<\/li>\n<li>Temps de charge : 6-7 heures (USB-C) \/ 14-15 heures (Qi)<\/li>\n<li>Amplificateur num\u00e9rique 2 x 15 W avec technologie de son avanc\u00e9e \u00e0 360<\/li>\n<li>Lecture st\u00e9r\u00e9o (TWS)<\/li>\n<li>Fonctionne avec l&#8217;assistant vocal<\/li>\n<li>R\u00e9sistant \u00e0 l&#8217;eau (IPX5)<\/li>\n<li>Prend en charge la charge sans fil Qi<\/li>\n<li>Dimensions : 16x12cm (Hx\u00d8)<\/li>\n<li>poids : 1124 g<\/li>\n<\/ul>\n","protected":false},"excerpt":{"rendered":"<p>Haut-parleur Bluetooth avec son \u00e0 360\u00b0 et basses profondes &#8211; 40 heures d&#8217;autonomie, \u00e9tanche IPX5, rechargeable Qi, st\u00e9r\u00e9o TWS avec un deuxi\u00e8me appareil. Compact avec sangle en cuir, id\u00e9al pour la maison et les d\u00e9placements. <\/p>\n","protected":false},"featured_media":100158,"comment_status":"open","ping_status":"closed","template":"","meta":{"_acf_changed":false},"product_brand":[3016],"product_cat":[1023],"product_tag":[],"class_list":{"0":"post-94734","1":"product","2":"type-product","3":"status-publish","4":"has-post-thumbnail","6":"product_brand-kreafunk","7":"product_cat-haut-parleur","8":"product_shipping_class-colis-jusqua-2-kg","10":"first","11":"outofstock","12":"taxable","13":"shipping-taxable","14":"purchasable","15":"product-type-simple"},"acf":[],"_links":{"self":[{"href":"https:\/\/one-horizon.ch\/fr\/wp-json\/wp\/v2\/product\/94734","targetHints":{"allow":["GET"]}}],"collection":[{"href":"https:\/\/one-horizon.ch\/fr\/wp-json\/wp\/v2\/product"}],"about":[{"href":"https:\/\/one-horizon.ch\/fr\/wp-json\/wp\/v2\/types\/product"}],"replies":[{"embeddable":true,"href":"https:\/\/one-horizon.ch\/fr\/wp-json\/wp\/v2\/comments?post=94734"}],"wp:featuredmedia":[{"embeddable":true,"href":"https:\/\/one-horizon.ch\/fr\/wp-json\/wp\/v2\/media\/100158"}],"wp:attachment":[{"href":"https:\/\/one-horizon.ch\/fr\/wp-json\/wp\/v2\/media?parent=94734"}],"wp:term":[{"taxonomy":"product_brand","embeddable":true,"href":"https:\/\/one-horizon.ch\/fr\/wp-json\/wp\/v2\/product_brand?post=94734"},{"taxonomy":"product_cat","embeddable":true,"href":"https:\/\/one-horizon.ch\/fr\/wp-json\/wp\/v2\/product_cat?post=94734"},{"taxonomy":"product_tag","embeddable":true,"href":"https:\/\/one-horizon.ch\/fr\/wp-json\/wp\/v2\/product_tag?post=94734"}],"curies":[{"name":"wp","href":"https:\/\/api.w.org\/{rel}","templated":true}]}}