{"id":94766,"date":"2024-02-08T22:48:52","date_gmt":"2024-02-08T21:48:52","guid":{"rendered":"https:\/\/one-horizon.ch\/product\/brus-gazeificateur-deau\/"},"modified":"2026-04-05T17:59:53","modified_gmt":"2026-04-05T15:59:53","slug":"brus-sponseur-deau","status":"publish","type":"product","link":"https:\/\/one-horizon.ch\/fr\/product\/brus-sponseur-deau\/","title":{"rendered":"Brus Gaz\u00e9ificateur d&#8217;eau"},"content":{"rendered":"<p>Avec l&#8217;appareil \u00e0 gaz\u00e9ifier Brus, vous \u00e9pargnez \u00e0 l&#8217;environnement de grandes quantit\u00e9s de plastique inutiles en produisant votre propre eau gazeuse ou votre propre limonade dans des bouteilles r\u00e9utilisables. Le design de cet appareil \u00e0 gaz\u00e9ifier l&#8217;eau est si \u00e9l\u00e9gant qu&#8217;il fait bonne figure m\u00eame s&#8217;il est visible sur le plan de travail de la cuisine. Son designer, S\u00f8ren Refsgaard, est connu pour ses designs clairs et fonctionnels, dans lesquels tout le superflu est supprim\u00e9. Brus en est un exemple particuli\u00e8rement parlant. Le design reprend les formes cylindriques classiques pour les designs de Steltons. La forme cylindrique se manifeste en premier lieu dans le r\u00e9servoir ultra-plat pour la cartouche de gaz carbonique et se retrouve dans le bouton de gaz\u00e9ification. Celui-ci se tourne intuitivement dans le sens des aiguilles d&#8217;une montre pour ajuster la quantit\u00e9 de gaz carbonique et dans le sens inverse des aiguilles d&#8217;une montre lorsque la bouteille doit \u00eatre s\u00e9par\u00e9e de l&#8217;appareil. Avec l&#8217;appareil \u00e0 gaz\u00e9ifier Brus, vous recevez une bouteille Brus.<\/p>\n<ul>\n<li>Pr\u00e9servez l&#8217;environnement en \u00e9vitant les bouteilles en plastique et les canettes<\/li>\n<li>Produisez vous-m\u00eame de l&#8217;eau et de la limonade gazeuse \u00e0 la maison<\/li>\n<li>Adaptez la teneur en gaz carbonique \u00e0 votre go\u00fbt<\/li>\n<li>Un design danois \u00e9l\u00e9gant<\/li>\n<\/ul>\n","protected":false},"excerpt":{"rendered":"<p>Brus Appareil \u00e0 gaz\u00e9ifier l&#8217;eau pour faire de l&#8217;eau gazeuse et de la limonade maison dans des bouteilles r\u00e9utilisables. Pr\u00e9serve l&#8217;environnement, design danois \u00e9l\u00e9gant, taux de gaz\u00e9ification r\u00e9glable. Contient une bouteille de Brus.<\/p>\n","protected":false},"featured_media":100496,"comment_status":"open","ping_status":"closed","template":"","meta":{"_acf_changed":false},"product_brand":[3041],"product_cat":[1392],"product_tag":[],"class_list":{"0":"post-94766","1":"product","2":"type-product","3":"status-publish","4":"has-post-thumbnail","6":"product_brand-stelton","7":"product_cat-cuisine","8":"product_shipping_class-colis-jusqua-2-kg","10":"first","11":"onbackorder","12":"taxable","13":"shipping-taxable","14":"purchasable","15":"product-type-simple"},"acf":[],"_links":{"self":[{"href":"https:\/\/one-horizon.ch\/fr\/wp-json\/wp\/v2\/product\/94766","targetHints":{"allow":["GET"]}}],"collection":[{"href":"https:\/\/one-horizon.ch\/fr\/wp-json\/wp\/v2\/product"}],"about":[{"href":"https:\/\/one-horizon.ch\/fr\/wp-json\/wp\/v2\/types\/product"}],"replies":[{"embeddable":true,"href":"https:\/\/one-horizon.ch\/fr\/wp-json\/wp\/v2\/comments?post=94766"}],"wp:featuredmedia":[{"embeddable":true,"href":"https:\/\/one-horizon.ch\/fr\/wp-json\/wp\/v2\/media\/100496"}],"wp:attachment":[{"href":"https:\/\/one-horizon.ch\/fr\/wp-json\/wp\/v2\/media?parent=94766"}],"wp:term":[{"taxonomy":"product_brand","embeddable":true,"href":"https:\/\/one-horizon.ch\/fr\/wp-json\/wp\/v2\/product_brand?post=94766"},{"taxonomy":"product_cat","embeddable":true,"href":"https:\/\/one-horizon.ch\/fr\/wp-json\/wp\/v2\/product_cat?post=94766"},{"taxonomy":"product_tag","embeddable":true,"href":"https:\/\/one-horizon.ch\/fr\/wp-json\/wp\/v2\/product_tag?post=94766"}],"curies":[{"name":"wp","href":"https:\/\/api.w.org\/{rel}","templated":true}]}}