{"id":94774,"date":"2024-02-08T22:48:53","date_gmt":"2024-02-08T21:48:53","guid":{"rendered":"https:\/\/one-horizon.ch\/product\/hajo-pro-backpack-gris-fonce\/"},"modified":"2026-04-28T23:29:50","modified_gmt":"2026-04-28T21:29:50","slug":"hajo-pro-backpack-gris-fonce","status":"publish","type":"product","link":"https:\/\/one-horizon.ch\/fr\/product\/hajo-pro-backpack-gris-fonce\/","title":{"rendered":"Hajo Pro Backpack &#8211; Gris fonc\u00e9"},"content":{"rendered":"<p>Couleur : Gris fonc\u00e9 (Lotus Series)<\/p>\n<p>Des compartiments faciles d&#8217;acc\u00e8s permettent d&#8217;avoir toujours \u00e0 port\u00e9e de main les objets importants du quotidien. Le Hajo Pro est le produit haut de gamme pour le travail quotidien et les voyages de courte dur\u00e9e.<\/p>\n<p>En bouteilles PET recycl\u00e9es<\/p>\n<p><strong>Caract\u00e9ristiques<\/strong><\/p>\n<ul>\n<li>La mousse EVA utilis\u00e9e dans sa totalit\u00e9 assure la stabilit\u00e9 de la forme, quelle que soit la quantit\u00e9 de remplissage.<\/li>\n<li>syst\u00e8me de fermeture magn\u00e9tique Roll-top sur le compartiment principal<\/li>\n<li>Acc\u00e8s rapide au compartiment principal gr\u00e2ce \u00e0 une fermeture \u00e9clair verticale<\/li>\n<li>Grande poche en mesh avec fermeture \u00e9clair \u00e0 l&#8217;int\u00e9rieur<\/li>\n<li>poche frontale avec fermeture \u00e9clair verticale<\/li>\n<li>Compartiment pour appareils et documents avec fermeture \u00e9clair \u00e0 double sens<\/li>\n<li>Compartiment pour ordinateur portable en n\u00e9opr\u00e8ne de haute qualit\u00e9 avec poche int\u00e9rieure en mesh<\/li>\n<li>Grande poche zipp\u00e9e avec deux poches en mesh \u00e0 l&#8217;int\u00e9rieur<\/li>\n<li>Porte-bouteilles et porte-cl\u00e9s suppl\u00e9mentaires \u00e0 l&#8217;int\u00e9rieur<\/li>\n<li>poche zipp\u00e9e \u00e0 l&#8217;arri\u00e8re pour le porte-monnaie ou le t\u00e9l\u00e9phone<\/li>\n<li>Poign\u00e9e rembourr\u00e9e avec de la mousse EVA de haute qualit\u00e9<\/li>\n<li>Dos renforc\u00e9 avec rembourrage pour plus de confort<\/li>\n<li>Les bretelles r\u00e9glables et rembourr\u00e9es avec de la mousse EVA de haute qualit\u00e9 garantissent un ajustement confortable<\/li>\n<li>La sangle de poitrine r\u00e9glable garantit un maintien s\u00fbr<\/li>\n<li>Compartiment inf\u00e9rieur rembourr\u00e9 pour le linge ou les chaussures<\/li>\n<li>Logo &#8216;Ucon Acrobatics&#8217; en relief sur le devant<\/li>\n<\/ul>\n","protected":false},"excerpt":{"rendered":"<p>Le sac \u00e0 dos Hajo Pro d&#8217;Ucon Acrobatics est fabriqu\u00e9 \u00e0 partir de bouteilles en PET recycl\u00e9es : Rolltop avec aimant, compartiment pour laptop en n\u00e9opr\u00e8ne, compartiment inf\u00e9rieur rembourr\u00e9 pour les chaussures et mousse EVA pour la stabilit\u00e9 dimensionnelle. Couleur : gris fonc\u00e9. <\/p>\n","protected":false},"featured_media":99945,"comment_status":"open","ping_status":"closed","template":"","meta":{"_acf_changed":false},"product_brand":[3047],"product_cat":[867],"product_tag":[3371],"class_list":{"0":"post-94774","1":"product","2":"type-product","3":"status-publish","4":"has-post-thumbnail","6":"product_brand-ucon-acrobatics","7":"product_cat-sacs-a-dos","8":"product_tag-recycle","9":"product_shipping_class-colis-jusqua-2-kg","11":"first","12":"outofstock","13":"taxable","14":"shipping-taxable","15":"purchasable","16":"product-type-simple"},"acf":[],"_links":{"self":[{"href":"https:\/\/one-horizon.ch\/fr\/wp-json\/wp\/v2\/product\/94774","targetHints":{"allow":["GET"]}}],"collection":[{"href":"https:\/\/one-horizon.ch\/fr\/wp-json\/wp\/v2\/product"}],"about":[{"href":"https:\/\/one-horizon.ch\/fr\/wp-json\/wp\/v2\/types\/product"}],"replies":[{"embeddable":true,"href":"https:\/\/one-horizon.ch\/fr\/wp-json\/wp\/v2\/comments?post=94774"}],"wp:featuredmedia":[{"embeddable":true,"href":"https:\/\/one-horizon.ch\/fr\/wp-json\/wp\/v2\/media\/99945"}],"wp:attachment":[{"href":"https:\/\/one-horizon.ch\/fr\/wp-json\/wp\/v2\/media?parent=94774"}],"wp:term":[{"taxonomy":"product_brand","embeddable":true,"href":"https:\/\/one-horizon.ch\/fr\/wp-json\/wp\/v2\/product_brand?post=94774"},{"taxonomy":"product_cat","embeddable":true,"href":"https:\/\/one-horizon.ch\/fr\/wp-json\/wp\/v2\/product_cat?post=94774"},{"taxonomy":"product_tag","embeddable":true,"href":"https:\/\/one-horizon.ch\/fr\/wp-json\/wp\/v2\/product_tag?post=94774"}],"curies":[{"name":"wp","href":"https:\/\/api.w.org\/{rel}","templated":true}]}}